{"id":2645,"date":"2010-07-14T00:00:00","date_gmt":"2010-07-14T03:00:00","guid":{"rendered":"http:\/\/ajupe.com.uy\/web\/?post_type=product&#038;p=2645"},"modified":"2011-08-24T19:25:46","modified_gmt":"2011-08-24T22:25:46","slug":"ardores-de-agosto","status":"publish","type":"product","link":"https:\/\/ajupe.com.uy\/web\/biblioteca\/ardores-de-agosto\/","title":{"rendered":"Ardores de agosto"},"content":{"rendered":"<div style=\"text-align: justify;\">Un calor asfixiante arrasa Sicilia como una llamarada; durante el d\u00eda el aire se vuelve irrespirable, las piedras queman y ni siquiera un ba\u00f1o en el mar ofrece algo m\u00e1s que alivio moment\u00e1neo. Con la ciudad sumida en un letargo incandescente, Salvo aguarda la llegada de Livia, que viene con unos amigos a pasar las vacaciones en una solitaria casita frente a la playa. Pero el id\u00edlico plan se tuerce cuando, oculto en los s\u00f3tanos de la casa, aparece un ba\u00fal con un cad\u00e1ver dentro. El macabro hallazgo desata los instintos investigadores del comisario, que muy pronto se ve envuelto en una mara\u00f1a criminal de m\u00faltiples facetas que involucra a pol\u00edticos, banqueros y empresarios, todos bajo la omnipresente tutela de la mafia. Y como si la can\u00edcula no fuera suficiente para causar estragos en el comportamiento de los personajes, la presencia casi m\u00e1gica de una bell\u00edsima veintea\u00f1era hace flaquear la proverbial lucidez del propio Montalbano, hasta el punto de tentarlo a dar ese paso trascendental que hab\u00eda evitado hasta el momento.<\/div>\n","protected":false},"excerpt":{"rendered":"<p>Un calor asfixiante arrasa Sicilia como una llamarada; durante el d\u00eda el aire se vuelve irrespirable, las piedras queman y ni siquiera un ba\u00f1o en el mar ofrece algo m\u00e1s que alivio moment\u00e1neo. Con la ciudad sumida en un letargo incandescente, Salvo aguarda<\/p>\n","protected":false},"featured_media":2646,"template":"","meta":[],"product_brand":[399],"product_cat":[29],"product_tag":[],"class_list":{"0":"post-2645","1":"product","2":"type-product","3":"status-publish","4":"has-post-thumbnail","6":"product_brand-andrea-camilleri","7":"product_cat-novela","9":"first","10":"instock","11":"purchasable","12":"product-type-simple"},"featured_image_urls_v2":{"full":["https:\/\/ajupe.com.uy\/web\/wp-content\/uploads\/2016\/04\/p-2645-7937.jpg",246,400,false],"thumbnail":["https:\/\/ajupe.com.uy\/web\/wp-content\/uploads\/2016\/04\/p-2645-7937.jpg",150,150,true],"medium":["https:\/\/ajupe.com.uy\/web\/wp-content\/uploads\/2016\/04\/p-2645-7937.jpg",300,214,true],"medium_large":["https:\/\/ajupe.com.uy\/web\/wp-content\/uploads\/2016\/04\/p-2645-7937.jpg",246,400,false],"large":["https:\/\/ajupe.com.uy\/web\/wp-content\/uploads\/2016\/04\/p-2645-7937.jpg",246,400,false],"1536x1536":["https:\/\/ajupe.com.uy\/web\/wp-content\/uploads\/2016\/04\/p-2645-7937.jpg",246,400,false],"2048x2048":["https:\/\/ajupe.com.uy\/web\/wp-content\/uploads\/2016\/04\/p-2645-7937.jpg",246,400,false],"woocommerce_archive_thumbnail":["https:\/\/ajupe.com.uy\/web\/wp-content\/uploads\/2016\/04\/p-2645-7937-246x300.jpg",246,300,true],"woocommerce_thumbnail":["https:\/\/ajupe.com.uy\/web\/wp-content\/uploads\/2016\/04\/p-2645-7937-246x300.jpg",246,300,true],"woocommerce_single":["https:\/\/ajupe.com.uy\/web\/wp-content\/uploads\/2016\/04\/p-2645-7937.jpg",246,400,false],"woocommerce_gallery_thumbnail":["https:\/\/ajupe.com.uy\/web\/wp-content\/uploads\/2016\/04\/p-2645-7937-100x100.jpg",100,100,true]},"post_excerpt_stackable_v2":"<p>Un calor asfixiante arrasa Sicilia como una llamarada; durante el d\u00eda el aire se vuelve irrespirable, las piedras queman y ni siquiera un ba\u00f1o en el mar ofrece algo m\u00e1s que alivio moment\u00e1neo. Con la ciudad sumida en un letargo incandescente, Salvo aguarda<\/p>\n","category_list_v2":"","author_info_v2":{"name":"","url":""},"comments_num_v2":"0 comentarios","_links":{"self":[{"href":"https:\/\/ajupe.com.uy\/web\/wp-json\/wp\/v2\/product\/2645","targetHints":{"allow":["GET"]}}],"collection":[{"href":"https:\/\/ajupe.com.uy\/web\/wp-json\/wp\/v2\/product"}],"about":[{"href":"https:\/\/ajupe.com.uy\/web\/wp-json\/wp\/v2\/types\/product"}],"wp:featuredmedia":[{"embeddable":true,"href":"https:\/\/ajupe.com.uy\/web\/wp-json\/wp\/v2\/media\/2646"}],"wp:attachment":[{"href":"https:\/\/ajupe.com.uy\/web\/wp-json\/wp\/v2\/media?parent=2645"}],"wp:term":[{"taxonomy":"product_brand","embeddable":true,"href":"https:\/\/ajupe.com.uy\/web\/wp-json\/wp\/v2\/product_brand?post=2645"},{"taxonomy":"product_cat","embeddable":true,"href":"https:\/\/ajupe.com.uy\/web\/wp-json\/wp\/v2\/product_cat?post=2645"},{"taxonomy":"product_tag","embeddable":true,"href":"https:\/\/ajupe.com.uy\/web\/wp-json\/wp\/v2\/product_tag?post=2645"}],"curies":[{"name":"wp","href":"https:\/\/api.w.org\/{rel}","templated":true}]}}