{"id":2647,"date":"2010-07-14T00:00:00","date_gmt":"2010-07-14T03:00:00","guid":{"rendered":"http:\/\/ajupe.com.uy\/web\/?post_type=product&#038;p=2647"},"modified":"2010-07-14T00:00:00","modified_gmt":"2010-07-14T03:00:00","slug":"las-alas-de-la-esfinge","status":"publish","type":"product","link":"https:\/\/ajupe.com.uy\/web\/biblioteca\/las-alas-de-la-esfinge\/","title":{"rendered":"Las Alas De La Esfinge"},"content":{"rendered":"<p>La nueva novela del comisario Montalbano. Despu\u00e9s de lo acaecido en Ardores de agosto, la relaci\u00f3n entre Montalbano y Livia ha dado un giro tan pronunciado que Salvo se encuentra sumido en un mar de dudas, presa de un profundo desasosiego que el paso del tiempo no parece sino agravar. En tal estado de \u00e1nimo se encuentra el comisario cuando una llamada de Catarella lo obliga a zambullirse en la investigaci\u00f3n de un crimen. Ha aparecido el cad\u00e1ver desnudo de una joven, y la \u00fanica pista sobre su identidad es un tatuaje en la espalda que representa una peque\u00f1a esfinge, una mariposa nocturna. Cuando la imagen se difunde por televisi\u00f3n, Montalbano y sus ayudantes ir\u00e1n tirando de un hilo que los conducir\u00e1 hasta La Buena Voluntad, una asociaci\u00f3n ben\u00e9fica respaldada por importantes personajes cuya aparente misi\u00f3n es redimir a chicas de la calle y guiarlas por el buen camino.<\/p>\n","protected":false},"excerpt":{"rendered":"<p>La nueva novela del comisario Montalbano. Despu\u00e9s de lo acaecido en Ardores de agosto, la relaci\u00f3n entre Montalbano y Livia ha dado un giro tan pronunciado que Salvo se encuentra sumido en un mar de dudas, presa de un profundo desasosiego que el paso del <\/p>\n","protected":false},"featured_media":2648,"template":"","meta":[],"product_brand":[399],"product_cat":[33],"product_tag":[],"class_list":{"0":"post-2647","1":"product","2":"type-product","3":"status-publish","4":"has-post-thumbnail","6":"product_brand-andrea-camilleri","7":"product_cat-cuentos","9":"first","10":"instock","11":"purchasable","12":"product-type-simple"},"featured_image_urls_v2":{"full":["https:\/\/ajupe.com.uy\/web\/wp-content\/uploads\/2016\/04\/p-2647-7938.jpg",276,443,false],"thumbnail":["https:\/\/ajupe.com.uy\/web\/wp-content\/uploads\/2016\/04\/p-2647-7938.jpg",150,150,true],"medium":["https:\/\/ajupe.com.uy\/web\/wp-content\/uploads\/2016\/04\/p-2647-7938.jpg",300,214,true],"medium_large":["https:\/\/ajupe.com.uy\/web\/wp-content\/uploads\/2016\/04\/p-2647-7938.jpg",276,443,false],"large":["https:\/\/ajupe.com.uy\/web\/wp-content\/uploads\/2016\/04\/p-2647-7938.jpg",276,443,false],"1536x1536":["https:\/\/ajupe.com.uy\/web\/wp-content\/uploads\/2016\/04\/p-2647-7938.jpg",276,443,false],"2048x2048":["https:\/\/ajupe.com.uy\/web\/wp-content\/uploads\/2016\/04\/p-2647-7938.jpg",276,443,false],"woocommerce_archive_thumbnail":["https:\/\/ajupe.com.uy\/web\/wp-content\/uploads\/2016\/04\/p-2647-7938-276x400.jpg",276,400,true],"woocommerce_thumbnail":["https:\/\/ajupe.com.uy\/web\/wp-content\/uploads\/2016\/04\/p-2647-7938-276x300.jpg",276,300,true],"woocommerce_single":["https:\/\/ajupe.com.uy\/web\/wp-content\/uploads\/2016\/04\/p-2647-7938.jpg",276,443,false],"woocommerce_gallery_thumbnail":["https:\/\/ajupe.com.uy\/web\/wp-content\/uploads\/2016\/04\/p-2647-7938-100x100.jpg",100,100,true]},"post_excerpt_stackable_v2":"<p>La nueva novela del comisario Montalbano. Despu\u00e9s de lo acaecido en Ardores de agosto, la relaci\u00f3n entre Montalbano y Livia ha dado un giro tan pronunciado que Salvo se encuentra sumido en un mar de dudas, presa de un profundo desasosiego que el paso del <\/p>\n","category_list_v2":"","author_info_v2":{"name":"","url":""},"comments_num_v2":"0 comentarios","_links":{"self":[{"href":"https:\/\/ajupe.com.uy\/web\/wp-json\/wp\/v2\/product\/2647","targetHints":{"allow":["GET"]}}],"collection":[{"href":"https:\/\/ajupe.com.uy\/web\/wp-json\/wp\/v2\/product"}],"about":[{"href":"https:\/\/ajupe.com.uy\/web\/wp-json\/wp\/v2\/types\/product"}],"wp:featuredmedia":[{"embeddable":true,"href":"https:\/\/ajupe.com.uy\/web\/wp-json\/wp\/v2\/media\/2648"}],"wp:attachment":[{"href":"https:\/\/ajupe.com.uy\/web\/wp-json\/wp\/v2\/media?parent=2647"}],"wp:term":[{"taxonomy":"product_brand","embeddable":true,"href":"https:\/\/ajupe.com.uy\/web\/wp-json\/wp\/v2\/product_brand?post=2647"},{"taxonomy":"product_cat","embeddable":true,"href":"https:\/\/ajupe.com.uy\/web\/wp-json\/wp\/v2\/product_cat?post=2647"},{"taxonomy":"product_tag","embeddable":true,"href":"https:\/\/ajupe.com.uy\/web\/wp-json\/wp\/v2\/product_tag?post=2647"}],"curies":[{"name":"wp","href":"https:\/\/api.w.org\/{rel}","templated":true}]}}