{"id":2649,"date":"2010-07-14T00:00:00","date_gmt":"2010-07-14T03:00:00","guid":{"rendered":"http:\/\/ajupe.com.uy\/web\/?post_type=product&#038;p=2649"},"modified":"2010-07-14T00:00:00","modified_gmt":"2010-07-14T03:00:00","slug":"dos-chichas-de-shanghai","status":"publish","type":"product","link":"https:\/\/ajupe.com.uy\/web\/biblioteca\/dos-chichas-de-shanghai\/","title":{"rendered":"Dos Chichas De Shanghai"},"content":{"rendered":"<p>Hacia el a\u00f1o 1937, Shanghai est\u00e1 considerada el Par\u00eds del continente asi\u00e1tico. En la sofisticada y opulenta ciudad, donde conviven mendigos, millonarios, g\u00e1ngsters, jugadores y artistas, la vida sonr\u00ede a las hermanas Pearl y May Chin, hijas de un acaudalado hombre de negocios. De temperamentos casi opuestos, las dos son hermosas y j\u00f3venes y, pese a haber sido criadas en el seno de una familia de valores tradicionales, viven con la sola preocupaci\u00f3n de asimilar lo que llega de Occidente. Visten a la \u00faltima moda y posan para los artistas publicitarios, que ven en el retrato de las hermanas la proyecci\u00f3n de los sue\u00f1os de prosperidad de todo un pa\u00eds. Pero cuando la fortuna familiar sufre un golpe irreversible, el futuro de Pearl y May se ti\u00f1e de precariedad e incertidumbre. Con los bombardeos japoneses a las puertas de la ciudad, las hermanas iniciar\u00e1n un largo viaje que las llevar\u00e1 a California, donde su estrecha relaci\u00f3n se pondr\u00e1 a prueba. Sin embargo, a pesar de los celos y la rivalidad, ambas luchar\u00e1n por permanecer unidas, a la vez que intentar\u00e1n hallar fuerzas para salir adelante en unas m\u00e1s que dif\u00edciles circunstancias.<\/p>\n","protected":false},"excerpt":{"rendered":"<p>Hacia el a\u00f1o 1937, Shanghai est\u00e1 considerada el Par\u00eds del continente asi\u00e1tico. En la sofisticada y opulenta ciudad, donde conviven mendigos, millonarios, g\u00e1ngsters, jugadores y artistas, la vida sonr\u00ede a las hermanas Pearl y May Chin, hijas de un acaudala<\/p>\n","protected":false},"featured_media":2650,"template":"","meta":[],"product_brand":[309],"product_cat":[31],"product_tag":[],"class_list":{"0":"post-2649","1":"product","2":"type-product","3":"status-publish","4":"has-post-thumbnail","6":"product_brand-lisa-see","7":"product_cat-historico","9":"first","10":"instock","11":"purchasable","12":"product-type-simple"},"featured_image_urls_v2":{"full":["https:\/\/ajupe.com.uy\/web\/wp-content\/uploads\/2016\/04\/p-2649-7939.jpg",238,360,false],"thumbnail":["https:\/\/ajupe.com.uy\/web\/wp-content\/uploads\/2016\/04\/p-2649-7939.jpg",150,150,true],"medium":["https:\/\/ajupe.com.uy\/web\/wp-content\/uploads\/2016\/04\/p-2649-7939.jpg",300,214,true],"medium_large":["https:\/\/ajupe.com.uy\/web\/wp-content\/uploads\/2016\/04\/p-2649-7939.jpg",238,360,false],"large":["https:\/\/ajupe.com.uy\/web\/wp-content\/uploads\/2016\/04\/p-2649-7939.jpg",238,360,false],"1536x1536":["https:\/\/ajupe.com.uy\/web\/wp-content\/uploads\/2016\/04\/p-2649-7939.jpg",238,360,false],"2048x2048":["https:\/\/ajupe.com.uy\/web\/wp-content\/uploads\/2016\/04\/p-2649-7939.jpg",238,360,false],"woocommerce_archive_thumbnail":["https:\/\/ajupe.com.uy\/web\/wp-content\/uploads\/2016\/04\/p-2649-7939-238x300.jpg",238,300,true],"woocommerce_thumbnail":["https:\/\/ajupe.com.uy\/web\/wp-content\/uploads\/2016\/04\/p-2649-7939-238x300.jpg",238,300,true],"woocommerce_single":["https:\/\/ajupe.com.uy\/web\/wp-content\/uploads\/2016\/04\/p-2649-7939.jpg",238,360,false],"woocommerce_gallery_thumbnail":["https:\/\/ajupe.com.uy\/web\/wp-content\/uploads\/2016\/04\/p-2649-7939-100x100.jpg",100,100,true]},"post_excerpt_stackable_v2":"<p>Hacia el a\u00f1o 1937, Shanghai est\u00e1 considerada el Par\u00eds del continente asi\u00e1tico. En la sofisticada y opulenta ciudad, donde conviven mendigos, millonarios, g\u00e1ngsters, jugadores y artistas, la vida sonr\u00ede a las hermanas Pearl y May Chin, hijas de un acaudala<\/p>\n","category_list_v2":"","author_info_v2":{"name":"","url":""},"comments_num_v2":"0 comentarios","_links":{"self":[{"href":"https:\/\/ajupe.com.uy\/web\/wp-json\/wp\/v2\/product\/2649","targetHints":{"allow":["GET"]}}],"collection":[{"href":"https:\/\/ajupe.com.uy\/web\/wp-json\/wp\/v2\/product"}],"about":[{"href":"https:\/\/ajupe.com.uy\/web\/wp-json\/wp\/v2\/types\/product"}],"wp:featuredmedia":[{"embeddable":true,"href":"https:\/\/ajupe.com.uy\/web\/wp-json\/wp\/v2\/media\/2650"}],"wp:attachment":[{"href":"https:\/\/ajupe.com.uy\/web\/wp-json\/wp\/v2\/media?parent=2649"}],"wp:term":[{"taxonomy":"product_brand","embeddable":true,"href":"https:\/\/ajupe.com.uy\/web\/wp-json\/wp\/v2\/product_brand?post=2649"},{"taxonomy":"product_cat","embeddable":true,"href":"https:\/\/ajupe.com.uy\/web\/wp-json\/wp\/v2\/product_cat?post=2649"},{"taxonomy":"product_tag","embeddable":true,"href":"https:\/\/ajupe.com.uy\/web\/wp-json\/wp\/v2\/product_tag?post=2649"}],"curies":[{"name":"wp","href":"https:\/\/api.w.org\/{rel}","templated":true}]}}