{"id":2653,"date":"2010-07-14T00:00:00","date_gmt":"2010-07-14T03:00:00","guid":{"rendered":"http:\/\/ajupe.com.uy\/web\/?post_type=product&#038;p=2653"},"modified":"2010-07-14T00:00:00","modified_gmt":"2010-07-14T03:00:00","slug":"toda-la-verdad","status":"publish","type":"product","link":"https:\/\/ajupe.com.uy\/web\/biblioteca\/toda-la-verdad\/","title":{"rendered":"Toda La Verdad"},"content":{"rendered":"<p>En Toda la verdad, David Baldacci no s\u00f3lo explora la verdad de la pol\u00edtica internacional, sino tambi\u00e9n la de la naturaleza humana. \u00abRecordad a Konstantin\u00bb es el grito de batalla que recorre Estados Unidos. Un v\u00eddeo colgado en Internet certifica que este joven ruso ha sido torturado y ejecutado por el gobierno de su pa\u00eds. El temor ante el regreso de la guerra fr\u00eda es tan palpable que los estados de todo el mundo se preparan para lo peor. Pero \u00bfy si todo se tratara de un enga\u00f1o? Nicholas Creel, director de Ares Corporation, una gran multinacional de la industria armament\u00edstica, se cree con suficiente poder para manipular la realidad en beneficio propio. Sin embargo, no cuenta con la tenacidad de Shaw, un hombre de tortuoso pasado cuyo \u00fanico objetivo es acabar con \u00e9l; ni con Katie James, una periodista ca\u00edda en desgracia que har\u00e1 todo lo posible por alcanzar de nuevo la cumbre\u2026 En este apasionante y veros\u00edmil thriller internacional, las vidas de los personajes chocan entre s\u00ed a medida que se pone en marcha una serie de acontecimientos que podr\u00edan cambiar el mundo.<\/p>\n","protected":false},"excerpt":{"rendered":"<p>En Toda la verdad, David Baldacci no s\u00f3lo explora la verdad de la pol\u00edtica internacional, sino tambi\u00e9n la de la naturaleza humana. \u00abRecordad a Konstantin\u00bb es el grito de batalla que recorre Estados Unidos. Un v\u00eddeo colgado en Internet certifica que este j<\/p>\n","protected":false},"featured_media":2654,"template":"","meta":[],"product_brand":[414],"product_cat":[40],"product_tag":[],"class_list":{"0":"post-2653","1":"product","2":"type-product","3":"status-publish","4":"has-post-thumbnail","6":"product_brand-david-baldacci","7":"product_cat-policial","9":"first","10":"instock","11":"purchasable","12":"product-type-simple"},"featured_image_urls_v2":{"full":["https:\/\/ajupe.com.uy\/web\/wp-content\/uploads\/2016\/04\/p-2653-7941.jpg",261,404,false],"thumbnail":["https:\/\/ajupe.com.uy\/web\/wp-content\/uploads\/2016\/04\/p-2653-7941.jpg",150,150,true],"medium":["https:\/\/ajupe.com.uy\/web\/wp-content\/uploads\/2016\/04\/p-2653-7941.jpg",300,214,true],"medium_large":["https:\/\/ajupe.com.uy\/web\/wp-content\/uploads\/2016\/04\/p-2653-7941.jpg",261,404,false],"large":["https:\/\/ajupe.com.uy\/web\/wp-content\/uploads\/2016\/04\/p-2653-7941.jpg",261,404,false],"1536x1536":["https:\/\/ajupe.com.uy\/web\/wp-content\/uploads\/2016\/04\/p-2653-7941.jpg",261,404,false],"2048x2048":["https:\/\/ajupe.com.uy\/web\/wp-content\/uploads\/2016\/04\/p-2653-7941.jpg",261,404,false],"woocommerce_archive_thumbnail":["https:\/\/ajupe.com.uy\/web\/wp-content\/uploads\/2016\/04\/p-2653-7941-261x400.jpg",261,400,true],"woocommerce_thumbnail":["https:\/\/ajupe.com.uy\/web\/wp-content\/uploads\/2016\/04\/p-2653-7941-261x300.jpg",261,300,true],"woocommerce_single":["https:\/\/ajupe.com.uy\/web\/wp-content\/uploads\/2016\/04\/p-2653-7941.jpg",261,404,false],"woocommerce_gallery_thumbnail":["https:\/\/ajupe.com.uy\/web\/wp-content\/uploads\/2016\/04\/p-2653-7941-100x100.jpg",100,100,true]},"post_excerpt_stackable_v2":"<p>En Toda la verdad, David Baldacci no s\u00f3lo explora la verdad de la pol\u00edtica internacional, sino tambi\u00e9n la de la naturaleza humana. \u00abRecordad a Konstantin\u00bb es el grito de batalla que recorre Estados Unidos. Un v\u00eddeo colgado en Internet certifica que este j<\/p>\n","category_list_v2":"","author_info_v2":{"name":"","url":""},"comments_num_v2":"0 comentarios","_links":{"self":[{"href":"https:\/\/ajupe.com.uy\/web\/wp-json\/wp\/v2\/product\/2653","targetHints":{"allow":["GET"]}}],"collection":[{"href":"https:\/\/ajupe.com.uy\/web\/wp-json\/wp\/v2\/product"}],"about":[{"href":"https:\/\/ajupe.com.uy\/web\/wp-json\/wp\/v2\/types\/product"}],"wp:featuredmedia":[{"embeddable":true,"href":"https:\/\/ajupe.com.uy\/web\/wp-json\/wp\/v2\/media\/2654"}],"wp:attachment":[{"href":"https:\/\/ajupe.com.uy\/web\/wp-json\/wp\/v2\/media?parent=2653"}],"wp:term":[{"taxonomy":"product_brand","embeddable":true,"href":"https:\/\/ajupe.com.uy\/web\/wp-json\/wp\/v2\/product_brand?post=2653"},{"taxonomy":"product_cat","embeddable":true,"href":"https:\/\/ajupe.com.uy\/web\/wp-json\/wp\/v2\/product_cat?post=2653"},{"taxonomy":"product_tag","embeddable":true,"href":"https:\/\/ajupe.com.uy\/web\/wp-json\/wp\/v2\/product_tag?post=2653"}],"curies":[{"name":"wp","href":"https:\/\/api.w.org\/{rel}","templated":true}]}}