{"id":2673,"date":"2010-07-14T00:00:00","date_gmt":"2010-07-14T03:00:00","guid":{"rendered":"http:\/\/ajupe.com.uy\/web\/?post_type=product&#038;p=2673"},"modified":"2010-07-14T00:00:00","modified_gmt":"2010-07-14T03:00:00","slug":"ministras","status":"publish","type":"product","link":"https:\/\/ajupe.com.uy\/web\/biblioteca\/ministras\/","title":{"rendered":"Ministras"},"content":{"rendered":"<p>Fueron cinco las mujeres que estuvieron al frente de diversos ministerios durante 2005-1010. Una cantidad in\u00e9dita en la historia nacional. De la mano de Blanca Rodr\u00edguez y con la producci\u00f3n de Mariana Contreras, las ministras hablan sin tapujos y sin silencios de sus respectivas gestiones de gobierno.<\/p>\n","protected":false},"excerpt":{"rendered":"<p>Fueron cinco las mujeres que estuvieron al frente de diversos ministerios durante 2005-1010. Una cantidad in\u00e9dita en la historia nacional. De la mano de Blanca Rodr\u00edguez y con la producci\u00f3n de Mariana Contreras, las ministras hablan sin tapujos y sin sile<\/p>\n","protected":false},"featured_media":2674,"template":"","meta":[],"product_brand":[420],"product_cat":[31],"product_tag":[],"class_list":{"0":"post-2673","1":"product","2":"type-product","3":"status-publish","4":"has-post-thumbnail","6":"product_brand-blanca-rodriguez","7":"product_cat-historico","9":"first","10":"instock","11":"purchasable","12":"product-type-simple"},"featured_image_urls_v2":{"full":["https:\/\/ajupe.com.uy\/web\/wp-content\/uploads\/2016\/04\/p-2673-7951.jpg",368,589,false],"thumbnail":["https:\/\/ajupe.com.uy\/web\/wp-content\/uploads\/2016\/04\/p-2673-7951.jpg",150,150,true],"medium":["https:\/\/ajupe.com.uy\/web\/wp-content\/uploads\/2016\/04\/p-2673-7951.jpg",300,214,true],"medium_large":["https:\/\/ajupe.com.uy\/web\/wp-content\/uploads\/2016\/04\/p-2673-7951.jpg",368,589,false],"large":["https:\/\/ajupe.com.uy\/web\/wp-content\/uploads\/2016\/04\/p-2673-7951.jpg",368,589,false],"1536x1536":["https:\/\/ajupe.com.uy\/web\/wp-content\/uploads\/2016\/04\/p-2673-7951.jpg",368,589,false],"2048x2048":["https:\/\/ajupe.com.uy\/web\/wp-content\/uploads\/2016\/04\/p-2673-7951.jpg",368,589,false],"woocommerce_archive_thumbnail":["https:\/\/ajupe.com.uy\/web\/wp-content\/uploads\/2016\/04\/p-2673-7951-300x450.jpg",300,450,true],"woocommerce_thumbnail":["https:\/\/ajupe.com.uy\/web\/wp-content\/uploads\/2016\/04\/p-2673-7951-300x300.jpg",300,300,true],"woocommerce_single":["https:\/\/ajupe.com.uy\/web\/wp-content\/uploads\/2016\/04\/p-2673-7951-300x480.jpg",300,480,true],"woocommerce_gallery_thumbnail":["https:\/\/ajupe.com.uy\/web\/wp-content\/uploads\/2016\/04\/p-2673-7951-100x100.jpg",100,100,true]},"post_excerpt_stackable_v2":"<p>Fueron cinco las mujeres que estuvieron al frente de diversos ministerios durante 2005-1010. Una cantidad in\u00e9dita en la historia nacional. De la mano de Blanca Rodr\u00edguez y con la producci\u00f3n de Mariana Contreras, las ministras hablan sin tapujos y sin sile<\/p>\n","category_list_v2":"","author_info_v2":{"name":"","url":""},"comments_num_v2":"0 comentarios","_links":{"self":[{"href":"https:\/\/ajupe.com.uy\/web\/wp-json\/wp\/v2\/product\/2673","targetHints":{"allow":["GET"]}}],"collection":[{"href":"https:\/\/ajupe.com.uy\/web\/wp-json\/wp\/v2\/product"}],"about":[{"href":"https:\/\/ajupe.com.uy\/web\/wp-json\/wp\/v2\/types\/product"}],"wp:featuredmedia":[{"embeddable":true,"href":"https:\/\/ajupe.com.uy\/web\/wp-json\/wp\/v2\/media\/2674"}],"wp:attachment":[{"href":"https:\/\/ajupe.com.uy\/web\/wp-json\/wp\/v2\/media?parent=2673"}],"wp:term":[{"taxonomy":"product_brand","embeddable":true,"href":"https:\/\/ajupe.com.uy\/web\/wp-json\/wp\/v2\/product_brand?post=2673"},{"taxonomy":"product_cat","embeddable":true,"href":"https:\/\/ajupe.com.uy\/web\/wp-json\/wp\/v2\/product_cat?post=2673"},{"taxonomy":"product_tag","embeddable":true,"href":"https:\/\/ajupe.com.uy\/web\/wp-json\/wp\/v2\/product_tag?post=2673"}],"curies":[{"name":"wp","href":"https:\/\/api.w.org\/{rel}","templated":true}]}}