{"id":2675,"date":"2010-07-14T00:00:00","date_gmt":"2010-07-14T03:00:00","guid":{"rendered":"http:\/\/ajupe.com.uy\/web\/?post_type=product&#038;p=2675"},"modified":"2010-07-14T00:00:00","modified_gmt":"2010-07-14T03:00:00","slug":"nueva-york","status":"publish","type":"product","link":"https:\/\/ajupe.com.uy\/web\/biblioteca\/nueva-york\/","title":{"rendered":"Nueva York"},"content":{"rendered":"<p>Desde que se public\u00f3 en Estados Unidos en septiembre de 2009, la novela de Rutherford no ha dejado de cosechar buenas cr\u00edticas. De ella han dicho que se trata de \u201cuna lecci\u00f3n de historia entretenida y bien documentada\u201d (The Times), que \u201ces dif\u00edcil encontrar otro autor capaz de combinar de un modo tan asombroso una profunda investigaci\u00f3n hist\u00f3rica con la imaginaci\u00f3n y la ingenuidad necesarias para contarla a trav\u00e9s de distintos personajes\u201d (Washington Post) o que \u201cla novela es un reto casi tan grande como la construcci\u00f3n del Empire State, pero es un esfuerzo que merece la pena\u201d. Pero al final, tal y como explic\u00f3 el autor en una entrevista con Reuters, Nueva York es \u201cuna historia sobre la libertad, sobre todos aquellos que llegaron a esta ciudad en busca de su libertad pol\u00edtica, personal social o econ\u00f3mica\u201d. En cualquier caso, una novela que, si eres amante de Nueva York o si simplemente sientes curiosidad por su historia, no debes dejar pasar la oportunidad de leer. Como en anteriores ocasiones, Rutherfurd promete no defraudarnos.<\/p>\n","protected":false},"excerpt":{"rendered":"<p>Desde que se public\u00f3 en Estados Unidos en septiembre de 2009, la novela de Rutherford no ha dejado de cosechar buenas cr\u00edticas. De ella han dicho que se trata de \u201cuna lecci\u00f3n de historia entretenida y bien documentada\u201d (The Times), que \u201ces dif\u00edcil encontr<\/p>\n","protected":false},"featured_media":2676,"template":"","meta":[],"product_brand":[339],"product_cat":[29],"product_tag":[],"class_list":{"0":"post-2675","1":"product","2":"type-product","3":"status-publish","4":"has-post-thumbnail","6":"product_brand-edward-rutherfurd","7":"product_cat-novela","9":"first","10":"instock","11":"purchasable","12":"product-type-simple"},"featured_image_urls_v2":{"full":["https:\/\/ajupe.com.uy\/web\/wp-content\/uploads\/2016\/04\/p-2675-7952.jpg",247,377,false],"thumbnail":["https:\/\/ajupe.com.uy\/web\/wp-content\/uploads\/2016\/04\/p-2675-7952.jpg",150,150,true],"medium":["https:\/\/ajupe.com.uy\/web\/wp-content\/uploads\/2016\/04\/p-2675-7952.jpg",300,214,true],"medium_large":["https:\/\/ajupe.com.uy\/web\/wp-content\/uploads\/2016\/04\/p-2675-7952.jpg",247,377,false],"large":["https:\/\/ajupe.com.uy\/web\/wp-content\/uploads\/2016\/04\/p-2675-7952.jpg",247,377,false],"1536x1536":["https:\/\/ajupe.com.uy\/web\/wp-content\/uploads\/2016\/04\/p-2675-7952.jpg",247,377,false],"2048x2048":["https:\/\/ajupe.com.uy\/web\/wp-content\/uploads\/2016\/04\/p-2675-7952.jpg",247,377,false],"woocommerce_archive_thumbnail":["https:\/\/ajupe.com.uy\/web\/wp-content\/uploads\/2016\/04\/p-2675-7952-247x300.jpg",247,300,true],"woocommerce_thumbnail":["https:\/\/ajupe.com.uy\/web\/wp-content\/uploads\/2016\/04\/p-2675-7952-247x300.jpg",247,300,true],"woocommerce_single":["https:\/\/ajupe.com.uy\/web\/wp-content\/uploads\/2016\/04\/p-2675-7952.jpg",247,377,false],"woocommerce_gallery_thumbnail":["https:\/\/ajupe.com.uy\/web\/wp-content\/uploads\/2016\/04\/p-2675-7952-100x100.jpg",100,100,true]},"post_excerpt_stackable_v2":"<p>Desde que se public\u00f3 en Estados Unidos en septiembre de 2009, la novela de Rutherford no ha dejado de cosechar buenas cr\u00edticas. De ella han dicho que se trata de \u201cuna lecci\u00f3n de historia entretenida y bien documentada\u201d (The Times), que \u201ces dif\u00edcil encontr<\/p>\n","category_list_v2":"","author_info_v2":{"name":"","url":""},"comments_num_v2":"0 comentarios","_links":{"self":[{"href":"https:\/\/ajupe.com.uy\/web\/wp-json\/wp\/v2\/product\/2675","targetHints":{"allow":["GET"]}}],"collection":[{"href":"https:\/\/ajupe.com.uy\/web\/wp-json\/wp\/v2\/product"}],"about":[{"href":"https:\/\/ajupe.com.uy\/web\/wp-json\/wp\/v2\/types\/product"}],"wp:featuredmedia":[{"embeddable":true,"href":"https:\/\/ajupe.com.uy\/web\/wp-json\/wp\/v2\/media\/2676"}],"wp:attachment":[{"href":"https:\/\/ajupe.com.uy\/web\/wp-json\/wp\/v2\/media?parent=2675"}],"wp:term":[{"taxonomy":"product_brand","embeddable":true,"href":"https:\/\/ajupe.com.uy\/web\/wp-json\/wp\/v2\/product_brand?post=2675"},{"taxonomy":"product_cat","embeddable":true,"href":"https:\/\/ajupe.com.uy\/web\/wp-json\/wp\/v2\/product_cat?post=2675"},{"taxonomy":"product_tag","embeddable":true,"href":"https:\/\/ajupe.com.uy\/web\/wp-json\/wp\/v2\/product_tag?post=2675"}],"curies":[{"name":"wp","href":"https:\/\/api.w.org\/{rel}","templated":true}]}}