{"id":2677,"date":"2010-07-14T00:00:00","date_gmt":"2010-07-14T03:00:00","guid":{"rendered":"http:\/\/ajupe.com.uy\/web\/?post_type=product&#038;p=2677"},"modified":"2010-07-14T00:00:00","modified_gmt":"2010-07-14T03:00:00","slug":"atlantico","status":"publish","type":"product","link":"https:\/\/ajupe.com.uy\/web\/biblioteca\/atlantico\/","title":{"rendered":"Atl\u00e1ntico"},"content":{"rendered":"<p>Lo \u00fanico que realmente sabe hacer Luc\u00eda es tocar Chopin y Bach en el piano. Sin embargo est\u00e1 dispuesta a pelar papas, a vivir sin un piano y a caminar por una Barcelona que se nos revela a trav\u00e9s de sus ojos como una tierra luminosa y plena de promesas. Abrumadora por su situaci\u00f3n de &quot;moza de muchos amos&quot;, sigue el consejo de una empleada dom\u00e9stica peruana y decide incursionar en un trabajo extremo. All\u00e1 el azar la conduce a introducirse en la existencia de una pareja que parece estar en armon\u00eda con su tierra, su pasado y su futuro. Luc\u00eda ser\u00e1 la nota disonante. &quot;Atl\u00e1ntico&quot; es un novela para quienes emigran y tambi\u00e9n para quienes quedan atr\u00e1s. Luc\u00eda lleva en s\u00ed misma a los miles de uruguayos que cruzan el Atl\u00e1ntico para concretar sus sue\u00f1os.<\/p>\n","protected":false},"excerpt":{"rendered":"<p>Lo \u00fanico que realmente sabe hacer Luc\u00eda es tocar Chopin y Bach en el piano. Sin embargo est\u00e1 dispuesta a pelar papas, a vivir sin un piano y a caminar por una Barcelona que se nos revela a trav\u00e9s de sus ojos como una tierra luminosa y plena de promesas. A<\/p>\n","protected":false},"featured_media":2678,"template":"","meta":[],"product_brand":[1043],"product_cat":[29],"product_tag":[],"class_list":{"0":"post-2677","1":"product","2":"type-product","3":"status-publish","4":"has-post-thumbnail","6":"product_brand-paolo-giordano","7":"product_cat-novela","9":"first","10":"instock","11":"purchasable","12":"product-type-simple"},"featured_image_urls_v2":{"full":["https:\/\/ajupe.com.uy\/web\/wp-content\/uploads\/2016\/04\/p-2677-7953.jpg",300,500,false],"thumbnail":["https:\/\/ajupe.com.uy\/web\/wp-content\/uploads\/2016\/04\/p-2677-7953.jpg",150,150,true],"medium":["https:\/\/ajupe.com.uy\/web\/wp-content\/uploads\/2016\/04\/p-2677-7953.jpg",300,214,true],"medium_large":["https:\/\/ajupe.com.uy\/web\/wp-content\/uploads\/2016\/04\/p-2677-7953.jpg",300,500,false],"large":["https:\/\/ajupe.com.uy\/web\/wp-content\/uploads\/2016\/04\/p-2677-7953.jpg",300,500,false],"1536x1536":["https:\/\/ajupe.com.uy\/web\/wp-content\/uploads\/2016\/04\/p-2677-7953.jpg",300,500,false],"2048x2048":["https:\/\/ajupe.com.uy\/web\/wp-content\/uploads\/2016\/04\/p-2677-7953.jpg",300,500,false],"woocommerce_archive_thumbnail":["https:\/\/ajupe.com.uy\/web\/wp-content\/uploads\/2016\/04\/p-2677-7953-300x450.jpg",300,450,true],"woocommerce_thumbnail":["https:\/\/ajupe.com.uy\/web\/wp-content\/uploads\/2016\/04\/p-2677-7953-300x300.jpg",300,300,true],"woocommerce_single":["https:\/\/ajupe.com.uy\/web\/wp-content\/uploads\/2016\/04\/p-2677-7953.jpg",300,500,false],"woocommerce_gallery_thumbnail":["https:\/\/ajupe.com.uy\/web\/wp-content\/uploads\/2016\/04\/p-2677-7953-100x100.jpg",100,100,true]},"post_excerpt_stackable_v2":"<p>Lo \u00fanico que realmente sabe hacer Luc\u00eda es tocar Chopin y Bach en el piano. Sin embargo est\u00e1 dispuesta a pelar papas, a vivir sin un piano y a caminar por una Barcelona que se nos revela a trav\u00e9s de sus ojos como una tierra luminosa y plena de promesas. A<\/p>\n","category_list_v2":"","author_info_v2":{"name":"","url":""},"comments_num_v2":"0 comentarios","_links":{"self":[{"href":"https:\/\/ajupe.com.uy\/web\/wp-json\/wp\/v2\/product\/2677","targetHints":{"allow":["GET"]}}],"collection":[{"href":"https:\/\/ajupe.com.uy\/web\/wp-json\/wp\/v2\/product"}],"about":[{"href":"https:\/\/ajupe.com.uy\/web\/wp-json\/wp\/v2\/types\/product"}],"wp:featuredmedia":[{"embeddable":true,"href":"https:\/\/ajupe.com.uy\/web\/wp-json\/wp\/v2\/media\/2678"}],"wp:attachment":[{"href":"https:\/\/ajupe.com.uy\/web\/wp-json\/wp\/v2\/media?parent=2677"}],"wp:term":[{"taxonomy":"product_brand","embeddable":true,"href":"https:\/\/ajupe.com.uy\/web\/wp-json\/wp\/v2\/product_brand?post=2677"},{"taxonomy":"product_cat","embeddable":true,"href":"https:\/\/ajupe.com.uy\/web\/wp-json\/wp\/v2\/product_cat?post=2677"},{"taxonomy":"product_tag","embeddable":true,"href":"https:\/\/ajupe.com.uy\/web\/wp-json\/wp\/v2\/product_tag?post=2677"}],"curies":[{"name":"wp","href":"https:\/\/api.w.org\/{rel}","templated":true}]}}