{"id":2679,"date":"2010-07-14T00:00:00","date_gmt":"2010-07-14T03:00:00","guid":{"rendered":"http:\/\/ajupe.com.uy\/web\/?post_type=product&#038;p=2679"},"modified":"2011-09-06T21:02:43","modified_gmt":"2011-09-07T00:02:43","slug":"la-soledad-de-los-numeros-primos","status":"publish","type":"product","link":"https:\/\/ajupe.com.uy\/web\/biblioteca\/la-soledad-de-los-numeros-primos\/","title":{"rendered":"La soledad de los n\u00fameros primos"},"content":{"rendered":"<p>\u00abEn una clase de primer curso Mattia hab\u00eda estudiado que entre los n\u00fameros primos hay algunos a\u00fan m\u00e1s especiales. Los matem\u00e1ticos los llaman n\u00fameros primos gemelos: son parejas de n\u00fameros primos que est\u00e1n juntos, o mejor dicho, casi juntos, pues entre ellos media siempre un n\u00famero par que los impide tocarse de verdad. N\u00fameros como el 11 y el 13, el 17 y el 19, o el 41 y el 43. Mattia pensaba que Alice y \u00e9l eran as\u00ed, dos primos gemelos, solos y perdidos, juntos pero no lo bastante para tocarse de verdad.\u00bb Esta bella met\u00e1fora es la clave de la dolorosa y conmovedora historia de Alice y Mattia. Una ma\u00f1ana fr\u00eda, de niebla espesa, Alice sufre un grave accidente de esqu\u00ed. Si la firmeza y madurez con que este joven autor desarrolla el tono narrativo impresiona y sorprende, no menos admirable es su valor es su valor para asomarse sin complejos, nada m\u00e1s y nada menos, a la esencia de la soledad.<\/p>\n","protected":false},"excerpt":{"rendered":"<p>\u00abEn una clase de primer curso Mattia hab\u00eda estudiado que entre los n\u00fameros primos hay algunos a\u00fan m\u00e1s especiales. Los matem\u00e1ticos los llaman n\u00fameros primos gemelos: son parejas de n\u00fameros primos que est\u00e1n juntos, o mejor dicho, casi juntos, pues entre ell<\/p>\n","protected":false},"featured_media":2680,"template":"","meta":[],"product_brand":[1043],"product_cat":[33],"product_tag":[],"class_list":{"0":"post-2679","1":"product","2":"type-product","3":"status-publish","4":"has-post-thumbnail","6":"product_brand-paolo-giordano","7":"product_cat-cuentos","9":"first","10":"instock","11":"purchasable","12":"product-type-simple"},"featured_image_urls_v2":{"full":["https:\/\/ajupe.com.uy\/web\/wp-content\/uploads\/2016\/04\/p-2679-7954.jpg",250,405,false],"thumbnail":["https:\/\/ajupe.com.uy\/web\/wp-content\/uploads\/2016\/04\/p-2679-7954.jpg",150,150,true],"medium":["https:\/\/ajupe.com.uy\/web\/wp-content\/uploads\/2016\/04\/p-2679-7954.jpg",300,214,true],"medium_large":["https:\/\/ajupe.com.uy\/web\/wp-content\/uploads\/2016\/04\/p-2679-7954.jpg",250,405,false],"large":["https:\/\/ajupe.com.uy\/web\/wp-content\/uploads\/2016\/04\/p-2679-7954.jpg",250,405,false],"1536x1536":["https:\/\/ajupe.com.uy\/web\/wp-content\/uploads\/2016\/04\/p-2679-7954.jpg",250,405,false],"2048x2048":["https:\/\/ajupe.com.uy\/web\/wp-content\/uploads\/2016\/04\/p-2679-7954.jpg",250,405,false],"woocommerce_archive_thumbnail":["https:\/\/ajupe.com.uy\/web\/wp-content\/uploads\/2016\/04\/p-2679-7954-250x400.jpg",250,400,true],"woocommerce_thumbnail":["https:\/\/ajupe.com.uy\/web\/wp-content\/uploads\/2016\/04\/p-2679-7954-250x300.jpg",250,300,true],"woocommerce_single":["https:\/\/ajupe.com.uy\/web\/wp-content\/uploads\/2016\/04\/p-2679-7954.jpg",250,405,false],"woocommerce_gallery_thumbnail":["https:\/\/ajupe.com.uy\/web\/wp-content\/uploads\/2016\/04\/p-2679-7954-100x100.jpg",100,100,true]},"post_excerpt_stackable_v2":"<p>\u00abEn una clase de primer curso Mattia hab\u00eda estudiado que entre los n\u00fameros primos hay algunos a\u00fan m\u00e1s especiales. Los matem\u00e1ticos los llaman n\u00fameros primos gemelos: son parejas de n\u00fameros primos que est\u00e1n juntos, o mejor dicho, casi juntos, pues entre ell<\/p>\n","category_list_v2":"","author_info_v2":{"name":"","url":""},"comments_num_v2":"0 comentarios","_links":{"self":[{"href":"https:\/\/ajupe.com.uy\/web\/wp-json\/wp\/v2\/product\/2679","targetHints":{"allow":["GET"]}}],"collection":[{"href":"https:\/\/ajupe.com.uy\/web\/wp-json\/wp\/v2\/product"}],"about":[{"href":"https:\/\/ajupe.com.uy\/web\/wp-json\/wp\/v2\/types\/product"}],"wp:featuredmedia":[{"embeddable":true,"href":"https:\/\/ajupe.com.uy\/web\/wp-json\/wp\/v2\/media\/2680"}],"wp:attachment":[{"href":"https:\/\/ajupe.com.uy\/web\/wp-json\/wp\/v2\/media?parent=2679"}],"wp:term":[{"taxonomy":"product_brand","embeddable":true,"href":"https:\/\/ajupe.com.uy\/web\/wp-json\/wp\/v2\/product_brand?post=2679"},{"taxonomy":"product_cat","embeddable":true,"href":"https:\/\/ajupe.com.uy\/web\/wp-json\/wp\/v2\/product_cat?post=2679"},{"taxonomy":"product_tag","embeddable":true,"href":"https:\/\/ajupe.com.uy\/web\/wp-json\/wp\/v2\/product_tag?post=2679"}],"curies":[{"name":"wp","href":"https:\/\/api.w.org\/{rel}","templated":true}]}}