{"id":2685,"date":"2010-07-14T00:00:00","date_gmt":"2010-07-14T03:00:00","guid":{"rendered":"http:\/\/ajupe.com.uy\/web\/?post_type=product&#038;p=2685"},"modified":"2010-07-14T00:00:00","modified_gmt":"2010-07-14T03:00:00","slug":"palabras-cruzadas","status":"publish","type":"product","link":"https:\/\/ajupe.com.uy\/web\/biblioteca\/palabras-cruzadas\/","title":{"rendered":"Palabras Cruzadas"},"content":{"rendered":"<p>Del dolor a la verdad. Un camino sin dudas complicado, dif\u00edcil, que se transita con padecimientos. Pero que bien encarado tambi\u00e9n se recorre con la satisfacci\u00f3n que da la certeza de saber que ese destino vale la pena. Por eso, la angustia, los miedos, la sexualidad puesta en duda, los lazos familiares, los v\u00ednculos afectivos, el trabajo, el amor y su ausencia, las adicciones, el tiempo que pasa y la soledad. Pero tambi\u00e9n la superaci\u00f3n, el florecimiento, el saber que es posible cambiar el orden de las cosas para mejor. Y ah\u00ed entonces est\u00e1 Palabras cruzadas: un libro vital, que parte del psicoan\u00e1lisis para poner en juego un pacto de confianza entre alguien que dice lo suyo y quien escucha, contiene y acompa\u00f1a. Como en Historias de div\u00e1n \u2013el primer libro de Gabriel Rol\u00f3n\u2013, se trata de \u201chistorias reales\u201d construidas de a dos. Las m\u00e1s de las veces duras, s\u00ed, pero siempre cargadas de vida. Mucha vida.<\/p>\n","protected":false},"excerpt":{"rendered":"<p>Del dolor a la verdad. Un camino sin dudas complicado, dif\u00edcil, que se transita con padecimientos. Pero que bien encarado tambi\u00e9n se recorre con la satisfacci\u00f3n que da la certeza de saber que ese destino vale la pena. Por eso, la angustia, los miedos, la <\/p>\n","protected":false},"featured_media":2686,"template":"","meta":[],"product_brand":[1037],"product_cat":[34],"product_tag":[],"class_list":{"0":"post-2685","1":"product","2":"type-product","3":"status-publish","4":"has-post-thumbnail","6":"product_brand-philip-kerr","7":"product_cat-otros","9":"first","10":"instock","11":"purchasable","12":"product-type-simple"},"featured_image_urls_v2":{"full":["https:\/\/ajupe.com.uy\/web\/wp-content\/uploads\/2016\/04\/p-2685-7957.jpg",280,433,false],"thumbnail":["https:\/\/ajupe.com.uy\/web\/wp-content\/uploads\/2016\/04\/p-2685-7957.jpg",150,150,true],"medium":["https:\/\/ajupe.com.uy\/web\/wp-content\/uploads\/2016\/04\/p-2685-7957.jpg",300,214,true],"medium_large":["https:\/\/ajupe.com.uy\/web\/wp-content\/uploads\/2016\/04\/p-2685-7957.jpg",280,433,false],"large":["https:\/\/ajupe.com.uy\/web\/wp-content\/uploads\/2016\/04\/p-2685-7957.jpg",280,433,false],"1536x1536":["https:\/\/ajupe.com.uy\/web\/wp-content\/uploads\/2016\/04\/p-2685-7957.jpg",280,433,false],"2048x2048":["https:\/\/ajupe.com.uy\/web\/wp-content\/uploads\/2016\/04\/p-2685-7957.jpg",280,433,false],"woocommerce_archive_thumbnail":["https:\/\/ajupe.com.uy\/web\/wp-content\/uploads\/2016\/04\/p-2685-7957-280x400.jpg",280,400,true],"woocommerce_thumbnail":["https:\/\/ajupe.com.uy\/web\/wp-content\/uploads\/2016\/04\/p-2685-7957-280x300.jpg",280,300,true],"woocommerce_single":["https:\/\/ajupe.com.uy\/web\/wp-content\/uploads\/2016\/04\/p-2685-7957.jpg",280,433,false],"woocommerce_gallery_thumbnail":["https:\/\/ajupe.com.uy\/web\/wp-content\/uploads\/2016\/04\/p-2685-7957-100x100.jpg",100,100,true]},"post_excerpt_stackable_v2":"<p>Del dolor a la verdad. Un camino sin dudas complicado, dif\u00edcil, que se transita con padecimientos. Pero que bien encarado tambi\u00e9n se recorre con la satisfacci\u00f3n que da la certeza de saber que ese destino vale la pena. Por eso, la angustia, los miedos, la <\/p>\n","category_list_v2":"","author_info_v2":{"name":"","url":""},"comments_num_v2":"0 comentarios","_links":{"self":[{"href":"https:\/\/ajupe.com.uy\/web\/wp-json\/wp\/v2\/product\/2685","targetHints":{"allow":["GET"]}}],"collection":[{"href":"https:\/\/ajupe.com.uy\/web\/wp-json\/wp\/v2\/product"}],"about":[{"href":"https:\/\/ajupe.com.uy\/web\/wp-json\/wp\/v2\/types\/product"}],"wp:featuredmedia":[{"embeddable":true,"href":"https:\/\/ajupe.com.uy\/web\/wp-json\/wp\/v2\/media\/2686"}],"wp:attachment":[{"href":"https:\/\/ajupe.com.uy\/web\/wp-json\/wp\/v2\/media?parent=2685"}],"wp:term":[{"taxonomy":"product_brand","embeddable":true,"href":"https:\/\/ajupe.com.uy\/web\/wp-json\/wp\/v2\/product_brand?post=2685"},{"taxonomy":"product_cat","embeddable":true,"href":"https:\/\/ajupe.com.uy\/web\/wp-json\/wp\/v2\/product_cat?post=2685"},{"taxonomy":"product_tag","embeddable":true,"href":"https:\/\/ajupe.com.uy\/web\/wp-json\/wp\/v2\/product_tag?post=2685"}],"curies":[{"name":"wp","href":"https:\/\/api.w.org\/{rel}","templated":true}]}}