{"id":2687,"date":"2010-07-14T00:00:00","date_gmt":"2010-07-14T03:00:00","guid":{"rendered":"http:\/\/ajupe.com.uy\/web\/?post_type=product&#038;p=2687"},"modified":"2010-07-14T00:00:00","modified_gmt":"2010-07-14T03:00:00","slug":"nueve-dragones","status":"publish","type":"product","link":"https:\/\/ajupe.com.uy\/web\/biblioteca\/nueve-dragones\/","title":{"rendered":"Nueve Dragones"},"content":{"rendered":"<p>Harry Bosch y su compa\u00f1ero Ignacio Ferras acuden a investigar el asesinato del due\u00f1o de una tienda de alimentaci\u00f3n y bebidas, Mr. Li, durante un posible atraco. Pronto parece evidente que no se trataba de un atraco. Mr. Li pod\u00eda estar siendo extorsionado por la Tr\u00edada, la mafia china. Bosch, en deuda con Li, promete a sus hijos, Robert y Mia, que encontrar\u00e1 al asesino de su padre. A\u00f1os atr\u00e1s, durante los disturbios que asolaron Los \u00c1ngeles, Bosch hab\u00eda salvado la vida gracias a la intervenci\u00f3n de Mr. Li. A medida que Bosch se convence de que la Tr\u00edada est\u00e1 implicada en la muerte de Li, le llega la noticia de que su propia hija, Maddie Bosch, que acaba de cumplir trece a\u00f1os, ha sido secuestrada. Maddie vive en Hong Kong con su madre, la ex-mujer de Bosch, Eleanor Wish, antiguo agente del FBI. Temi\u00e9ndose que este secuestro est\u00e9 relacionado con la investigaci\u00f3n del asesinato de Mr. Li en Los \u00c1ngeles y no pudiendo confiar en la polic\u00eda local, Bosch llega a Hong Kong durante la celebraci\u00f3n del Festival de los Fantasmas Hambrientos, en un desesperado intento por encontrar a su hija.<\/p>\n","protected":false},"excerpt":{"rendered":"<p>Harry Bosch y su compa\u00f1ero Ignacio Ferras acuden a investigar el asesinato del due\u00f1o de una tienda de alimentaci\u00f3n y bebidas, Mr. Li, durante un posible atraco. Pronto parece evidente que no se trataba de un atraco. Mr. Li pod\u00eda estar siendo extorsionado <\/p>\n","protected":false},"featured_media":2688,"template":"","meta":[],"product_brand":[384],"product_cat":[40],"product_tag":[],"class_list":{"0":"post-2687","1":"product","2":"type-product","3":"status-publish","4":"has-post-thumbnail","6":"product_brand-michael-connelly","7":"product_cat-policial","9":"first","10":"instock","11":"purchasable","12":"product-type-simple"},"featured_image_urls_v2":{"full":["https:\/\/ajupe.com.uy\/web\/wp-content\/uploads\/2016\/04\/p-2687-7958.jpg",254,400,false],"thumbnail":["https:\/\/ajupe.com.uy\/web\/wp-content\/uploads\/2016\/04\/p-2687-7958.jpg",150,150,true],"medium":["https:\/\/ajupe.com.uy\/web\/wp-content\/uploads\/2016\/04\/p-2687-7958.jpg",300,214,true],"medium_large":["https:\/\/ajupe.com.uy\/web\/wp-content\/uploads\/2016\/04\/p-2687-7958.jpg",254,400,false],"large":["https:\/\/ajupe.com.uy\/web\/wp-content\/uploads\/2016\/04\/p-2687-7958.jpg",254,400,false],"1536x1536":["https:\/\/ajupe.com.uy\/web\/wp-content\/uploads\/2016\/04\/p-2687-7958.jpg",254,400,false],"2048x2048":["https:\/\/ajupe.com.uy\/web\/wp-content\/uploads\/2016\/04\/p-2687-7958.jpg",254,400,false],"woocommerce_archive_thumbnail":["https:\/\/ajupe.com.uy\/web\/wp-content\/uploads\/2016\/04\/p-2687-7958-254x300.jpg",254,300,true],"woocommerce_thumbnail":["https:\/\/ajupe.com.uy\/web\/wp-content\/uploads\/2016\/04\/p-2687-7958-254x300.jpg",254,300,true],"woocommerce_single":["https:\/\/ajupe.com.uy\/web\/wp-content\/uploads\/2016\/04\/p-2687-7958.jpg",254,400,false],"woocommerce_gallery_thumbnail":["https:\/\/ajupe.com.uy\/web\/wp-content\/uploads\/2016\/04\/p-2687-7958-100x100.jpg",100,100,true]},"post_excerpt_stackable_v2":"<p>Harry Bosch y su compa\u00f1ero Ignacio Ferras acuden a investigar el asesinato del due\u00f1o de una tienda de alimentaci\u00f3n y bebidas, Mr. Li, durante un posible atraco. Pronto parece evidente que no se trataba de un atraco. Mr. Li pod\u00eda estar siendo extorsionado <\/p>\n","category_list_v2":"","author_info_v2":{"name":"","url":""},"comments_num_v2":"0 comentarios","_links":{"self":[{"href":"https:\/\/ajupe.com.uy\/web\/wp-json\/wp\/v2\/product\/2687","targetHints":{"allow":["GET"]}}],"collection":[{"href":"https:\/\/ajupe.com.uy\/web\/wp-json\/wp\/v2\/product"}],"about":[{"href":"https:\/\/ajupe.com.uy\/web\/wp-json\/wp\/v2\/types\/product"}],"wp:featuredmedia":[{"embeddable":true,"href":"https:\/\/ajupe.com.uy\/web\/wp-json\/wp\/v2\/media\/2688"}],"wp:attachment":[{"href":"https:\/\/ajupe.com.uy\/web\/wp-json\/wp\/v2\/media?parent=2687"}],"wp:term":[{"taxonomy":"product_brand","embeddable":true,"href":"https:\/\/ajupe.com.uy\/web\/wp-json\/wp\/v2\/product_brand?post=2687"},{"taxonomy":"product_cat","embeddable":true,"href":"https:\/\/ajupe.com.uy\/web\/wp-json\/wp\/v2\/product_cat?post=2687"},{"taxonomy":"product_tag","embeddable":true,"href":"https:\/\/ajupe.com.uy\/web\/wp-json\/wp\/v2\/product_tag?post=2687"}],"curies":[{"name":"wp","href":"https:\/\/api.w.org\/{rel}","templated":true}]}}