{"id":2691,"date":"2010-07-14T00:00:00","date_gmt":"2010-07-14T03:00:00","guid":{"rendered":"http:\/\/ajupe.com.uy\/web\/?post_type=product&#038;p=2691"},"modified":"2011-09-05T14:13:53","modified_gmt":"2011-09-05T17:13:53","slug":"el-leon-de-caprera","status":"publish","type":"product","link":"https:\/\/ajupe.com.uy\/web\/biblioteca\/el-leon-de-caprera\/","title":{"rendered":"El Le\u00f3n De Caprera"},"content":{"rendered":"<p>El general Giuseppe Garibaldi crey\u00f3 firmemente en la libertad, la rep\u00fablica y la igualdad de los hombres. Luch\u00f3 contra la monarqu\u00eda, el absolutismo y el poder desenfrenado del clero, lo que lo convirti\u00f3 en un h\u00e9roe y en un mito. Sus ideales y sus convicciones siguen siendo, aun en los albores del siglo XXI, absolutamente actuales. Fue un personaje significativo de la Unificaci\u00f3n Italiana, participante activo de la Guerra de los Farrapos en R\u00edo Grande del Sur, defensor a ultranza de la libertad de los pueblos y enemigo ac\u00e9rrimo de dictaduras y despotismos en cualquier lugar del mundo. Vivi\u00f3 en Montevideo por un largo per\u00edodo; pas\u00f3 privaciones aunque era general, hablaba ocho idiomas y hab\u00eda peleado en dos contiendas. Fue un mas\u00f3n por convicci\u00f3n; ense\u00f1\u00f3 que la patria no es un ideal ni un intangible, que se lleva en el coraz\u00f3n. Se enamor\u00f3 de Manoela, sobrina de Beneto Gon\u00e7alves. Se cas\u00f3 con la que m\u00e1s o am\u00f3: Anita, la mujer que se convertir\u00eda en la Guerrera de Dos Mundos.<\/p>\n","protected":false},"excerpt":{"rendered":"<p>El general Giuseppe Garibaldi crey\u00f3 firmemente en la libertad, la rep\u00fablica y la igualdad de los hombres. Luch\u00f3 contra la monarqu\u00eda, el absolutismo y el poder desenfrenado del clero, lo que lo convirti\u00f3 en un h\u00e9roe y en un mito. Sus ideales y sus convicci<\/p>\n","protected":false},"featured_media":2692,"template":"","meta":[],"product_brand":[1046],"product_cat":[31],"product_tag":[],"class_list":{"0":"post-2691","1":"product","2":"type-product","3":"status-publish","4":"has-post-thumbnail","6":"product_brand-maritza-vieytes","7":"product_cat-historico","9":"first","10":"instock","11":"purchasable","12":"product-type-simple"},"featured_image_urls_v2":{"full":["https:\/\/ajupe.com.uy\/web\/wp-content\/uploads\/2016\/04\/p-2691-7961.jpg",344,407,false],"thumbnail":["https:\/\/ajupe.com.uy\/web\/wp-content\/uploads\/2016\/04\/p-2691-7961.jpg",150,150,true],"medium":["https:\/\/ajupe.com.uy\/web\/wp-content\/uploads\/2016\/04\/p-2691-7961.jpg",300,214,true],"medium_large":["https:\/\/ajupe.com.uy\/web\/wp-content\/uploads\/2016\/04\/p-2691-7961.jpg",344,407,false],"large":["https:\/\/ajupe.com.uy\/web\/wp-content\/uploads\/2016\/04\/p-2691-7961.jpg",344,407,false],"1536x1536":["https:\/\/ajupe.com.uy\/web\/wp-content\/uploads\/2016\/04\/p-2691-7961.jpg",344,407,false],"2048x2048":["https:\/\/ajupe.com.uy\/web\/wp-content\/uploads\/2016\/04\/p-2691-7961.jpg",344,407,false],"woocommerce_archive_thumbnail":["https:\/\/ajupe.com.uy\/web\/wp-content\/uploads\/2016\/04\/p-2691-7961-300x407.jpg",300,407,true],"woocommerce_thumbnail":["https:\/\/ajupe.com.uy\/web\/wp-content\/uploads\/2016\/04\/p-2691-7961-300x300.jpg",300,300,true],"woocommerce_single":["https:\/\/ajupe.com.uy\/web\/wp-content\/uploads\/2016\/04\/p-2691-7961-300x355.jpg",300,355,true],"woocommerce_gallery_thumbnail":["https:\/\/ajupe.com.uy\/web\/wp-content\/uploads\/2016\/04\/p-2691-7961-100x100.jpg",100,100,true]},"post_excerpt_stackable_v2":"<p>El general Giuseppe Garibaldi crey\u00f3 firmemente en la libertad, la rep\u00fablica y la igualdad de los hombres. Luch\u00f3 contra la monarqu\u00eda, el absolutismo y el poder desenfrenado del clero, lo que lo convirti\u00f3 en un h\u00e9roe y en un mito. Sus ideales y sus convicci<\/p>\n","category_list_v2":"","author_info_v2":{"name":"","url":""},"comments_num_v2":"0 comentarios","_links":{"self":[{"href":"https:\/\/ajupe.com.uy\/web\/wp-json\/wp\/v2\/product\/2691","targetHints":{"allow":["GET"]}}],"collection":[{"href":"https:\/\/ajupe.com.uy\/web\/wp-json\/wp\/v2\/product"}],"about":[{"href":"https:\/\/ajupe.com.uy\/web\/wp-json\/wp\/v2\/types\/product"}],"wp:featuredmedia":[{"embeddable":true,"href":"https:\/\/ajupe.com.uy\/web\/wp-json\/wp\/v2\/media\/2692"}],"wp:attachment":[{"href":"https:\/\/ajupe.com.uy\/web\/wp-json\/wp\/v2\/media?parent=2691"}],"wp:term":[{"taxonomy":"product_brand","embeddable":true,"href":"https:\/\/ajupe.com.uy\/web\/wp-json\/wp\/v2\/product_brand?post=2691"},{"taxonomy":"product_cat","embeddable":true,"href":"https:\/\/ajupe.com.uy\/web\/wp-json\/wp\/v2\/product_cat?post=2691"},{"taxonomy":"product_tag","embeddable":true,"href":"https:\/\/ajupe.com.uy\/web\/wp-json\/wp\/v2\/product_tag?post=2691"}],"curies":[{"name":"wp","href":"https:\/\/api.w.org\/{rel}","templated":true}]}}