{"id":2695,"date":"2010-07-14T00:00:00","date_gmt":"2010-07-14T03:00:00","guid":{"rendered":"http:\/\/ajupe.com.uy\/web\/?post_type=product&#038;p=2695"},"modified":"2011-09-05T14:15:34","modified_gmt":"2011-09-05T17:15:34","slug":"la-senda-oscura","status":"publish","type":"product","link":"https:\/\/ajupe.com.uy\/web\/biblioteca\/la-senda-oscura\/","title":{"rendered":"La Senda Oscura"},"content":{"rendered":"<p>Una mujer aparece muerta en un lago helado. Su cuerpo, torturado, presenta una extra\u00f1a quemadura alrededor del tobillo. Desde el primer instante, la inspectora Anna-Maria Mella sabe que necesita ayuda. El cad\u00e1ver es de una de las ejecutivas de una compa\u00f1\u00eda minera cuyos tent\u00e1culos se extienden por todo el mundo. Anna-Maria necesita que una abogada le explique algunas cosas acerca del negocio, y conoce a la mejor. La abogada Rebecka Martinsson est\u00e1 desesperada por volver al trabajo despu\u00e9s de un caso que la ha destrozado, y acepta la propuesta de Anna-Maria Mella. Sus investigaciones revelan una compleja y siniestra relaci\u00f3n entre la v\u00edctima, su hermano y el director de la empresa. Todo parece indicar un m\u00f3vil sexual, pero los negocios turbios de Kallis Mining abrir\u00e1n otra v\u00eda de investigaci\u00f3n.<\/p>\n","protected":false},"excerpt":{"rendered":"<p>Una mujer aparece muerta en un lago helado. Su cuerpo, torturado, presenta una extra\u00f1a quemadura alrededor del tobillo. Desde el primer instante, la inspectora Anna-Maria Mella sabe que necesita ayuda. El cad\u00e1ver es de una de las ejecutivas de una compa\u00f1\u00ed<\/p>\n","protected":false},"featured_media":2696,"template":"","meta":[],"product_brand":[1026],"product_cat":[40],"product_tag":[],"class_list":{"0":"post-2695","1":"product","2":"type-product","3":"status-publish","4":"has-post-thumbnail","6":"product_brand-asa-larsson","7":"product_cat-policial","9":"first","10":"instock","11":"purchasable","12":"product-type-simple"},"featured_image_urls_v2":{"full":["https:\/\/ajupe.com.uy\/web\/wp-content\/uploads\/2016\/04\/p-2695-7963.jpg",291,496,false],"thumbnail":["https:\/\/ajupe.com.uy\/web\/wp-content\/uploads\/2016\/04\/p-2695-7963.jpg",150,150,true],"medium":["https:\/\/ajupe.com.uy\/web\/wp-content\/uploads\/2016\/04\/p-2695-7963.jpg",300,214,true],"medium_large":["https:\/\/ajupe.com.uy\/web\/wp-content\/uploads\/2016\/04\/p-2695-7963.jpg",291,496,false],"large":["https:\/\/ajupe.com.uy\/web\/wp-content\/uploads\/2016\/04\/p-2695-7963.jpg",291,496,false],"1536x1536":["https:\/\/ajupe.com.uy\/web\/wp-content\/uploads\/2016\/04\/p-2695-7963.jpg",291,496,false],"2048x2048":["https:\/\/ajupe.com.uy\/web\/wp-content\/uploads\/2016\/04\/p-2695-7963.jpg",291,496,false],"woocommerce_archive_thumbnail":["https:\/\/ajupe.com.uy\/web\/wp-content\/uploads\/2016\/04\/p-2695-7963-291x450.jpg",291,450,true],"woocommerce_thumbnail":["https:\/\/ajupe.com.uy\/web\/wp-content\/uploads\/2016\/04\/p-2695-7963-291x300.jpg",291,300,true],"woocommerce_single":["https:\/\/ajupe.com.uy\/web\/wp-content\/uploads\/2016\/04\/p-2695-7963.jpg",291,496,false],"woocommerce_gallery_thumbnail":["https:\/\/ajupe.com.uy\/web\/wp-content\/uploads\/2016\/04\/p-2695-7963-100x100.jpg",100,100,true]},"post_excerpt_stackable_v2":"<p>Una mujer aparece muerta en un lago helado. Su cuerpo, torturado, presenta una extra\u00f1a quemadura alrededor del tobillo. Desde el primer instante, la inspectora Anna-Maria Mella sabe que necesita ayuda. El cad\u00e1ver es de una de las ejecutivas de una compa\u00f1\u00ed<\/p>\n","category_list_v2":"","author_info_v2":{"name":"","url":""},"comments_num_v2":"0 comentarios","_links":{"self":[{"href":"https:\/\/ajupe.com.uy\/web\/wp-json\/wp\/v2\/product\/2695","targetHints":{"allow":["GET"]}}],"collection":[{"href":"https:\/\/ajupe.com.uy\/web\/wp-json\/wp\/v2\/product"}],"about":[{"href":"https:\/\/ajupe.com.uy\/web\/wp-json\/wp\/v2\/types\/product"}],"wp:featuredmedia":[{"embeddable":true,"href":"https:\/\/ajupe.com.uy\/web\/wp-json\/wp\/v2\/media\/2696"}],"wp:attachment":[{"href":"https:\/\/ajupe.com.uy\/web\/wp-json\/wp\/v2\/media?parent=2695"}],"wp:term":[{"taxonomy":"product_brand","embeddable":true,"href":"https:\/\/ajupe.com.uy\/web\/wp-json\/wp\/v2\/product_brand?post=2695"},{"taxonomy":"product_cat","embeddable":true,"href":"https:\/\/ajupe.com.uy\/web\/wp-json\/wp\/v2\/product_cat?post=2695"},{"taxonomy":"product_tag","embeddable":true,"href":"https:\/\/ajupe.com.uy\/web\/wp-json\/wp\/v2\/product_tag?post=2695"}],"curies":[{"name":"wp","href":"https:\/\/api.w.org\/{rel}","templated":true}]}}