{"id":2707,"date":"2010-07-14T00:00:00","date_gmt":"2010-07-14T03:00:00","guid":{"rendered":"http:\/\/ajupe.com.uy\/web\/?post_type=product&#038;p=2707"},"modified":"2014-05-14T18:32:58","modified_gmt":"2014-05-14T21:32:58","slug":"muertes-paralelas","status":"publish","type":"product","link":"https:\/\/ajupe.com.uy\/web\/biblioteca\/muertes-paralelas\/","title":{"rendered":"Muertes Paralelas"},"content":{"rendered":"<p>El capit\u00e1n Carmine Delmonico se enfrenta a uno de sus casos m\u00e1s desconcertantes. Evan Pugh, un universitario de Holloman, Connecticut, ha chantajeado a un tal Motor Mouth, por cien mil d\u00f3lares. Cuando el 3 de abril coge el paquete con el dinero, en su habitaci\u00f3n, se activa una trampa para osos. Dos horas despu\u00e9s Evan ha muerto desangrado, con una carta de Motor Mouth en el bolsillo y el dinero en sus manos. Delmonico investigar\u00e1 este extra\u00f1o crimen, el und\u00e9cimo en dieciocho horas, en un pueblo normalmente pac\u00edfico. Puede tratarse de un asesino en serie, pero no parece haber conexi\u00f3n entre las v\u00edctimas&#8230;<\/p>\n","protected":false},"excerpt":{"rendered":"<p>El capit\u00e1n Carmine Delmonico se enfrenta a uno de sus casos m\u00e1s desconcertantes. Evan Pugh, un universitario de Holloman, Connecticut, ha chantajeado a un tal Motor Mouth, por cien mil d\u00f3lares. Cuando el 3 de abril coge el paquete con el dinero, en su hab<\/p>\n","protected":false},"featured_media":2708,"template":"","meta":[],"product_brand":[1051],"product_cat":[40],"product_tag":[],"class_list":{"0":"post-2707","1":"product","2":"type-product","3":"status-publish","4":"has-post-thumbnail","6":"product_brand-mercedes-vigil-raul-vallarino","7":"product_cat-policial","9":"first","10":"instock","11":"purchasable","12":"product-type-simple"},"featured_image_urls_v2":{"full":["https:\/\/ajupe.com.uy\/web\/wp-content\/uploads\/2016\/04\/p-2707-7977.jpg",385,589,false],"thumbnail":["https:\/\/ajupe.com.uy\/web\/wp-content\/uploads\/2016\/04\/p-2707-7977.jpg",150,150,true],"medium":["https:\/\/ajupe.com.uy\/web\/wp-content\/uploads\/2016\/04\/p-2707-7977.jpg",300,214,true],"medium_large":["https:\/\/ajupe.com.uy\/web\/wp-content\/uploads\/2016\/04\/p-2707-7977.jpg",385,589,false],"large":["https:\/\/ajupe.com.uy\/web\/wp-content\/uploads\/2016\/04\/p-2707-7977.jpg",385,589,false],"1536x1536":["https:\/\/ajupe.com.uy\/web\/wp-content\/uploads\/2016\/04\/p-2707-7977.jpg",385,589,false],"2048x2048":["https:\/\/ajupe.com.uy\/web\/wp-content\/uploads\/2016\/04\/p-2707-7977.jpg",385,589,false],"woocommerce_archive_thumbnail":["https:\/\/ajupe.com.uy\/web\/wp-content\/uploads\/2016\/04\/p-2707-7977-300x450.jpg",300,450,true],"woocommerce_thumbnail":["https:\/\/ajupe.com.uy\/web\/wp-content\/uploads\/2016\/04\/p-2707-7977-300x300.jpg",300,300,true],"woocommerce_single":["https:\/\/ajupe.com.uy\/web\/wp-content\/uploads\/2016\/04\/p-2707-7977-300x459.jpg",300,459,true],"woocommerce_gallery_thumbnail":["https:\/\/ajupe.com.uy\/web\/wp-content\/uploads\/2016\/04\/p-2707-7977-100x100.jpg",100,100,true]},"post_excerpt_stackable_v2":"<p>El capit\u00e1n Carmine Delmonico se enfrenta a uno de sus casos m\u00e1s desconcertantes. Evan Pugh, un universitario de Holloman, Connecticut, ha chantajeado a un tal Motor Mouth, por cien mil d\u00f3lares. Cuando el 3 de abril coge el paquete con el dinero, en su hab<\/p>\n","category_list_v2":"","author_info_v2":{"name":"","url":""},"comments_num_v2":"0 comentarios","_links":{"self":[{"href":"https:\/\/ajupe.com.uy\/web\/wp-json\/wp\/v2\/product\/2707","targetHints":{"allow":["GET"]}}],"collection":[{"href":"https:\/\/ajupe.com.uy\/web\/wp-json\/wp\/v2\/product"}],"about":[{"href":"https:\/\/ajupe.com.uy\/web\/wp-json\/wp\/v2\/types\/product"}],"wp:featuredmedia":[{"embeddable":true,"href":"https:\/\/ajupe.com.uy\/web\/wp-json\/wp\/v2\/media\/2708"}],"wp:attachment":[{"href":"https:\/\/ajupe.com.uy\/web\/wp-json\/wp\/v2\/media?parent=2707"}],"wp:term":[{"taxonomy":"product_brand","embeddable":true,"href":"https:\/\/ajupe.com.uy\/web\/wp-json\/wp\/v2\/product_brand?post=2707"},{"taxonomy":"product_cat","embeddable":true,"href":"https:\/\/ajupe.com.uy\/web\/wp-json\/wp\/v2\/product_cat?post=2707"},{"taxonomy":"product_tag","embeddable":true,"href":"https:\/\/ajupe.com.uy\/web\/wp-json\/wp\/v2\/product_tag?post=2707"}],"curies":[{"name":"wp","href":"https:\/\/api.w.org\/{rel}","templated":true}]}}