{"id":2721,"date":"2010-07-14T00:00:00","date_gmt":"2010-07-14T03:00:00","guid":{"rendered":"http:\/\/ajupe.com.uy\/web\/?post_type=product&#038;p=2721"},"modified":"2011-09-20T20:04:46","modified_gmt":"2011-09-20T23:04:46","slug":"estado-de-sitio","status":"publish","type":"product","link":"https:\/\/ajupe.com.uy\/web\/biblioteca\/estado-de-sitio\/","title":{"rendered":"Estado de sitio"},"content":{"rendered":"<p>Philip M. Santore es secuestrado junto con dos personalidades: un consul y un agregado diplom\u00e1tico. \u00bfQui\u00e9n es ese hombre cuyo trabajo es ser \u201dexperto en comunicaciones\u201d y que ha ejercido esas funciones en varios pa\u00edses de Am\u00e9rica Latina que poco despu\u00e9s han sufrido una agitaci\u00f3n pol\u00edtica que ha dado la victoria a gobiernos en su mayor\u00eda compuestos por militares extremistas?\u2026<\/p>\n","protected":false},"excerpt":{"rendered":"<p>Philip M. Santore es secuestrado junto con dos personalidades: un consul y un agregado diplom\u00e1tico. \u00bfQui\u00e9n es ese hombre cuyo trabajo es ser \u201dexperto en comunicaciones\u201d y que ha ejercido esas funciones en varios pa\u00edses de Am\u00e9rica Latina que poco despu\u00e9s h<\/p>\n","protected":false},"featured_media":2722,"template":"","meta":[],"product_brand":[1060],"product_cat":[47],"product_tag":[],"class_list":{"0":"post-2721","1":"product","2":"type-product","3":"status-publish","4":"has-post-thumbnail","6":"product_brand-costa-gavras","7":"product_cat-ensayo","9":"first","10":"instock","11":"purchasable","12":"product-type-simple"},"featured_image_urls_v2":{"full":["https:\/\/ajupe.com.uy\/web\/wp-content\/uploads\/2016\/04\/p-2721-7385.jpg",300,425,false],"thumbnail":["https:\/\/ajupe.com.uy\/web\/wp-content\/uploads\/2016\/04\/p-2721-7385.jpg",150,150,true],"medium":["https:\/\/ajupe.com.uy\/web\/wp-content\/uploads\/2016\/04\/p-2721-7385.jpg",300,214,true],"medium_large":["https:\/\/ajupe.com.uy\/web\/wp-content\/uploads\/2016\/04\/p-2721-7385.jpg",300,425,false],"large":["https:\/\/ajupe.com.uy\/web\/wp-content\/uploads\/2016\/04\/p-2721-7385.jpg",300,425,false],"1536x1536":["https:\/\/ajupe.com.uy\/web\/wp-content\/uploads\/2016\/04\/p-2721-7385.jpg",300,425,false],"2048x2048":["https:\/\/ajupe.com.uy\/web\/wp-content\/uploads\/2016\/04\/p-2721-7385.jpg",300,425,false],"woocommerce_archive_thumbnail":["https:\/\/ajupe.com.uy\/web\/wp-content\/uploads\/2016\/04\/p-2721-7385-300x400.jpg",300,400,true],"woocommerce_thumbnail":["https:\/\/ajupe.com.uy\/web\/wp-content\/uploads\/2016\/04\/p-2721-7385-300x300.jpg",300,300,true],"woocommerce_single":["https:\/\/ajupe.com.uy\/web\/wp-content\/uploads\/2016\/04\/p-2721-7385.jpg",300,425,false],"woocommerce_gallery_thumbnail":["https:\/\/ajupe.com.uy\/web\/wp-content\/uploads\/2016\/04\/p-2721-7385-100x100.jpg",100,100,true]},"post_excerpt_stackable_v2":"<p>Philip M. Santore es secuestrado junto con dos personalidades: un consul y un agregado diplom\u00e1tico. \u00bfQui\u00e9n es ese hombre cuyo trabajo es ser \u201dexperto en comunicaciones\u201d y que ha ejercido esas funciones en varios pa\u00edses de Am\u00e9rica Latina que poco despu\u00e9s h<\/p>\n","category_list_v2":"","author_info_v2":{"name":"","url":""},"comments_num_v2":"0 comentarios","_links":{"self":[{"href":"https:\/\/ajupe.com.uy\/web\/wp-json\/wp\/v2\/product\/2721","targetHints":{"allow":["GET"]}}],"collection":[{"href":"https:\/\/ajupe.com.uy\/web\/wp-json\/wp\/v2\/product"}],"about":[{"href":"https:\/\/ajupe.com.uy\/web\/wp-json\/wp\/v2\/types\/product"}],"wp:featuredmedia":[{"embeddable":true,"href":"https:\/\/ajupe.com.uy\/web\/wp-json\/wp\/v2\/media\/2722"}],"wp:attachment":[{"href":"https:\/\/ajupe.com.uy\/web\/wp-json\/wp\/v2\/media?parent=2721"}],"wp:term":[{"taxonomy":"product_brand","embeddable":true,"href":"https:\/\/ajupe.com.uy\/web\/wp-json\/wp\/v2\/product_brand?post=2721"},{"taxonomy":"product_cat","embeddable":true,"href":"https:\/\/ajupe.com.uy\/web\/wp-json\/wp\/v2\/product_cat?post=2721"},{"taxonomy":"product_tag","embeddable":true,"href":"https:\/\/ajupe.com.uy\/web\/wp-json\/wp\/v2\/product_tag?post=2721"}],"curies":[{"name":"wp","href":"https:\/\/api.w.org\/{rel}","templated":true}]}}