{"id":2749,"date":"2011-08-01T21:01:45","date_gmt":"2011-08-02T00:01:45","guid":{"rendered":"http:\/\/ajupe.com.uy\/web\/?post_type=product&#038;p=2749"},"modified":"2011-09-15T21:15:02","modified_gmt":"2011-09-16T00:15:02","slug":"la-cinta-roja","status":"publish","type":"product","link":"https:\/\/ajupe.com.uy\/web\/biblioteca\/la-cinta-roja\/","title":{"rendered":"La cinta roja"},"content":{"rendered":"<p>Biograf\u00eda novelada de Teresa Cabarr\u00fas, una noble de origen espa\u00f1ol y  belleza legendaria que tuvo una juventud apasionante y aventurera. En  plena Revoluci\u00f3n francesa, fue encarcelada durante el Terror y rescatada  por el que luego ser\u00eda su marido, Tallien. Ambos tuvieron un papel  decisivo en la muerte de Robespierre.<\/p>\n","protected":false},"excerpt":{"rendered":"<p>Biograf\u00eda novelada de Teresa Cabarr\u00fas, una noble de origen espa\u00f1ol y belleza legendaria que tuvo una juventud apasionante y aventurera. En plena Revoluci\u00f3n francesa, fue encarcelada durante el Terror y rescatada por el que luego ser\u00eda su marido, Tallien. Ambos tuvieron un papel decisivo en la muerte de Robespierre.<\/p>\n","protected":false},"featured_media":2750,"template":"","meta":[],"product_brand":[130],"product_cat":[29],"product_tag":[],"class_list":{"0":"post-2749","1":"product","2":"type-product","3":"status-publish","4":"has-post-thumbnail","6":"product_brand-carmen-posadas","7":"product_cat-novela","9":"first","10":"instock","11":"purchasable","12":"product-type-simple"},"featured_image_urls_v2":{"full":["https:\/\/ajupe.com.uy\/web\/wp-content\/uploads\/2016\/04\/p-2749-La_cinta_roja_4e371469084b9.jpg",320,487,false],"thumbnail":["https:\/\/ajupe.com.uy\/web\/wp-content\/uploads\/2016\/04\/p-2749-La_cinta_roja_4e371469084b9.jpg",150,150,true],"medium":["https:\/\/ajupe.com.uy\/web\/wp-content\/uploads\/2016\/04\/p-2749-La_cinta_roja_4e371469084b9.jpg",300,214,true],"medium_large":["https:\/\/ajupe.com.uy\/web\/wp-content\/uploads\/2016\/04\/p-2749-La_cinta_roja_4e371469084b9.jpg",320,487,false],"large":["https:\/\/ajupe.com.uy\/web\/wp-content\/uploads\/2016\/04\/p-2749-La_cinta_roja_4e371469084b9.jpg",320,487,false],"1536x1536":["https:\/\/ajupe.com.uy\/web\/wp-content\/uploads\/2016\/04\/p-2749-La_cinta_roja_4e371469084b9.jpg",320,487,false],"2048x2048":["https:\/\/ajupe.com.uy\/web\/wp-content\/uploads\/2016\/04\/p-2749-La_cinta_roja_4e371469084b9.jpg",320,487,false],"woocommerce_archive_thumbnail":["https:\/\/ajupe.com.uy\/web\/wp-content\/uploads\/2016\/04\/p-2749-La_cinta_roja_4e371469084b9-300x450.jpg",300,450,true],"woocommerce_thumbnail":["https:\/\/ajupe.com.uy\/web\/wp-content\/uploads\/2016\/04\/p-2749-La_cinta_roja_4e371469084b9-300x300.jpg",300,300,true],"woocommerce_single":["https:\/\/ajupe.com.uy\/web\/wp-content\/uploads\/2016\/04\/p-2749-La_cinta_roja_4e371469084b9-300x457.jpg",300,457,true],"woocommerce_gallery_thumbnail":["https:\/\/ajupe.com.uy\/web\/wp-content\/uploads\/2016\/04\/p-2749-La_cinta_roja_4e371469084b9-100x100.jpg",100,100,true]},"post_excerpt_stackable_v2":"<p>Biograf\u00eda novelada de Teresa Cabarr\u00fas, una noble de origen espa\u00f1ol y belleza legendaria que tuvo una juventud apasionante y aventurera. En plena Revoluci\u00f3n francesa, fue encarcelada durante el Terror y rescatada por el que luego ser\u00eda su marido, Tallien. Ambos tuvieron un papel decisivo en la muerte de Robespierre.<\/p>\n","category_list_v2":"","author_info_v2":{"name":"","url":""},"comments_num_v2":"0 comentarios","_links":{"self":[{"href":"https:\/\/ajupe.com.uy\/web\/wp-json\/wp\/v2\/product\/2749","targetHints":{"allow":["GET"]}}],"collection":[{"href":"https:\/\/ajupe.com.uy\/web\/wp-json\/wp\/v2\/product"}],"about":[{"href":"https:\/\/ajupe.com.uy\/web\/wp-json\/wp\/v2\/types\/product"}],"wp:featuredmedia":[{"embeddable":true,"href":"https:\/\/ajupe.com.uy\/web\/wp-json\/wp\/v2\/media\/2750"}],"wp:attachment":[{"href":"https:\/\/ajupe.com.uy\/web\/wp-json\/wp\/v2\/media?parent=2749"}],"wp:term":[{"taxonomy":"product_brand","embeddable":true,"href":"https:\/\/ajupe.com.uy\/web\/wp-json\/wp\/v2\/product_brand?post=2749"},{"taxonomy":"product_cat","embeddable":true,"href":"https:\/\/ajupe.com.uy\/web\/wp-json\/wp\/v2\/product_cat?post=2749"},{"taxonomy":"product_tag","embeddable":true,"href":"https:\/\/ajupe.com.uy\/web\/wp-json\/wp\/v2\/product_tag?post=2749"}],"curies":[{"name":"wp","href":"https:\/\/api.w.org\/{rel}","templated":true}]}}