{"id":2755,"date":"2011-08-01T21:10:10","date_gmt":"2011-08-02T00:10:10","guid":{"rendered":"http:\/\/ajupe.com.uy\/web\/?post_type=product&#038;p=2755"},"modified":"2011-08-01T21:10:10","modified_gmt":"2011-08-02T00:10:10","slug":"t-de-trampa","status":"publish","type":"product","link":"https:\/\/ajupe.com.uy\/web\/biblioteca\/t-de-trampa\/","title":{"rendered":"T de Trampa"},"content":{"rendered":"<p>Es el mes de diciembre, y Kinsey Millhone atraviesa una \u00e9poca de calma.  Tiene entre manos un caso rutinario: una colisi\u00f3n entre dos veh\u00edculos,  que ha de investigar para el abogado Lowell Effinger. Sin embargo, a  medida que avanza en sus pesquisas, empieza a sospechar que la mayor\u00eda  de los implicados, incluidos los testigos, no son lo que parecen.  Adem\u00e1s, la tranquilidad de Kinsey se ve perturbada cuando Gus Vronsky,  un vecino que no se distingue precisamente por su amabilidad ni su buen  humor, sufre una ca\u00edda y no puede valerse por s\u00ed mismo; contrata  entonces a Solana Rojas, una enfermera que habr\u00e1 de cuidarlo y tras cuya  aparici\u00f3n Gus parece ir de mal en peor. Para colmo, Henry, el  octogenario casero de Kinsey, se echa novia e insiste en que la  detective le d\u00e9 su opini\u00f3n. Inmersa de pronto en todos estos asuntos que  no le dan respiro, Kinsey se ve obligada a agudizar su olfato de  investigadora, pues tendr\u00e1 que lidiar con peligrosos psic\u00f3patas, con  desaprensivos inquilinos y caseros y con ciudadanos aparentemente  honestos que, de una manera u otra, hacen trampa y ocultan una identidad  irredenta.<\/p>\n","protected":false},"excerpt":{"rendered":"<p>Es el mes de diciembre, y Kinsey Millhone atraviesa una \u00e9poca de calma. Tiene entre manos un caso rutinario: una colisi\u00f3n entre dos veh\u00edculos, que ha de investigar para el abogado Lowell Effinger. Sin embargo, a medida que avanza en sus pesquisas, empieza a sospechar que la mayor\u00eda de los implicados, incluidos los testigos, no [&hellip;]<\/p>\n","protected":false},"featured_media":2756,"template":"","meta":[],"product_brand":[900],"product_cat":[40],"product_tag":[],"class_list":{"0":"post-2755","1":"product","2":"type-product","3":"status-publish","4":"has-post-thumbnail","6":"product_brand-sue-grafton","7":"product_cat-policial","9":"first","10":"instock","11":"purchasable","12":"product-type-simple"},"featured_image_urls_v2":{"full":["https:\/\/ajupe.com.uy\/web\/wp-content\/uploads\/2016\/04\/p-2755-T_de_Trampa_4e371632c6b62.jpg",133,200,false],"thumbnail":["https:\/\/ajupe.com.uy\/web\/wp-content\/uploads\/2016\/04\/p-2755-T_de_Trampa_4e371632c6b62.jpg",150,150,true],"medium":["https:\/\/ajupe.com.uy\/web\/wp-content\/uploads\/2016\/04\/p-2755-T_de_Trampa_4e371632c6b62.jpg",300,214,true],"medium_large":["https:\/\/ajupe.com.uy\/web\/wp-content\/uploads\/2016\/04\/p-2755-T_de_Trampa_4e371632c6b62.jpg",133,200,false],"large":["https:\/\/ajupe.com.uy\/web\/wp-content\/uploads\/2016\/04\/p-2755-T_de_Trampa_4e371632c6b62.jpg",133,200,false],"1536x1536":["https:\/\/ajupe.com.uy\/web\/wp-content\/uploads\/2016\/04\/p-2755-T_de_Trampa_4e371632c6b62.jpg",133,200,false],"2048x2048":["https:\/\/ajupe.com.uy\/web\/wp-content\/uploads\/2016\/04\/p-2755-T_de_Trampa_4e371632c6b62.jpg",133,200,false],"woocommerce_archive_thumbnail":["https:\/\/ajupe.com.uy\/web\/wp-content\/uploads\/2016\/04\/p-2755-T_de_Trampa_4e371632c6b62.jpg",133,200,false],"woocommerce_thumbnail":["https:\/\/ajupe.com.uy\/web\/wp-content\/uploads\/2016\/04\/p-2755-T_de_Trampa_4e371632c6b62.jpg",133,200,false],"woocommerce_single":["https:\/\/ajupe.com.uy\/web\/wp-content\/uploads\/2016\/04\/p-2755-T_de_Trampa_4e371632c6b62.jpg",133,200,false],"woocommerce_gallery_thumbnail":["https:\/\/ajupe.com.uy\/web\/wp-content\/uploads\/2016\/04\/p-2755-T_de_Trampa_4e371632c6b62-100x100.jpg",100,100,true]},"post_excerpt_stackable_v2":"<p>Es el mes de diciembre, y Kinsey Millhone atraviesa una \u00e9poca de calma. Tiene entre manos un caso rutinario: una colisi\u00f3n entre dos veh\u00edculos, que ha de investigar para el abogado Lowell Effinger. Sin embargo, a medida que avanza en sus pesquisas, empieza a sospechar que la mayor\u00eda de los implicados, incluidos los testigos, no son lo que parecen. Adem\u00e1s, la tranquilidad de Kinsey se ve perturbada cuando Gus Vronsky, un vecino que no se distingue precisamente por su amabilidad ni su buen humor, sufre una ca\u00edda y no puede valerse por s\u00ed mismo; contrata entonces a Solana Rojas, una&hellip;<\/p>\n","category_list_v2":"","author_info_v2":{"name":"","url":""},"comments_num_v2":"0 comentarios","_links":{"self":[{"href":"https:\/\/ajupe.com.uy\/web\/wp-json\/wp\/v2\/product\/2755","targetHints":{"allow":["GET"]}}],"collection":[{"href":"https:\/\/ajupe.com.uy\/web\/wp-json\/wp\/v2\/product"}],"about":[{"href":"https:\/\/ajupe.com.uy\/web\/wp-json\/wp\/v2\/types\/product"}],"wp:featuredmedia":[{"embeddable":true,"href":"https:\/\/ajupe.com.uy\/web\/wp-json\/wp\/v2\/media\/2756"}],"wp:attachment":[{"href":"https:\/\/ajupe.com.uy\/web\/wp-json\/wp\/v2\/media?parent=2755"}],"wp:term":[{"taxonomy":"product_brand","embeddable":true,"href":"https:\/\/ajupe.com.uy\/web\/wp-json\/wp\/v2\/product_brand?post=2755"},{"taxonomy":"product_cat","embeddable":true,"href":"https:\/\/ajupe.com.uy\/web\/wp-json\/wp\/v2\/product_cat?post=2755"},{"taxonomy":"product_tag","embeddable":true,"href":"https:\/\/ajupe.com.uy\/web\/wp-json\/wp\/v2\/product_tag?post=2755"}],"curies":[{"name":"wp","href":"https:\/\/api.w.org\/{rel}","templated":true}]}}