{"id":2776,"date":"2011-08-02T20:27:47","date_gmt":"2011-08-02T23:27:47","guid":{"rendered":"http:\/\/ajupe.com.uy\/web\/?post_type=product&#038;p=2776"},"modified":"2011-09-15T21:25:52","modified_gmt":"2011-09-16T00:25:52","slug":"la-verdadera-historia-de-malinche","status":"publish","type":"product","link":"https:\/\/ajupe.com.uy\/web\/biblioteca\/la-verdadera-historia-de-malinche\/","title":{"rendered":"La verdadera historia de Malinche"},"content":{"rendered":"<p>En 1519, los mexicanos cre\u00edan vivir bajo el quinto sol de la Creaci\u00f3n, el que, como todo ciclo vital, tambi\u00e9n llegar\u00eda a sus fin. Ese a\u00f1o, en las costas de la pen\u00ednsula Maya, se divisaron extra\u00f1as embarcaciones -\u00abgrandes como casas\u00bb- que, junto con otros presagios, parec\u00edan preludiar el fin de la civilizaci\u00f3n. Este libro recrea ese momento decisivo desde la voz de Marina -la jovencita nativa que fue traductora y mujer de Cort\u00e9s durante la conquista de M\u00e9xico- en la forma de treinta cartas dirigidas a su hijo y un testamento que son, a un mismo tiempo, ex\u00e9gesis y alegato de la colaboraci\u00f3n que prest\u00f3 al ej\u00e9rcito invasor. La vida de Marina estuvo marcada por la adversidad: hu\u00e9rfana de padre, cuando era solamente una ni\u00f1a su madre la dio a traficantes de esclavos, conden\u00e1ndola al exilio y a la servidumbre. Pero al ser entregada a los espa\u00f1oles, r\u00e1pidamente alcanz\u00f3 una estatura impensada: cumpli\u00f3 funciones de ministra de guerra y de pol\u00edtica exterior, enfrent\u00f3 cada batalla con entereza de soldado, abraz\u00f3 la fe cat\u00f3lica con impar devoci\u00f3n y fue una evangelizadora tan eficaz que la Iglesia deber\u00eda considerar canonizarla. Por sobre todo lo dem\u00e1s, Marina fue amada esposa de don Fernando, compa\u00f1era de armas y del alma; en el marco de su apasionada alianza se gest\u00f3 el nacimiento de la Nueva Espa\u00f1a.<\/p>\n","protected":false},"excerpt":{"rendered":"<p>Resultado de una investigaci\u00f3n exhaustiva arroja una nueva luz sobre algunos de los secretos mejor guardados de la historia mexicana, como la singular relaci\u00f3n de Marina y Fernando, sin la que no es posible concebir el M\u00e9xico de hoy.<\/p>\n","protected":false},"featured_media":2777,"template":"","meta":[],"product_brand":[648],"product_cat":[29],"product_tag":[],"class_list":{"0":"post-2776","1":"product","2":"type-product","3":"status-publish","4":"has-post-thumbnail","6":"product_brand-fanny-del-rio","7":"product_cat-novela","9":"first","10":"instock","11":"purchasable","12":"product-type-simple"},"featured_image_urls_v2":{"full":["https:\/\/ajupe.com.uy\/web\/wp-content\/uploads\/2016\/04\/p-2776-La_verdadera_his_4e385dc390e84.jpg",250,250,false],"thumbnail":["https:\/\/ajupe.com.uy\/web\/wp-content\/uploads\/2016\/04\/p-2776-La_verdadera_his_4e385dc390e84.jpg",150,150,true],"medium":["https:\/\/ajupe.com.uy\/web\/wp-content\/uploads\/2016\/04\/p-2776-La_verdadera_his_4e385dc390e84.jpg",300,214,true],"medium_large":["https:\/\/ajupe.com.uy\/web\/wp-content\/uploads\/2016\/04\/p-2776-La_verdadera_his_4e385dc390e84.jpg",250,250,false],"large":["https:\/\/ajupe.com.uy\/web\/wp-content\/uploads\/2016\/04\/p-2776-La_verdadera_his_4e385dc390e84.jpg",250,250,false],"1536x1536":["https:\/\/ajupe.com.uy\/web\/wp-content\/uploads\/2016\/04\/p-2776-La_verdadera_his_4e385dc390e84.jpg",250,250,false],"2048x2048":["https:\/\/ajupe.com.uy\/web\/wp-content\/uploads\/2016\/04\/p-2776-La_verdadera_his_4e385dc390e84.jpg",250,250,false],"woocommerce_archive_thumbnail":["https:\/\/ajupe.com.uy\/web\/wp-content\/uploads\/2016\/04\/p-2776-La_verdadera_his_4e385dc390e84.jpg",250,250,false],"woocommerce_thumbnail":["https:\/\/ajupe.com.uy\/web\/wp-content\/uploads\/2016\/04\/p-2776-La_verdadera_his_4e385dc390e84.jpg",250,250,false],"woocommerce_single":["https:\/\/ajupe.com.uy\/web\/wp-content\/uploads\/2016\/04\/p-2776-La_verdadera_his_4e385dc390e84.jpg",250,250,false],"woocommerce_gallery_thumbnail":["https:\/\/ajupe.com.uy\/web\/wp-content\/uploads\/2016\/04\/p-2776-La_verdadera_his_4e385dc390e84-100x100.jpg",100,100,true]},"post_excerpt_stackable_v2":"<p>Resultado de una investigaci\u00f3n exhaustiva arroja una nueva luz sobre algunos de los secretos mejor guardados de la historia mexicana, como la singular relaci\u00f3n de Marina y Fernando, sin la que no es posible concebir el M\u00e9xico de hoy.<\/p>\n","category_list_v2":"","author_info_v2":{"name":"","url":""},"comments_num_v2":"0 comentarios","_links":{"self":[{"href":"https:\/\/ajupe.com.uy\/web\/wp-json\/wp\/v2\/product\/2776","targetHints":{"allow":["GET"]}}],"collection":[{"href":"https:\/\/ajupe.com.uy\/web\/wp-json\/wp\/v2\/product"}],"about":[{"href":"https:\/\/ajupe.com.uy\/web\/wp-json\/wp\/v2\/types\/product"}],"wp:featuredmedia":[{"embeddable":true,"href":"https:\/\/ajupe.com.uy\/web\/wp-json\/wp\/v2\/media\/2777"}],"wp:attachment":[{"href":"https:\/\/ajupe.com.uy\/web\/wp-json\/wp\/v2\/media?parent=2776"}],"wp:term":[{"taxonomy":"product_brand","embeddable":true,"href":"https:\/\/ajupe.com.uy\/web\/wp-json\/wp\/v2\/product_brand?post=2776"},{"taxonomy":"product_cat","embeddable":true,"href":"https:\/\/ajupe.com.uy\/web\/wp-json\/wp\/v2\/product_cat?post=2776"},{"taxonomy":"product_tag","embeddable":true,"href":"https:\/\/ajupe.com.uy\/web\/wp-json\/wp\/v2\/product_tag?post=2776"}],"curies":[{"name":"wp","href":"https:\/\/api.w.org\/{rel}","templated":true}]}}