{"id":2779,"date":"2011-08-02T20:47:49","date_gmt":"2011-08-02T23:47:49","guid":{"rendered":"http:\/\/ajupe.com.uy\/web\/?post_type=product&#038;p=2779"},"modified":"2011-09-15T21:27:23","modified_gmt":"2011-09-16T00:27:23","slug":"destino-oscuro","status":"publish","type":"product","link":"https:\/\/ajupe.com.uy\/web\/biblioteca\/destino-oscuro\/","title":{"rendered":"Destino oscuro"},"content":{"rendered":"<p>Son seres de la noche, buscando eternamente su amante para ver la luz&#8230; <br \/>La  infancia de Destiny fue una pesadilla de violencia y dolor hasta oir  una voz que la llamaba, resplandeciente, seductora, la voz de un \u00e1ngel.  \u00c9l le hab\u00eda mostrado que ten\u00eda que hacer para sobrevivir, la hab\u00eda  ense\u00f1ado los extraordinarios dones, la entren\u00f3 en el antiguo arte de  cazar vampiros. Pero no pod\u00eda doblegarla a su voluntad, ni atraerla  hacia \u00e9l, nada importaba lo poderoso que fuera. Mientras Destiny luchaba  contra un antiguo deminio en el brillante laberinto de las cavernas de  cristal, \u00e9l susurr\u00e1 en su mente, forjando una uni\u00f3n irrompible de  necesidad y confianza. S\u00f3lo con Nicolae ella encontrar\u00e1 el valor para  abrazar la promesa de su oscuro seductor destino.<\/p>\n","protected":false},"excerpt":{"rendered":"<p>Son seres de la noche, buscando eternamente su amante para ver la luz&#8230; La infancia de Destiny fue una pesadilla de violencia y dolor hasta oir una voz que la llamaba, resplandeciente, seductora, la voz de un \u00e1ngel. \u00c9l le hab\u00eda mostrado que ten\u00eda que hacer para sobrevivir, la hab\u00eda ense\u00f1ado los extraordinarios dones, la [&hellip;]<\/p>\n","protected":false},"featured_media":2780,"template":"","meta":[],"product_brand":[606],"product_cat":[38,29],"product_tag":[],"class_list":{"0":"post-2779","1":"product","2":"type-product","3":"status-publish","4":"has-post-thumbnail","6":"product_brand-christine-feehan","7":"product_cat-amor","8":"product_cat-novela","10":"first","11":"instock","12":"purchasable","13":"product-type-simple"},"featured_image_urls_v2":{"full":["https:\/\/ajupe.com.uy\/web\/wp-content\/uploads\/2016\/04\/p-2779-Destino_oscuro_4e38627557c51.jpg",380,589,false],"thumbnail":["https:\/\/ajupe.com.uy\/web\/wp-content\/uploads\/2016\/04\/p-2779-Destino_oscuro_4e38627557c51.jpg",150,150,true],"medium":["https:\/\/ajupe.com.uy\/web\/wp-content\/uploads\/2016\/04\/p-2779-Destino_oscuro_4e38627557c51.jpg",300,214,true],"medium_large":["https:\/\/ajupe.com.uy\/web\/wp-content\/uploads\/2016\/04\/p-2779-Destino_oscuro_4e38627557c51.jpg",380,589,false],"large":["https:\/\/ajupe.com.uy\/web\/wp-content\/uploads\/2016\/04\/p-2779-Destino_oscuro_4e38627557c51.jpg",380,589,false],"1536x1536":["https:\/\/ajupe.com.uy\/web\/wp-content\/uploads\/2016\/04\/p-2779-Destino_oscuro_4e38627557c51.jpg",380,589,false],"2048x2048":["https:\/\/ajupe.com.uy\/web\/wp-content\/uploads\/2016\/04\/p-2779-Destino_oscuro_4e38627557c51.jpg",380,589,false],"woocommerce_archive_thumbnail":["https:\/\/ajupe.com.uy\/web\/wp-content\/uploads\/2016\/04\/p-2779-Destino_oscuro_4e38627557c51-300x450.jpg",300,450,true],"woocommerce_thumbnail":["https:\/\/ajupe.com.uy\/web\/wp-content\/uploads\/2016\/04\/p-2779-Destino_oscuro_4e38627557c51-300x300.jpg",300,300,true],"woocommerce_single":["https:\/\/ajupe.com.uy\/web\/wp-content\/uploads\/2016\/04\/p-2779-Destino_oscuro_4e38627557c51-300x465.jpg",300,465,true],"woocommerce_gallery_thumbnail":["https:\/\/ajupe.com.uy\/web\/wp-content\/uploads\/2016\/04\/p-2779-Destino_oscuro_4e38627557c51-100x100.jpg",100,100,true]},"post_excerpt_stackable_v2":"<p>Son seres de la noche, buscando eternamente su amante para ver la luz&#8230; La infancia de Destiny fue una pesadilla de violencia y dolor hasta oir una voz que la llamaba, resplandeciente, seductora, la voz de un \u00e1ngel. \u00c9l le hab\u00eda mostrado que ten\u00eda que hacer para sobrevivir, la hab\u00eda ense\u00f1ado los extraordinarios dones, la entren\u00f3 en el antiguo arte de cazar vampiros. Pero no pod\u00eda doblegarla a su voluntad, ni atraerla hacia \u00e9l, nada importaba lo poderoso que fuera. Mientras Destiny luchaba contra un antiguo deminio en el brillante laberinto de las cavernas de cristal, \u00e9l susurr\u00e1 en su&hellip;<\/p>\n","category_list_v2":"","author_info_v2":{"name":"","url":""},"comments_num_v2":"0 comentarios","_links":{"self":[{"href":"https:\/\/ajupe.com.uy\/web\/wp-json\/wp\/v2\/product\/2779","targetHints":{"allow":["GET"]}}],"collection":[{"href":"https:\/\/ajupe.com.uy\/web\/wp-json\/wp\/v2\/product"}],"about":[{"href":"https:\/\/ajupe.com.uy\/web\/wp-json\/wp\/v2\/types\/product"}],"wp:featuredmedia":[{"embeddable":true,"href":"https:\/\/ajupe.com.uy\/web\/wp-json\/wp\/v2\/media\/2780"}],"wp:attachment":[{"href":"https:\/\/ajupe.com.uy\/web\/wp-json\/wp\/v2\/media?parent=2779"}],"wp:term":[{"taxonomy":"product_brand","embeddable":true,"href":"https:\/\/ajupe.com.uy\/web\/wp-json\/wp\/v2\/product_brand?post=2779"},{"taxonomy":"product_cat","embeddable":true,"href":"https:\/\/ajupe.com.uy\/web\/wp-json\/wp\/v2\/product_cat?post=2779"},{"taxonomy":"product_tag","embeddable":true,"href":"https:\/\/ajupe.com.uy\/web\/wp-json\/wp\/v2\/product_tag?post=2779"}],"curies":[{"name":"wp","href":"https:\/\/api.w.org\/{rel}","templated":true}]}}