{"id":2782,"date":"2011-08-02T20:53:13","date_gmt":"2011-08-02T23:53:13","guid":{"rendered":"http:\/\/ajupe.com.uy\/web\/?post_type=product&#038;p=2782"},"modified":"2011-09-15T21:26:45","modified_gmt":"2011-09-16T00:26:45","slug":"tutankamon","status":"publish","type":"product","link":"https:\/\/ajupe.com.uy\/web\/biblioteca\/tutankamon\/","title":{"rendered":"Tutankamon"},"content":{"rendered":"<p>El Cairo, 1951. Farouq es un tirano cruel y corrupto que reina Egipto.  Mark Wilder, abogado americano, recibe una carta an\u00f3nima y decide viajar  a la tierra de los faraones para descubrir qui\u00e9n es el remitente. En el  coraz\u00f3n del barrio cristiano se re\u00fane con un viejo religioso con  poderes extra\u00f1os, descendiente de los grandes sacerdotes de Am\u00f3n. Sus  revelaciones le cambian la vida. Mark acepta entonces una misi\u00f3n de alto  riesgo: reencontrar el \u00faltimo secreto de Tutankam\u00f3n, un tesoro  delicadamente disimulado por el fara\u00f3n. Desde la abertura de la tumba,  todo el mundo busca en vano dicho tesoro, hasta el punto que se  convierte en una leyenda, como la maldici\u00f3n que persegu\u00eda a todos  aquellos que perturbaron el \u00faltimo sue\u00f1o del fara\u00f3n&#8230; Ayudado por  Ateya, una joven copta de la que se enamora perdidamente, Mark deber\u00e1  intentar descubrir el secreto en un Egipto en el que la magia ben\u00e9fica  de los faraones parece cada vez m\u00e1s destinada a desaparecer.<\/p>\n","protected":false},"excerpt":{"rendered":"<p>El Cairo, 1951. Farouq es un tirano cruel y corrupto que reina Egipto. Mark Wilder, abogado americano, recibe una carta an\u00f3nima y decide viajar a la tierra de los faraones para descubrir qui\u00e9n es el remitente. En el coraz\u00f3n del barrio cristiano se re\u00fane con un viejo religioso con poderes extra\u00f1os, descendiente de los grandes [&hellip;]<\/p>\n","protected":false},"featured_media":2783,"template":"","meta":[],"product_brand":[222],"product_cat":[42,31,29],"product_tag":[],"class_list":{"0":"post-2782","1":"product","2":"type-product","3":"status-publish","4":"has-post-thumbnail","6":"product_brand-christian-jacq","7":"product_cat-aventura","8":"product_cat-historico","9":"product_cat-novela","11":"first","12":"instock","13":"purchasable","14":"product-type-simple"},"featured_image_urls_v2":{"full":["https:\/\/ajupe.com.uy\/web\/wp-content\/uploads\/2016\/04\/p-2782-Tutankamon_4e3863b99d7eb.jpg",600,912,false],"thumbnail":["https:\/\/ajupe.com.uy\/web\/wp-content\/uploads\/2016\/04\/p-2782-Tutankamon_4e3863b99d7eb.jpg",150,150,true],"medium":["https:\/\/ajupe.com.uy\/web\/wp-content\/uploads\/2016\/04\/p-2782-Tutankamon_4e3863b99d7eb.jpg",300,214,true],"medium_large":["https:\/\/ajupe.com.uy\/web\/wp-content\/uploads\/2016\/04\/p-2782-Tutankamon_4e3863b99d7eb.jpg",600,912,false],"large":["https:\/\/ajupe.com.uy\/web\/wp-content\/uploads\/2016\/04\/p-2782-Tutankamon_4e3863b99d7eb.jpg",600,912,false],"1536x1536":["https:\/\/ajupe.com.uy\/web\/wp-content\/uploads\/2016\/04\/p-2782-Tutankamon_4e3863b99d7eb.jpg",600,912,false],"2048x2048":["https:\/\/ajupe.com.uy\/web\/wp-content\/uploads\/2016\/04\/p-2782-Tutankamon_4e3863b99d7eb.jpg",600,912,false],"woocommerce_archive_thumbnail":["https:\/\/ajupe.com.uy\/web\/wp-content\/uploads\/2016\/04\/p-2782-Tutankamon_4e3863b99d7eb-300x450.jpg",300,450,true],"woocommerce_thumbnail":["https:\/\/ajupe.com.uy\/web\/wp-content\/uploads\/2016\/04\/p-2782-Tutankamon_4e3863b99d7eb-300x300.jpg",300,300,true],"woocommerce_single":["https:\/\/ajupe.com.uy\/web\/wp-content\/uploads\/2016\/04\/p-2782-Tutankamon_4e3863b99d7eb-300x456.jpg",300,456,true],"woocommerce_gallery_thumbnail":["https:\/\/ajupe.com.uy\/web\/wp-content\/uploads\/2016\/04\/p-2782-Tutankamon_4e3863b99d7eb-100x100.jpg",100,100,true]},"post_excerpt_stackable_v2":"<p>El Cairo, 1951. Farouq es un tirano cruel y corrupto que reina Egipto. Mark Wilder, abogado americano, recibe una carta an\u00f3nima y decide viajar a la tierra de los faraones para descubrir qui\u00e9n es el remitente. En el coraz\u00f3n del barrio cristiano se re\u00fane con un viejo religioso con poderes extra\u00f1os, descendiente de los grandes sacerdotes de Am\u00f3n. Sus revelaciones le cambian la vida. Mark acepta entonces una misi\u00f3n de alto riesgo: reencontrar el \u00faltimo secreto de Tutankam\u00f3n, un tesoro delicadamente disimulado por el fara\u00f3n. Desde la abertura de la tumba, todo el mundo busca en vano dicho tesoro, hasta&hellip;<\/p>\n","category_list_v2":"","author_info_v2":{"name":"","url":""},"comments_num_v2":"0 comentarios","_links":{"self":[{"href":"https:\/\/ajupe.com.uy\/web\/wp-json\/wp\/v2\/product\/2782","targetHints":{"allow":["GET"]}}],"collection":[{"href":"https:\/\/ajupe.com.uy\/web\/wp-json\/wp\/v2\/product"}],"about":[{"href":"https:\/\/ajupe.com.uy\/web\/wp-json\/wp\/v2\/types\/product"}],"wp:featuredmedia":[{"embeddable":true,"href":"https:\/\/ajupe.com.uy\/web\/wp-json\/wp\/v2\/media\/2783"}],"wp:attachment":[{"href":"https:\/\/ajupe.com.uy\/web\/wp-json\/wp\/v2\/media?parent=2782"}],"wp:term":[{"taxonomy":"product_brand","embeddable":true,"href":"https:\/\/ajupe.com.uy\/web\/wp-json\/wp\/v2\/product_brand?post=2782"},{"taxonomy":"product_cat","embeddable":true,"href":"https:\/\/ajupe.com.uy\/web\/wp-json\/wp\/v2\/product_cat?post=2782"},{"taxonomy":"product_tag","embeddable":true,"href":"https:\/\/ajupe.com.uy\/web\/wp-json\/wp\/v2\/product_tag?post=2782"}],"curies":[{"name":"wp","href":"https:\/\/api.w.org\/{rel}","templated":true}]}}