{"id":2785,"date":"2011-08-02T21:03:32","date_gmt":"2011-08-03T00:03:32","guid":{"rendered":"http:\/\/ajupe.com.uy\/web\/?post_type=product&#038;p=2785"},"modified":"2011-09-15T21:28:03","modified_gmt":"2011-09-16T00:28:03","slug":"papeles-inesperados","status":"publish","type":"product","link":"https:\/\/ajupe.com.uy\/web\/biblioteca\/papeles-inesperados\/","title":{"rendered":"Papeles inesperados"},"content":{"rendered":"<p>A\u00fan cuando ya han pasado m\u00e1s de veinte a\u00f1os de su muerte, el querido escritor argentino <strong>Julio Cort\u00e1zar<\/strong> sigue dando de qu\u00e9 hablar. En una edici\u00f3n a cargo de su viuda y  albacea, Aurora Bern\u00e1rdez, y el especialista Carlos \u00c1lvarez Garriga,  acaba de ser publicado el libro <strong>Papeles inesperados<\/strong>,  que re\u00fane una serie de textos in\u00e9ditos del autor. Los textos que  componen este libro han sido escritos a lo largo de toda la vida de <strong>Cort\u00e1zar<\/strong>,  y algunos de ellos estaban destinados a formar parte de algunas de sus  obras m\u00e1s famosas, pero por alg\u00fan motivo finalmente fueron eliminados de  las mismas. As\u00ed, el lector de <strong>Papeles inesperados<\/strong> encontrar\u00e1 entre sus p\u00e1ginas tres historias de cronopios, once episodios  que hubieran correspondido a Un tal Lucas, y un cap\u00edtulo in\u00e9dito de la  novela Libro de Manuel (una de las obras m\u00e1s pol\u00edticas de Cort\u00e1zar).  Pero tambi\u00e9n se publican por primera vez once relatos que nunca fueron  incluidos en un libro, cuatro autoentrevistas, trece poemas in\u00e9ditos y  una serie de art\u00edculos sobre tem\u00e1ticas diversas. Se trata de un conjunto  atractivo y de gran valor, tanto para los seguidores de la obra  cortazariana como tambi\u00e9n para aquellos j\u00f3venes lectores quienes lo  acaban de conocer.<br \/> Una curiosidad deslumbrante que permite, una vez m\u00e1s, asombrarse y jugar  con un escritor de m\u00faltiples facetas: comprometido pol\u00edticamente,  cuentista genial, cr\u00edtico y amante de la m\u00fasica y de la pintura,  periodista, l\u00fadico, poeta.<\/p>\n","protected":false},"excerpt":{"rendered":"<p>A\u00fan cuando ya han pasado m\u00e1s de veinte a\u00f1os de su muerte, el querido escritor argentino Julio Cort\u00e1zar sigue dando de qu\u00e9 hablar. En una edici\u00f3n a cargo de su viuda y albacea, Aurora Bern\u00e1rdez, y el especialista Carlos \u00c1lvarez Garriga, acaba de ser publicado el libro Papeles inesperados, que re\u00fane una serie de textos [&hellip;]<\/p>\n","protected":false},"featured_media":2786,"template":"","meta":[],"product_brand":[343],"product_cat":[29],"product_tag":[],"class_list":{"0":"post-2785","1":"product","2":"type-product","3":"status-publish","4":"has-post-thumbnail","6":"product_brand-julio-cortazar","7":"product_cat-novela","9":"first","10":"instock","11":"purchasable","12":"product-type-simple"},"featured_image_urls_v2":{"full":["https:\/\/ajupe.com.uy\/web\/wp-content\/uploads\/2016\/04\/p-2785-Papeles_inespera_4e3866b2814a3.jpg",215,344,false],"thumbnail":["https:\/\/ajupe.com.uy\/web\/wp-content\/uploads\/2016\/04\/p-2785-Papeles_inespera_4e3866b2814a3.jpg",150,150,true],"medium":["https:\/\/ajupe.com.uy\/web\/wp-content\/uploads\/2016\/04\/p-2785-Papeles_inespera_4e3866b2814a3.jpg",300,214,true],"medium_large":["https:\/\/ajupe.com.uy\/web\/wp-content\/uploads\/2016\/04\/p-2785-Papeles_inespera_4e3866b2814a3.jpg",215,344,false],"large":["https:\/\/ajupe.com.uy\/web\/wp-content\/uploads\/2016\/04\/p-2785-Papeles_inespera_4e3866b2814a3.jpg",215,344,false],"1536x1536":["https:\/\/ajupe.com.uy\/web\/wp-content\/uploads\/2016\/04\/p-2785-Papeles_inespera_4e3866b2814a3.jpg",215,344,false],"2048x2048":["https:\/\/ajupe.com.uy\/web\/wp-content\/uploads\/2016\/04\/p-2785-Papeles_inespera_4e3866b2814a3.jpg",215,344,false],"woocommerce_archive_thumbnail":["https:\/\/ajupe.com.uy\/web\/wp-content\/uploads\/2016\/04\/p-2785-Papeles_inespera_4e3866b2814a3-215x300.jpg",215,300,true],"woocommerce_thumbnail":["https:\/\/ajupe.com.uy\/web\/wp-content\/uploads\/2016\/04\/p-2785-Papeles_inespera_4e3866b2814a3-215x300.jpg",215,300,true],"woocommerce_single":["https:\/\/ajupe.com.uy\/web\/wp-content\/uploads\/2016\/04\/p-2785-Papeles_inespera_4e3866b2814a3.jpg",215,344,false],"woocommerce_gallery_thumbnail":["https:\/\/ajupe.com.uy\/web\/wp-content\/uploads\/2016\/04\/p-2785-Papeles_inespera_4e3866b2814a3-100x100.jpg",100,100,true]},"post_excerpt_stackable_v2":"<p>A\u00fan cuando ya han pasado m\u00e1s de veinte a\u00f1os de su muerte, el querido escritor argentino Julio Cort\u00e1zar sigue dando de qu\u00e9 hablar. En una edici\u00f3n a cargo de su viuda y albacea, Aurora Bern\u00e1rdez, y el especialista Carlos \u00c1lvarez Garriga, acaba de ser publicado el libro Papeles inesperados, que re\u00fane una serie de textos in\u00e9ditos del autor. Los textos que componen este libro han sido escritos a lo largo de toda la vida de Cort\u00e1zar, y algunos de ellos estaban destinados a formar parte de algunas de sus obras m\u00e1s famosas, pero por alg\u00fan motivo finalmente fueron eliminados de&hellip;<\/p>\n","category_list_v2":"","author_info_v2":{"name":"","url":""},"comments_num_v2":"0 comentarios","_links":{"self":[{"href":"https:\/\/ajupe.com.uy\/web\/wp-json\/wp\/v2\/product\/2785","targetHints":{"allow":["GET"]}}],"collection":[{"href":"https:\/\/ajupe.com.uy\/web\/wp-json\/wp\/v2\/product"}],"about":[{"href":"https:\/\/ajupe.com.uy\/web\/wp-json\/wp\/v2\/types\/product"}],"wp:featuredmedia":[{"embeddable":true,"href":"https:\/\/ajupe.com.uy\/web\/wp-json\/wp\/v2\/media\/2786"}],"wp:attachment":[{"href":"https:\/\/ajupe.com.uy\/web\/wp-json\/wp\/v2\/media?parent=2785"}],"wp:term":[{"taxonomy":"product_brand","embeddable":true,"href":"https:\/\/ajupe.com.uy\/web\/wp-json\/wp\/v2\/product_brand?post=2785"},{"taxonomy":"product_cat","embeddable":true,"href":"https:\/\/ajupe.com.uy\/web\/wp-json\/wp\/v2\/product_cat?post=2785"},{"taxonomy":"product_tag","embeddable":true,"href":"https:\/\/ajupe.com.uy\/web\/wp-json\/wp\/v2\/product_tag?post=2785"}],"curies":[{"name":"wp","href":"https:\/\/api.w.org\/{rel}","templated":true}]}}