{"id":2797,"date":"2011-08-03T20:08:13","date_gmt":"2011-08-03T23:08:13","guid":{"rendered":"http:\/\/ajupe.com.uy\/web\/?post_type=product&#038;p=2797"},"modified":"2011-09-16T16:51:33","modified_gmt":"2011-09-16T19:51:33","slug":"el-ocho","status":"publish","type":"product","link":"https:\/\/ajupe.com.uy\/web\/biblioteca\/el-ocho\/","title":{"rendered":"El ocho"},"content":{"rendered":"<p>Catherine Velis, una alta ejecutiva experta en ordenadores, se ve  atrapada sin quererlo en la b\u00fasqueda de un legendario ajedrez que  perteneci\u00f3 al emperador Carlomagno. El campe\u00f3n sovi\u00e9tico de este juego,  de gira por Nueva York, le advierte que corre un grave riesgo si se  empe\u00f1a en encontrar las piezas, pues en ellas reside la clave de una  antigua f\u00f3rmula ligada a la alquimia, la masoner\u00eda y los poderes  c\u00f3smicos.<\/p>\n","protected":false},"excerpt":{"rendered":"<p>Catherine Velis, una alta ejecutiva experta en ordenadores, se ve atrapada sin quererlo en la b\u00fasqueda de un legendario ajedrez que perteneci\u00f3 al emperador Carlomagno. El campe\u00f3n sovi\u00e9tico de este juego, de gira por Nueva York, le advierte que corre un grave riesgo si se empe\u00f1a en encontrar las piezas, pues en ellas reside la [&hellip;]<\/p>\n","protected":false},"featured_media":2798,"template":"","meta":[],"product_brand":[298],"product_cat":[29],"product_tag":[],"class_list":{"0":"post-2797","1":"product","2":"type-product","3":"status-publish","4":"has-post-thumbnail","6":"product_brand-katherine-neville","7":"product_cat-novela","9":"first","10":"instock","11":"purchasable","12":"product-type-simple"},"featured_image_urls_v2":{"full":["https:\/\/ajupe.com.uy\/web\/wp-content\/uploads\/2016\/04\/p-2797-El_ocho_4e39aaadb8689.jpg",327,537,false],"thumbnail":["https:\/\/ajupe.com.uy\/web\/wp-content\/uploads\/2016\/04\/p-2797-El_ocho_4e39aaadb8689.jpg",150,150,true],"medium":["https:\/\/ajupe.com.uy\/web\/wp-content\/uploads\/2016\/04\/p-2797-El_ocho_4e39aaadb8689.jpg",300,214,true],"medium_large":["https:\/\/ajupe.com.uy\/web\/wp-content\/uploads\/2016\/04\/p-2797-El_ocho_4e39aaadb8689.jpg",327,537,false],"large":["https:\/\/ajupe.com.uy\/web\/wp-content\/uploads\/2016\/04\/p-2797-El_ocho_4e39aaadb8689.jpg",327,537,false],"1536x1536":["https:\/\/ajupe.com.uy\/web\/wp-content\/uploads\/2016\/04\/p-2797-El_ocho_4e39aaadb8689.jpg",327,537,false],"2048x2048":["https:\/\/ajupe.com.uy\/web\/wp-content\/uploads\/2016\/04\/p-2797-El_ocho_4e39aaadb8689.jpg",327,537,false],"woocommerce_archive_thumbnail":["https:\/\/ajupe.com.uy\/web\/wp-content\/uploads\/2016\/04\/p-2797-El_ocho_4e39aaadb8689-300x450.jpg",300,450,true],"woocommerce_thumbnail":["https:\/\/ajupe.com.uy\/web\/wp-content\/uploads\/2016\/04\/p-2797-El_ocho_4e39aaadb8689-300x300.jpg",300,300,true],"woocommerce_single":["https:\/\/ajupe.com.uy\/web\/wp-content\/uploads\/2016\/04\/p-2797-El_ocho_4e39aaadb8689-300x493.jpg",300,493,true],"woocommerce_gallery_thumbnail":["https:\/\/ajupe.com.uy\/web\/wp-content\/uploads\/2016\/04\/p-2797-El_ocho_4e39aaadb8689-100x100.jpg",100,100,true]},"post_excerpt_stackable_v2":"<p>Catherine Velis, una alta ejecutiva experta en ordenadores, se ve atrapada sin quererlo en la b\u00fasqueda de un legendario ajedrez que perteneci\u00f3 al emperador Carlomagno. El campe\u00f3n sovi\u00e9tico de este juego, de gira por Nueva York, le advierte que corre un grave riesgo si se empe\u00f1a en encontrar las piezas, pues en ellas reside la clave de una antigua f\u00f3rmula ligada a la alquimia, la masoner\u00eda y los poderes c\u00f3smicos.<\/p>\n","category_list_v2":"","author_info_v2":{"name":"","url":""},"comments_num_v2":"0 comentarios","_links":{"self":[{"href":"https:\/\/ajupe.com.uy\/web\/wp-json\/wp\/v2\/product\/2797","targetHints":{"allow":["GET"]}}],"collection":[{"href":"https:\/\/ajupe.com.uy\/web\/wp-json\/wp\/v2\/product"}],"about":[{"href":"https:\/\/ajupe.com.uy\/web\/wp-json\/wp\/v2\/types\/product"}],"wp:featuredmedia":[{"embeddable":true,"href":"https:\/\/ajupe.com.uy\/web\/wp-json\/wp\/v2\/media\/2798"}],"wp:attachment":[{"href":"https:\/\/ajupe.com.uy\/web\/wp-json\/wp\/v2\/media?parent=2797"}],"wp:term":[{"taxonomy":"product_brand","embeddable":true,"href":"https:\/\/ajupe.com.uy\/web\/wp-json\/wp\/v2\/product_brand?post=2797"},{"taxonomy":"product_cat","embeddable":true,"href":"https:\/\/ajupe.com.uy\/web\/wp-json\/wp\/v2\/product_cat?post=2797"},{"taxonomy":"product_tag","embeddable":true,"href":"https:\/\/ajupe.com.uy\/web\/wp-json\/wp\/v2\/product_tag?post=2797"}],"curies":[{"name":"wp","href":"https:\/\/api.w.org\/{rel}","templated":true}]}}