{"id":2809,"date":"2011-08-03T20:37:25","date_gmt":"2011-08-03T23:37:25","guid":{"rendered":"http:\/\/ajupe.com.uy\/web\/?post_type=product&#038;p=2809"},"modified":"2011-09-16T16:54:33","modified_gmt":"2011-09-16T19:54:33","slug":"el-contador-de-historias","status":"publish","type":"product","link":"https:\/\/ajupe.com.uy\/web\/biblioteca\/el-contador-de-historias\/","title":{"rendered":"El contador de historias"},"content":{"rendered":"<p>Escuchad. Dejad que os cuente una historia. En 2003, Osama al-Kharrat  regresa a Beirut, tras muchos a\u00f1os en Estados Unidos, para visitar a su  padre agonizante. All\u00ed entra de nuevo en contacto con su infancia, con  la traum\u00e1tica guerra contra Israel, pero sobre todo con la figura de su  abuelo, un hakawati o contador de historias profesional. Sus historias  \u2014sobre su llegada al L\u00edbano como hu\u00e9rfano de las guerras turcas\u2014 se  mezclan con cuentos tradicionales del Medio Oriente reimaginados, desde  Abraham e Isaac hasta F\u00e1tima. Como un verdadero hakawati,<strong> Rabih Alameddine<\/strong> nos brinda Las mil y una noches de este siglo: una novela divertida y  cautivadora que encanta desde sus primeras l\u00edneas. Una novela de gran  calidad literaria que mezcla los mejores ingredientes de la narrativa de  aventuras con la actualidad de Oriente medio.<\/p>\n","protected":false},"excerpt":{"rendered":"<p>Escuchad. Dejad que os cuente una historia. En 2003, Osama al-Kharrat regresa a Beirut, tras muchos a\u00f1os en Estados Unidos, para visitar a su padre agonizante. All\u00ed entra de nuevo en contacto con su infancia, con la traum\u00e1tica guerra contra Israel, pero sobre todo con la figura de su abuelo, un hakawati o contador de [&hellip;]<\/p>\n","protected":false},"featured_media":2810,"template":"","meta":[],"product_brand":[855],"product_cat":[31,29],"product_tag":[],"class_list":{"0":"post-2809","1":"product","2":"type-product","3":"status-publish","4":"has-post-thumbnail","6":"product_brand-rabih-alameddine","7":"product_cat-historico","8":"product_cat-novela","10":"first","11":"instock","12":"purchasable","13":"product-type-simple"},"featured_image_urls_v2":{"full":["https:\/\/ajupe.com.uy\/web\/wp-content\/uploads\/2016\/04\/p-2809-El_contador_de_h_4e39b229e0f41.jpg",420,639,false],"thumbnail":["https:\/\/ajupe.com.uy\/web\/wp-content\/uploads\/2016\/04\/p-2809-El_contador_de_h_4e39b229e0f41.jpg",150,150,true],"medium":["https:\/\/ajupe.com.uy\/web\/wp-content\/uploads\/2016\/04\/p-2809-El_contador_de_h_4e39b229e0f41.jpg",300,214,true],"medium_large":["https:\/\/ajupe.com.uy\/web\/wp-content\/uploads\/2016\/04\/p-2809-El_contador_de_h_4e39b229e0f41.jpg",420,639,false],"large":["https:\/\/ajupe.com.uy\/web\/wp-content\/uploads\/2016\/04\/p-2809-El_contador_de_h_4e39b229e0f41.jpg",420,639,false],"1536x1536":["https:\/\/ajupe.com.uy\/web\/wp-content\/uploads\/2016\/04\/p-2809-El_contador_de_h_4e39b229e0f41.jpg",420,639,false],"2048x2048":["https:\/\/ajupe.com.uy\/web\/wp-content\/uploads\/2016\/04\/p-2809-El_contador_de_h_4e39b229e0f41.jpg",420,639,false],"woocommerce_archive_thumbnail":["https:\/\/ajupe.com.uy\/web\/wp-content\/uploads\/2016\/04\/p-2809-El_contador_de_h_4e39b229e0f41-300x450.jpg",300,450,true],"woocommerce_thumbnail":["https:\/\/ajupe.com.uy\/web\/wp-content\/uploads\/2016\/04\/p-2809-El_contador_de_h_4e39b229e0f41-300x300.jpg",300,300,true],"woocommerce_single":["https:\/\/ajupe.com.uy\/web\/wp-content\/uploads\/2016\/04\/p-2809-El_contador_de_h_4e39b229e0f41-300x456.jpg",300,456,true],"woocommerce_gallery_thumbnail":["https:\/\/ajupe.com.uy\/web\/wp-content\/uploads\/2016\/04\/p-2809-El_contador_de_h_4e39b229e0f41-100x100.jpg",100,100,true]},"post_excerpt_stackable_v2":"<p>Escuchad. Dejad que os cuente una historia. En 2003, Osama al-Kharrat regresa a Beirut, tras muchos a\u00f1os en Estados Unidos, para visitar a su padre agonizante. All\u00ed entra de nuevo en contacto con su infancia, con la traum\u00e1tica guerra contra Israel, pero sobre todo con la figura de su abuelo, un hakawati o contador de historias profesional. Sus historias \u2014sobre su llegada al L\u00edbano como hu\u00e9rfano de las guerras turcas\u2014 se mezclan con cuentos tradicionales del Medio Oriente reimaginados, desde Abraham e Isaac hasta F\u00e1tima. Como un verdadero hakawati, Rabih Alameddine nos brinda Las mil y una noches de este&hellip;<\/p>\n","category_list_v2":"","author_info_v2":{"name":"","url":""},"comments_num_v2":"0 comentarios","_links":{"self":[{"href":"https:\/\/ajupe.com.uy\/web\/wp-json\/wp\/v2\/product\/2809","targetHints":{"allow":["GET"]}}],"collection":[{"href":"https:\/\/ajupe.com.uy\/web\/wp-json\/wp\/v2\/product"}],"about":[{"href":"https:\/\/ajupe.com.uy\/web\/wp-json\/wp\/v2\/types\/product"}],"wp:featuredmedia":[{"embeddable":true,"href":"https:\/\/ajupe.com.uy\/web\/wp-json\/wp\/v2\/media\/2810"}],"wp:attachment":[{"href":"https:\/\/ajupe.com.uy\/web\/wp-json\/wp\/v2\/media?parent=2809"}],"wp:term":[{"taxonomy":"product_brand","embeddable":true,"href":"https:\/\/ajupe.com.uy\/web\/wp-json\/wp\/v2\/product_brand?post=2809"},{"taxonomy":"product_cat","embeddable":true,"href":"https:\/\/ajupe.com.uy\/web\/wp-json\/wp\/v2\/product_cat?post=2809"},{"taxonomy":"product_tag","embeddable":true,"href":"https:\/\/ajupe.com.uy\/web\/wp-json\/wp\/v2\/product_tag?post=2809"}],"curies":[{"name":"wp","href":"https:\/\/api.w.org\/{rel}","templated":true}]}}