{"id":2812,"date":"2011-08-03T20:47:48","date_gmt":"2011-08-03T23:47:48","guid":{"rendered":"http:\/\/ajupe.com.uy\/web\/?post_type=product&#038;p=2812"},"modified":"2011-09-16T16:55:16","modified_gmt":"2011-09-16T19:55:16","slug":"el-fantasma-de-stalin","status":"publish","type":"product","link":"https:\/\/ajupe.com.uy\/web\/biblioteca\/el-fantasma-de-stalin\/","title":{"rendered":"El fantasma de Stalin"},"content":{"rendered":"<p><span><span style=\"font-size: 23px;\"><span style=\"font-family: Arial;\"><span style=\"font-size: 16px;\">Arkady  Renko vuelve a trabajar como detective de la polic\u00eda de Mosc\u00fa. Mientras  investiga unos asesinatos que podr\u00edan implicar a dos de los detectives  m\u00e1s prestigiosos de Mosc\u00fa: Isakov y Urman, Arkadi es enviado a  investigar la supuesta aparici\u00f3n del fantasma de Stalin en el metro,  caso en el que al parecer tambi\u00e9n estar\u00edan implicados Isakov y Urman.<br jquery1278346386515=\"1077\" \/>En  el escenario de estas apariciones Arkady encuentra a un hombre,  asesinado por una mujer, que en el momento de los hechos est\u00e1 borracha y  que repite sin cesar \u00abme han quitado el drag\u00f3n\u00bb. Tras estas apariciones  misteriosas Arkadi descubre que est\u00e1n conectadas con un partido  pol\u00edtico (del que Isakov es militante) y que esconden datos de lo que  realmente pas\u00f3 en Chechenia. Renko descubre secretos que se remontan a  la segunda guerra mundial.<\/span><\/span><\/span><\/span><\/p>\n","protected":false},"excerpt":{"rendered":"<p>Arkady Renko vuelve a trabajar como detective de la polic\u00eda de Mosc\u00fa. Mientras investiga unos asesinatos que podr\u00edan implicar a dos de los detectives m\u00e1s prestigiosos de Mosc\u00fa: Isakov y Urman, Arkadi es enviado a investigar la supuesta aparici\u00f3n del fantasma de Stalin en el metro, caso en el que al parecer tambi\u00e9n estar\u00edan implicados [&hellip;]<\/p>\n","protected":false},"featured_media":2813,"template":"","meta":[],"product_brand":[806],"product_cat":[29],"product_tag":[],"class_list":{"0":"post-2812","1":"product","2":"type-product","3":"status-publish","4":"has-post-thumbnail","6":"product_brand-martin-cruz-smith","7":"product_cat-novela","9":"first","10":"instock","11":"purchasable","12":"product-type-simple"},"featured_image_urls_v2":{"full":["https:\/\/ajupe.com.uy\/web\/wp-content\/uploads\/2016\/04\/p-2812-El_fantasma_de_S_4e39b3f4e6c1c.jpg",313,500,false],"thumbnail":["https:\/\/ajupe.com.uy\/web\/wp-content\/uploads\/2016\/04\/p-2812-El_fantasma_de_S_4e39b3f4e6c1c.jpg",150,150,true],"medium":["https:\/\/ajupe.com.uy\/web\/wp-content\/uploads\/2016\/04\/p-2812-El_fantasma_de_S_4e39b3f4e6c1c.jpg",300,214,true],"medium_large":["https:\/\/ajupe.com.uy\/web\/wp-content\/uploads\/2016\/04\/p-2812-El_fantasma_de_S_4e39b3f4e6c1c.jpg",313,500,false],"large":["https:\/\/ajupe.com.uy\/web\/wp-content\/uploads\/2016\/04\/p-2812-El_fantasma_de_S_4e39b3f4e6c1c.jpg",313,500,false],"1536x1536":["https:\/\/ajupe.com.uy\/web\/wp-content\/uploads\/2016\/04\/p-2812-El_fantasma_de_S_4e39b3f4e6c1c.jpg",313,500,false],"2048x2048":["https:\/\/ajupe.com.uy\/web\/wp-content\/uploads\/2016\/04\/p-2812-El_fantasma_de_S_4e39b3f4e6c1c.jpg",313,500,false],"woocommerce_archive_thumbnail":["https:\/\/ajupe.com.uy\/web\/wp-content\/uploads\/2016\/04\/p-2812-El_fantasma_de_S_4e39b3f4e6c1c-300x450.jpg",300,450,true],"woocommerce_thumbnail":["https:\/\/ajupe.com.uy\/web\/wp-content\/uploads\/2016\/04\/p-2812-El_fantasma_de_S_4e39b3f4e6c1c-300x300.jpg",300,300,true],"woocommerce_single":["https:\/\/ajupe.com.uy\/web\/wp-content\/uploads\/2016\/04\/p-2812-El_fantasma_de_S_4e39b3f4e6c1c-300x479.jpg",300,479,true],"woocommerce_gallery_thumbnail":["https:\/\/ajupe.com.uy\/web\/wp-content\/uploads\/2016\/04\/p-2812-El_fantasma_de_S_4e39b3f4e6c1c-100x100.jpg",100,100,true]},"post_excerpt_stackable_v2":"<p>Arkady Renko vuelve a trabajar como detective de la polic\u00eda de Mosc\u00fa. Mientras investiga unos asesinatos que podr\u00edan implicar a dos de los detectives m\u00e1s prestigiosos de Mosc\u00fa: Isakov y Urman, Arkadi es enviado a investigar la supuesta aparici\u00f3n del fantasma de Stalin en el metro, caso en el que al parecer tambi\u00e9n estar\u00edan implicados Isakov y Urman.En el escenario de estas apariciones Arkady encuentra a un hombre, asesinado por una mujer, que en el momento de los hechos est\u00e1 borracha y que repite sin cesar \u00abme han quitado el drag\u00f3n\u00bb. Tras estas apariciones misteriosas Arkadi descubre que est\u00e1n conectadas&hellip;<\/p>\n","category_list_v2":"","author_info_v2":{"name":"","url":""},"comments_num_v2":"0 comentarios","_links":{"self":[{"href":"https:\/\/ajupe.com.uy\/web\/wp-json\/wp\/v2\/product\/2812","targetHints":{"allow":["GET"]}}],"collection":[{"href":"https:\/\/ajupe.com.uy\/web\/wp-json\/wp\/v2\/product"}],"about":[{"href":"https:\/\/ajupe.com.uy\/web\/wp-json\/wp\/v2\/types\/product"}],"wp:featuredmedia":[{"embeddable":true,"href":"https:\/\/ajupe.com.uy\/web\/wp-json\/wp\/v2\/media\/2813"}],"wp:attachment":[{"href":"https:\/\/ajupe.com.uy\/web\/wp-json\/wp\/v2\/media?parent=2812"}],"wp:term":[{"taxonomy":"product_brand","embeddable":true,"href":"https:\/\/ajupe.com.uy\/web\/wp-json\/wp\/v2\/product_brand?post=2812"},{"taxonomy":"product_cat","embeddable":true,"href":"https:\/\/ajupe.com.uy\/web\/wp-json\/wp\/v2\/product_cat?post=2812"},{"taxonomy":"product_tag","embeddable":true,"href":"https:\/\/ajupe.com.uy\/web\/wp-json\/wp\/v2\/product_tag?post=2812"}],"curies":[{"name":"wp","href":"https:\/\/api.w.org\/{rel}","templated":true}]}}