{"id":2815,"date":"2011-08-03T21:56:35","date_gmt":"2011-08-04T00:56:35","guid":{"rendered":"http:\/\/ajupe.com.uy\/web\/?post_type=product&#038;p=2815"},"modified":"2011-08-03T21:56:35","modified_gmt":"2011-08-04T00:56:35","slug":"africanus-el-hijo-del-consul","status":"publish","type":"product","link":"https:\/\/ajupe.com.uy\/web\/biblioteca\/africanus-el-hijo-del-consul\/","title":{"rendered":"Africanus el hijo del c\u00f3nsul"},"content":{"rendered":"<p align=\"justify\">A finales del siglo III antes de  Cristo, Roma se encontraba a punto de ser aniquilada por los ej\u00e9rcitos  cartagineses al mando de An\u00edbal.<\/p>\n<p align=\"justify\">Ese era su inexorable  destino hasta  que surgi\u00f3 un solo hombre, un joven oficial de las legiones, que  transform\u00f3 lo que deb\u00eda ocurrir en lo que finalmente fue: la g\u00e9nesis de  un imperio y una civilizaci\u00f3n secular en el tiempo y en la historia del  mundo.<\/p>\n","protected":false},"excerpt":{"rendered":"<p>A finales del siglo III antes de Cristo, Roma se encontraba a punto de ser aniquilada por los ej\u00e9rcitos cartagineses al mando de An\u00edbal. Ese era su inexorable destino hasta que surgi\u00f3 un solo hombre, un joven oficial de las legiones, que transform\u00f3 lo que deb\u00eda ocurrir en lo que finalmente fue: la g\u00e9nesis de [&hellip;]<\/p>\n","protected":false},"featured_media":2816,"template":"","meta":[],"product_brand":[883],"product_cat":[31,29],"product_tag":[],"class_list":{"0":"post-2815","1":"product","2":"type-product","3":"status-publish","4":"has-post-thumbnail","6":"product_brand-santiago-posteguillo","7":"product_cat-historico","8":"product_cat-novela","10":"first","11":"instock","12":"purchasable","13":"product-type-simple"},"featured_image_urls_v2":{"full":["https:\/\/ajupe.com.uy\/web\/wp-content\/uploads\/2016\/04\/p-2815-Africanus_el_hij_4e39c4136b749.jpg",207,320,false],"thumbnail":["https:\/\/ajupe.com.uy\/web\/wp-content\/uploads\/2016\/04\/p-2815-Africanus_el_hij_4e39c4136b749.jpg",150,150,true],"medium":["https:\/\/ajupe.com.uy\/web\/wp-content\/uploads\/2016\/04\/p-2815-Africanus_el_hij_4e39c4136b749.jpg",300,214,true],"medium_large":["https:\/\/ajupe.com.uy\/web\/wp-content\/uploads\/2016\/04\/p-2815-Africanus_el_hij_4e39c4136b749.jpg",207,320,false],"large":["https:\/\/ajupe.com.uy\/web\/wp-content\/uploads\/2016\/04\/p-2815-Africanus_el_hij_4e39c4136b749.jpg",207,320,false],"1536x1536":["https:\/\/ajupe.com.uy\/web\/wp-content\/uploads\/2016\/04\/p-2815-Africanus_el_hij_4e39c4136b749.jpg",207,320,false],"2048x2048":["https:\/\/ajupe.com.uy\/web\/wp-content\/uploads\/2016\/04\/p-2815-Africanus_el_hij_4e39c4136b749.jpg",207,320,false],"woocommerce_archive_thumbnail":["https:\/\/ajupe.com.uy\/web\/wp-content\/uploads\/2016\/04\/p-2815-Africanus_el_hij_4e39c4136b749-207x300.jpg",207,300,true],"woocommerce_thumbnail":["https:\/\/ajupe.com.uy\/web\/wp-content\/uploads\/2016\/04\/p-2815-Africanus_el_hij_4e39c4136b749-207x300.jpg",207,300,true],"woocommerce_single":["https:\/\/ajupe.com.uy\/web\/wp-content\/uploads\/2016\/04\/p-2815-Africanus_el_hij_4e39c4136b749.jpg",207,320,false],"woocommerce_gallery_thumbnail":["https:\/\/ajupe.com.uy\/web\/wp-content\/uploads\/2016\/04\/p-2815-Africanus_el_hij_4e39c4136b749-100x100.jpg",100,100,true]},"post_excerpt_stackable_v2":"<p>A finales del siglo III antes de Cristo, Roma se encontraba a punto de ser aniquilada por los ej\u00e9rcitos cartagineses al mando de An\u00edbal. Ese era su inexorable destino hasta que surgi\u00f3 un solo hombre, un joven oficial de las legiones, que transform\u00f3 lo que deb\u00eda ocurrir en lo que finalmente fue: la g\u00e9nesis de un imperio y una civilizaci\u00f3n secular en el tiempo y en la historia del mundo.<\/p>\n","category_list_v2":"","author_info_v2":{"name":"","url":""},"comments_num_v2":"0 comentarios","_links":{"self":[{"href":"https:\/\/ajupe.com.uy\/web\/wp-json\/wp\/v2\/product\/2815","targetHints":{"allow":["GET"]}}],"collection":[{"href":"https:\/\/ajupe.com.uy\/web\/wp-json\/wp\/v2\/product"}],"about":[{"href":"https:\/\/ajupe.com.uy\/web\/wp-json\/wp\/v2\/types\/product"}],"wp:featuredmedia":[{"embeddable":true,"href":"https:\/\/ajupe.com.uy\/web\/wp-json\/wp\/v2\/media\/2816"}],"wp:attachment":[{"href":"https:\/\/ajupe.com.uy\/web\/wp-json\/wp\/v2\/media?parent=2815"}],"wp:term":[{"taxonomy":"product_brand","embeddable":true,"href":"https:\/\/ajupe.com.uy\/web\/wp-json\/wp\/v2\/product_brand?post=2815"},{"taxonomy":"product_cat","embeddable":true,"href":"https:\/\/ajupe.com.uy\/web\/wp-json\/wp\/v2\/product_cat?post=2815"},{"taxonomy":"product_tag","embeddable":true,"href":"https:\/\/ajupe.com.uy\/web\/wp-json\/wp\/v2\/product_tag?post=2815"}],"curies":[{"name":"wp","href":"https:\/\/api.w.org\/{rel}","templated":true}]}}