{"id":2821,"date":"2011-08-07T22:50:19","date_gmt":"2011-08-08T01:50:19","guid":{"rendered":"http:\/\/ajupe.com.uy\/web\/?post_type=product&#038;p=2821"},"modified":"2011-09-16T17:01:58","modified_gmt":"2011-09-16T20:01:58","slug":"el-observatorio","status":"publish","type":"product","link":"https:\/\/ajupe.com.uy\/web\/biblioteca\/el-observatorio\/","title":{"rendered":"El observatorio"},"content":{"rendered":"<p>Una noche aparece un cad\u00e1ver en un observatorio de las colinas de  Hollywood. Aparentemente, se trata de un asesinato com\u00fan, por lo que el  detective de polic\u00eda Harry\u00a0Bosch se hace cargo del caso. No obstante,  pronto se descubrir\u00e1 que la v\u00edctima, Stanley\u00a0Kent, trabajaba en el  sector cl\u00ednico y que ten\u00eda acceso a sustancias radiactivas. Esto  convierte un simple homicidio en un asunto de terrorismo.<br \/> El FBI  toma las riendas y empieza una carrera contrarreloj para encontrar a los  culpables, pues saben que tienen sustancias peligrosas en su poder y  pueden hacer uso de ellas -y provocar una masacre- en cualquier momento.<br \/> Rachel\u00a0Walling, agente del\u00a0FBI y ex pareja de Harry Bosch, pondr\u00e1 las  cosas dif\u00edciles al detective, pero \u00e9ste seguir\u00e1 su instinto y se dar\u00e1  cuenta de que en este caso absolutamente nada es lo que parece.<\/p>\n","protected":false},"excerpt":{"rendered":"<p>Una noche aparece un cad\u00e1ver en un observatorio de las colinas de Hollywood. Aparentemente, se trata de un asesinato com\u00fan, por lo que el detective de polic\u00eda Harry\u00a0Bosch se hace cargo del caso. No obstante, pronto se descubrir\u00e1 que la v\u00edctima, Stanley\u00a0Kent, trabajaba en el sector cl\u00ednico y que ten\u00eda acceso a sustancias radiactivas. Esto [&hellip;]<\/p>\n","protected":false},"featured_media":2822,"template":"","meta":[],"product_brand":[384],"product_cat":[30],"product_tag":[],"class_list":{"0":"post-2821","1":"product","2":"type-product","3":"status-publish","4":"has-post-thumbnail","6":"product_brand-michael-connelly","7":"product_cat-suspenso","9":"first","10":"instock","11":"purchasable","12":"product-type-simple"},"featured_image_urls_v2":{"full":["https:\/\/ajupe.com.uy\/web\/wp-content\/uploads\/2016\/04\/p-2821-El_observatorio_4e3f16aba3d84.jpg",174,256,false],"thumbnail":["https:\/\/ajupe.com.uy\/web\/wp-content\/uploads\/2016\/04\/p-2821-El_observatorio_4e3f16aba3d84.jpg",150,150,true],"medium":["https:\/\/ajupe.com.uy\/web\/wp-content\/uploads\/2016\/04\/p-2821-El_observatorio_4e3f16aba3d84.jpg",300,214,true],"medium_large":["https:\/\/ajupe.com.uy\/web\/wp-content\/uploads\/2016\/04\/p-2821-El_observatorio_4e3f16aba3d84.jpg",174,256,false],"large":["https:\/\/ajupe.com.uy\/web\/wp-content\/uploads\/2016\/04\/p-2821-El_observatorio_4e3f16aba3d84.jpg",174,256,false],"1536x1536":["https:\/\/ajupe.com.uy\/web\/wp-content\/uploads\/2016\/04\/p-2821-El_observatorio_4e3f16aba3d84.jpg",174,256,false],"2048x2048":["https:\/\/ajupe.com.uy\/web\/wp-content\/uploads\/2016\/04\/p-2821-El_observatorio_4e3f16aba3d84.jpg",174,256,false],"woocommerce_archive_thumbnail":["https:\/\/ajupe.com.uy\/web\/wp-content\/uploads\/2016\/04\/p-2821-El_observatorio_4e3f16aba3d84.jpg",174,256,false],"woocommerce_thumbnail":["https:\/\/ajupe.com.uy\/web\/wp-content\/uploads\/2016\/04\/p-2821-El_observatorio_4e3f16aba3d84.jpg",174,256,false],"woocommerce_single":["https:\/\/ajupe.com.uy\/web\/wp-content\/uploads\/2016\/04\/p-2821-El_observatorio_4e3f16aba3d84.jpg",174,256,false],"woocommerce_gallery_thumbnail":["https:\/\/ajupe.com.uy\/web\/wp-content\/uploads\/2016\/04\/p-2821-El_observatorio_4e3f16aba3d84-100x100.jpg",100,100,true]},"post_excerpt_stackable_v2":"<p>Una noche aparece un cad\u00e1ver en un observatorio de las colinas de Hollywood. Aparentemente, se trata de un asesinato com\u00fan, por lo que el detective de polic\u00eda Harry\u00a0Bosch se hace cargo del caso. No obstante, pronto se descubrir\u00e1 que la v\u00edctima, Stanley\u00a0Kent, trabajaba en el sector cl\u00ednico y que ten\u00eda acceso a sustancias radiactivas. Esto convierte un simple homicidio en un asunto de terrorismo. El FBI toma las riendas y empieza una carrera contrarreloj para encontrar a los culpables, pues saben que tienen sustancias peligrosas en su poder y pueden hacer uso de ellas -y provocar una masacre- en cualquier&hellip;<\/p>\n","category_list_v2":"","author_info_v2":{"name":"","url":""},"comments_num_v2":"0 comentarios","_links":{"self":[{"href":"https:\/\/ajupe.com.uy\/web\/wp-json\/wp\/v2\/product\/2821","targetHints":{"allow":["GET"]}}],"collection":[{"href":"https:\/\/ajupe.com.uy\/web\/wp-json\/wp\/v2\/product"}],"about":[{"href":"https:\/\/ajupe.com.uy\/web\/wp-json\/wp\/v2\/types\/product"}],"wp:featuredmedia":[{"embeddable":true,"href":"https:\/\/ajupe.com.uy\/web\/wp-json\/wp\/v2\/media\/2822"}],"wp:attachment":[{"href":"https:\/\/ajupe.com.uy\/web\/wp-json\/wp\/v2\/media?parent=2821"}],"wp:term":[{"taxonomy":"product_brand","embeddable":true,"href":"https:\/\/ajupe.com.uy\/web\/wp-json\/wp\/v2\/product_brand?post=2821"},{"taxonomy":"product_cat","embeddable":true,"href":"https:\/\/ajupe.com.uy\/web\/wp-json\/wp\/v2\/product_cat?post=2821"},{"taxonomy":"product_tag","embeddable":true,"href":"https:\/\/ajupe.com.uy\/web\/wp-json\/wp\/v2\/product_tag?post=2821"}],"curies":[{"name":"wp","href":"https:\/\/api.w.org\/{rel}","templated":true}]}}