{"id":2839,"date":"2011-08-07T23:33:27","date_gmt":"2011-08-08T02:33:27","guid":{"rendered":"http:\/\/ajupe.com.uy\/web\/?post_type=product&#038;p=2839"},"modified":"2011-09-16T17:10:56","modified_gmt":"2011-09-16T20:10:56","slug":"cronica-de-sucesos","status":"publish","type":"product","link":"https:\/\/ajupe.com.uy\/web\/biblioteca\/cronica-de-sucesos\/","title":{"rendered":"Cr\u00f3nica de sucesos"},"content":{"rendered":"<p>Antes de convertirse en un novelista superventas, Michael Connelly fue  reportero de sucesos. Sus v\u00edvidos art\u00edculos, recogidos en este volumen,  trasladaban a sus lectores m\u00e1s all\u00e1 de los precintos policiales. Gracias  a este trabajo, Connelly obtuvo material de primera mano para sus   novelas. Los devotos de la ficci\u00f3n de Connelly disfrutar\u00e1n descubriendo  que muchas de sus tramas tienen una base real.<\/p>\n","protected":false},"excerpt":{"rendered":"<p>Antes de convertirse en un novelista superventas, Michael Connelly fue reportero de sucesos. Sus v\u00edvidos art\u00edculos, recogidos en este volumen, trasladaban a sus lectores m\u00e1s all\u00e1 de los precintos policiales. Gracias a este trabajo, Connelly obtuvo material de primera mano para sus novelas. Los devotos de la ficci\u00f3n de Connelly disfrutar\u00e1n descubriendo que muchas de [&hellip;]<\/p>\n","protected":false},"featured_media":2840,"template":"","meta":[],"product_brand":[384],"product_cat":[30],"product_tag":[],"class_list":{"0":"post-2839","1":"product","2":"type-product","3":"status-publish","4":"has-post-thumbnail","6":"product_brand-michael-connelly","7":"product_cat-suspenso","9":"first","10":"instock","11":"purchasable","12":"product-type-simple"},"featured_image_urls_v2":{"full":["https:\/\/ajupe.com.uy\/web\/wp-content\/uploads\/2016\/04\/p-2839-Cr__nica_de_suce_4e3f21120431e.jpg",200,305,false],"thumbnail":["https:\/\/ajupe.com.uy\/web\/wp-content\/uploads\/2016\/04\/p-2839-Cr__nica_de_suce_4e3f21120431e.jpg",150,150,true],"medium":["https:\/\/ajupe.com.uy\/web\/wp-content\/uploads\/2016\/04\/p-2839-Cr__nica_de_suce_4e3f21120431e.jpg",300,214,true],"medium_large":["https:\/\/ajupe.com.uy\/web\/wp-content\/uploads\/2016\/04\/p-2839-Cr__nica_de_suce_4e3f21120431e.jpg",200,305,false],"large":["https:\/\/ajupe.com.uy\/web\/wp-content\/uploads\/2016\/04\/p-2839-Cr__nica_de_suce_4e3f21120431e.jpg",200,305,false],"1536x1536":["https:\/\/ajupe.com.uy\/web\/wp-content\/uploads\/2016\/04\/p-2839-Cr__nica_de_suce_4e3f21120431e.jpg",200,305,false],"2048x2048":["https:\/\/ajupe.com.uy\/web\/wp-content\/uploads\/2016\/04\/p-2839-Cr__nica_de_suce_4e3f21120431e.jpg",200,305,false],"woocommerce_archive_thumbnail":["https:\/\/ajupe.com.uy\/web\/wp-content\/uploads\/2016\/04\/p-2839-Cr__nica_de_suce_4e3f21120431e.jpg",200,305,false],"woocommerce_thumbnail":["https:\/\/ajupe.com.uy\/web\/wp-content\/uploads\/2016\/04\/p-2839-Cr__nica_de_suce_4e3f21120431e-200x300.jpg",200,300,true],"woocommerce_single":["https:\/\/ajupe.com.uy\/web\/wp-content\/uploads\/2016\/04\/p-2839-Cr__nica_de_suce_4e3f21120431e.jpg",200,305,false],"woocommerce_gallery_thumbnail":["https:\/\/ajupe.com.uy\/web\/wp-content\/uploads\/2016\/04\/p-2839-Cr__nica_de_suce_4e3f21120431e-100x100.jpg",100,100,true]},"post_excerpt_stackable_v2":"<p>Antes de convertirse en un novelista superventas, Michael Connelly fue reportero de sucesos. Sus v\u00edvidos art\u00edculos, recogidos en este volumen, trasladaban a sus lectores m\u00e1s all\u00e1 de los precintos policiales. Gracias a este trabajo, Connelly obtuvo material de primera mano para sus novelas. Los devotos de la ficci\u00f3n de Connelly disfrutar\u00e1n descubriendo que muchas de sus tramas tienen una base real.<\/p>\n","category_list_v2":"","author_info_v2":{"name":"","url":""},"comments_num_v2":"0 comentarios","_links":{"self":[{"href":"https:\/\/ajupe.com.uy\/web\/wp-json\/wp\/v2\/product\/2839","targetHints":{"allow":["GET"]}}],"collection":[{"href":"https:\/\/ajupe.com.uy\/web\/wp-json\/wp\/v2\/product"}],"about":[{"href":"https:\/\/ajupe.com.uy\/web\/wp-json\/wp\/v2\/types\/product"}],"wp:featuredmedia":[{"embeddable":true,"href":"https:\/\/ajupe.com.uy\/web\/wp-json\/wp\/v2\/media\/2840"}],"wp:attachment":[{"href":"https:\/\/ajupe.com.uy\/web\/wp-json\/wp\/v2\/media?parent=2839"}],"wp:term":[{"taxonomy":"product_brand","embeddable":true,"href":"https:\/\/ajupe.com.uy\/web\/wp-json\/wp\/v2\/product_brand?post=2839"},{"taxonomy":"product_cat","embeddable":true,"href":"https:\/\/ajupe.com.uy\/web\/wp-json\/wp\/v2\/product_cat?post=2839"},{"taxonomy":"product_tag","embeddable":true,"href":"https:\/\/ajupe.com.uy\/web\/wp-json\/wp\/v2\/product_tag?post=2839"}],"curies":[{"name":"wp","href":"https:\/\/api.w.org\/{rel}","templated":true}]}}