{"id":2851,"date":"2011-08-08T21:01:07","date_gmt":"2011-08-09T00:01:07","guid":{"rendered":"http:\/\/ajupe.com.uy\/web\/?post_type=product&#038;p=2851"},"modified":"2011-08-08T21:01:07","modified_gmt":"2011-08-09T00:01:07","slug":"el-fuego","status":"publish","type":"product","link":"https:\/\/ajupe.com.uy\/web\/biblioteca\/el-fuego\/","title":{"rendered":"El fuego"},"content":{"rendered":"<p>Hace veinte a\u00f1os comenz\u00f3 la partida. Ha llegado el momento de realizar la siguiente jugada. El juego vuelve a empezar. <\/p>\n<p>2003,  Colorado: Alexandra Solaris recibe una inesperada invitaci\u00f3n a la  fiesta de cumplea\u00f1os de su madre, Cat Velis, quien nunca antes hab\u00eda  celebrado este d\u00eda. A\u00f1os atr\u00e1s, la propia Cat junto a su marido,  Alexander Solaris, reparti\u00f3 por diferentes pa\u00edses del mundo las  fabulosas piezas del ajedrez de Montglane, con el objetivo de que nadie  nunca pudiera reunirlas y hacerse con el secreto poder que contienen.  Cuando Alexandra llega a la casa familiar de las Rocosas, la vivienda  est\u00e1 vac\u00eda. Su madre no aparece pero s\u00ed una serie de invitados  igualmente inesperados. Algo sumamente importante est\u00e1 ocurriendo y  Alexandra acepta el reto de seguir misteriosas pistas que ha preparado  su madre.<\/p>\n","protected":false},"excerpt":{"rendered":"<p>Hace veinte a\u00f1os comenz\u00f3 la partida. Ha llegado el momento de realizar la siguiente jugada. El juego vuelve a empezar. 2003, Colorado: Alexandra Solaris recibe una inesperada invitaci\u00f3n a la fiesta de cumplea\u00f1os de su madre, Cat Velis, quien nunca antes hab\u00eda celebrado este d\u00eda. A\u00f1os atr\u00e1s, la propia Cat junto a su marido, Alexander [&hellip;]<\/p>\n","protected":false},"featured_media":2852,"template":"","meta":[],"product_brand":[298],"product_cat":[30],"product_tag":[],"class_list":{"0":"post-2851","1":"product","2":"type-product","3":"status-publish","4":"has-post-thumbnail","6":"product_brand-katherine-neville","7":"product_cat-suspenso","9":"first","10":"instock","11":"purchasable","12":"product-type-simple"},"featured_image_urls_v2":{"full":["https:\/\/ajupe.com.uy\/web\/wp-content\/uploads\/2016\/04\/p-2851-El_fuego_4e404e937b35f.jpg",214,320,false],"thumbnail":["https:\/\/ajupe.com.uy\/web\/wp-content\/uploads\/2016\/04\/p-2851-El_fuego_4e404e937b35f.jpg",150,150,true],"medium":["https:\/\/ajupe.com.uy\/web\/wp-content\/uploads\/2016\/04\/p-2851-El_fuego_4e404e937b35f.jpg",300,214,true],"medium_large":["https:\/\/ajupe.com.uy\/web\/wp-content\/uploads\/2016\/04\/p-2851-El_fuego_4e404e937b35f.jpg",214,320,false],"large":["https:\/\/ajupe.com.uy\/web\/wp-content\/uploads\/2016\/04\/p-2851-El_fuego_4e404e937b35f.jpg",214,320,false],"1536x1536":["https:\/\/ajupe.com.uy\/web\/wp-content\/uploads\/2016\/04\/p-2851-El_fuego_4e404e937b35f.jpg",214,320,false],"2048x2048":["https:\/\/ajupe.com.uy\/web\/wp-content\/uploads\/2016\/04\/p-2851-El_fuego_4e404e937b35f.jpg",214,320,false],"woocommerce_archive_thumbnail":["https:\/\/ajupe.com.uy\/web\/wp-content\/uploads\/2016\/04\/p-2851-El_fuego_4e404e937b35f-214x300.jpg",214,300,true],"woocommerce_thumbnail":["https:\/\/ajupe.com.uy\/web\/wp-content\/uploads\/2016\/04\/p-2851-El_fuego_4e404e937b35f-214x300.jpg",214,300,true],"woocommerce_single":["https:\/\/ajupe.com.uy\/web\/wp-content\/uploads\/2016\/04\/p-2851-El_fuego_4e404e937b35f.jpg",214,320,false],"woocommerce_gallery_thumbnail":["https:\/\/ajupe.com.uy\/web\/wp-content\/uploads\/2016\/04\/p-2851-El_fuego_4e404e937b35f-100x100.jpg",100,100,true]},"post_excerpt_stackable_v2":"<p>Hace veinte a\u00f1os comenz\u00f3 la partida. Ha llegado el momento de realizar la siguiente jugada. El juego vuelve a empezar. 2003, Colorado: Alexandra Solaris recibe una inesperada invitaci\u00f3n a la fiesta de cumplea\u00f1os de su madre, Cat Velis, quien nunca antes hab\u00eda celebrado este d\u00eda. A\u00f1os atr\u00e1s, la propia Cat junto a su marido, Alexander Solaris, reparti\u00f3 por diferentes pa\u00edses del mundo las fabulosas piezas del ajedrez de Montglane, con el objetivo de que nadie nunca pudiera reunirlas y hacerse con el secreto poder que contienen. Cuando Alexandra llega a la casa familiar de las Rocosas, la vivienda est\u00e1 vac\u00eda.&hellip;<\/p>\n","category_list_v2":"","author_info_v2":{"name":"","url":""},"comments_num_v2":"0 comentarios","_links":{"self":[{"href":"https:\/\/ajupe.com.uy\/web\/wp-json\/wp\/v2\/product\/2851","targetHints":{"allow":["GET"]}}],"collection":[{"href":"https:\/\/ajupe.com.uy\/web\/wp-json\/wp\/v2\/product"}],"about":[{"href":"https:\/\/ajupe.com.uy\/web\/wp-json\/wp\/v2\/types\/product"}],"wp:featuredmedia":[{"embeddable":true,"href":"https:\/\/ajupe.com.uy\/web\/wp-json\/wp\/v2\/media\/2852"}],"wp:attachment":[{"href":"https:\/\/ajupe.com.uy\/web\/wp-json\/wp\/v2\/media?parent=2851"}],"wp:term":[{"taxonomy":"product_brand","embeddable":true,"href":"https:\/\/ajupe.com.uy\/web\/wp-json\/wp\/v2\/product_brand?post=2851"},{"taxonomy":"product_cat","embeddable":true,"href":"https:\/\/ajupe.com.uy\/web\/wp-json\/wp\/v2\/product_cat?post=2851"},{"taxonomy":"product_tag","embeddable":true,"href":"https:\/\/ajupe.com.uy\/web\/wp-json\/wp\/v2\/product_tag?post=2851"}],"curies":[{"name":"wp","href":"https:\/\/api.w.org\/{rel}","templated":true}]}}