{"id":2857,"date":"2011-08-08T21:21:14","date_gmt":"2011-08-09T00:21:14","guid":{"rendered":"http:\/\/ajupe.com.uy\/web\/?post_type=product&#038;p=2857"},"modified":"2011-09-16T17:13:02","modified_gmt":"2011-09-16T20:13:02","slug":"oro-antiguo","status":"publish","type":"product","link":"https:\/\/ajupe.com.uy\/web\/biblioteca\/oro-antiguo\/","title":{"rendered":"Oro antiguo"},"content":{"rendered":"<p>n la quietud de su laboratorio, la joven cient\u00edfica Sara Terracini   descifra unos documentos con el fin de seguir la pista de unas   misteriosas estatuillas de oro, que desde la Roma del siglo I d.C. han   ido a parar al fondo del oc\u00e9ano en un gale\u00f3n del siglo XVII. Sin   embargo, Sara todav\u00eda no sabe que la historia de los enigm\u00e1ticos objetos   no acaba ah\u00ed. Laura Joanson, novelista de gran \u00e9xito y apasionada   buscadora de restos hist\u00f3ricos sumergidos, las ha rescatado de un   submarino nazi hundido en los \u00faltimos d\u00edas de la Segunda Guerra Mundial.   Y por su parte, Laura ignora que el seductor coronel Kevin Dimarzio,  su  ayudante en el an\u00e1lisis de los objetos hallados en el submarino,  est\u00e1  ligado por un v\u00ednculo sutil pero muy consistente al antiguo due\u00f1o  de las  estatuillas, el soldado romano Giunio&#8230; As\u00ed pues, \u00bfcu\u00e1les son  los  hilos ocultos que unen el pasado con el presente? \u00bfY por qu\u00e9 los   servicios secretos de las grandes potencias est\u00e1n tan interesados en el   destino de estas misteriosas reliquias, aparentes poseedoras de un  poder  arcano e indestructible?<\/p>\n","protected":false},"excerpt":{"rendered":"<p>n la quietud de su laboratorio, la joven cient\u00edfica Sara Terracini descifra unos documentos con el fin de seguir la pista de unas misteriosas estatuillas de oro, que desde la Roma del siglo I d.C. han ido a parar al fondo del oc\u00e9ano en un gale\u00f3n del siglo XVII. Sin embargo, Sara todav\u00eda no sabe [&hellip;]<\/p>\n","protected":false},"featured_media":2858,"template":"","meta":[],"product_brand":[794],"product_cat":[42,29],"product_tag":[],"class_list":{"0":"post-2857","1":"product","2":"type-product","3":"status-publish","4":"has-post-thumbnail","6":"product_brand-marco-buticchi","7":"product_cat-aventura","8":"product_cat-novela","10":"first","11":"instock","12":"purchasable","13":"product-type-simple"},"featured_image_urls_v2":{"full":["https:\/\/ajupe.com.uy\/web\/wp-content\/uploads\/2016\/04\/p-2857-Oro_antiguo_4e40534ad2ca4.jpg",311,465,false],"thumbnail":["https:\/\/ajupe.com.uy\/web\/wp-content\/uploads\/2016\/04\/p-2857-Oro_antiguo_4e40534ad2ca4.jpg",150,150,true],"medium":["https:\/\/ajupe.com.uy\/web\/wp-content\/uploads\/2016\/04\/p-2857-Oro_antiguo_4e40534ad2ca4.jpg",300,214,true],"medium_large":["https:\/\/ajupe.com.uy\/web\/wp-content\/uploads\/2016\/04\/p-2857-Oro_antiguo_4e40534ad2ca4.jpg",311,465,false],"large":["https:\/\/ajupe.com.uy\/web\/wp-content\/uploads\/2016\/04\/p-2857-Oro_antiguo_4e40534ad2ca4.jpg",311,465,false],"1536x1536":["https:\/\/ajupe.com.uy\/web\/wp-content\/uploads\/2016\/04\/p-2857-Oro_antiguo_4e40534ad2ca4.jpg",311,465,false],"2048x2048":["https:\/\/ajupe.com.uy\/web\/wp-content\/uploads\/2016\/04\/p-2857-Oro_antiguo_4e40534ad2ca4.jpg",311,465,false],"woocommerce_archive_thumbnail":["https:\/\/ajupe.com.uy\/web\/wp-content\/uploads\/2016\/04\/p-2857-Oro_antiguo_4e40534ad2ca4-300x450.jpg",300,450,true],"woocommerce_thumbnail":["https:\/\/ajupe.com.uy\/web\/wp-content\/uploads\/2016\/04\/p-2857-Oro_antiguo_4e40534ad2ca4-300x300.jpg",300,300,true],"woocommerce_single":["https:\/\/ajupe.com.uy\/web\/wp-content\/uploads\/2016\/04\/p-2857-Oro_antiguo_4e40534ad2ca4-300x449.jpg",300,449,true],"woocommerce_gallery_thumbnail":["https:\/\/ajupe.com.uy\/web\/wp-content\/uploads\/2016\/04\/p-2857-Oro_antiguo_4e40534ad2ca4-100x100.jpg",100,100,true]},"post_excerpt_stackable_v2":"<p>n la quietud de su laboratorio, la joven cient\u00edfica Sara Terracini descifra unos documentos con el fin de seguir la pista de unas misteriosas estatuillas de oro, que desde la Roma del siglo I d.C. han ido a parar al fondo del oc\u00e9ano en un gale\u00f3n del siglo XVII. Sin embargo, Sara todav\u00eda no sabe que la historia de los enigm\u00e1ticos objetos no acaba ah\u00ed. Laura Joanson, novelista de gran \u00e9xito y apasionada buscadora de restos hist\u00f3ricos sumergidos, las ha rescatado de un submarino nazi hundido en los \u00faltimos d\u00edas de la Segunda Guerra Mundial. Y por su parte, Laura&hellip;<\/p>\n","category_list_v2":"","author_info_v2":{"name":"","url":""},"comments_num_v2":"0 comentarios","_links":{"self":[{"href":"https:\/\/ajupe.com.uy\/web\/wp-json\/wp\/v2\/product\/2857","targetHints":{"allow":["GET"]}}],"collection":[{"href":"https:\/\/ajupe.com.uy\/web\/wp-json\/wp\/v2\/product"}],"about":[{"href":"https:\/\/ajupe.com.uy\/web\/wp-json\/wp\/v2\/types\/product"}],"wp:featuredmedia":[{"embeddable":true,"href":"https:\/\/ajupe.com.uy\/web\/wp-json\/wp\/v2\/media\/2858"}],"wp:attachment":[{"href":"https:\/\/ajupe.com.uy\/web\/wp-json\/wp\/v2\/media?parent=2857"}],"wp:term":[{"taxonomy":"product_brand","embeddable":true,"href":"https:\/\/ajupe.com.uy\/web\/wp-json\/wp\/v2\/product_brand?post=2857"},{"taxonomy":"product_cat","embeddable":true,"href":"https:\/\/ajupe.com.uy\/web\/wp-json\/wp\/v2\/product_cat?post=2857"},{"taxonomy":"product_tag","embeddable":true,"href":"https:\/\/ajupe.com.uy\/web\/wp-json\/wp\/v2\/product_tag?post=2857"}],"curies":[{"name":"wp","href":"https:\/\/api.w.org\/{rel}","templated":true}]}}