{"id":2860,"date":"2011-08-09T19:31:32","date_gmt":"2011-08-09T22:31:32","guid":{"rendered":"http:\/\/ajupe.com.uy\/web\/?post_type=product&#038;p=2860"},"modified":"2011-09-16T17:14:26","modified_gmt":"2011-09-16T20:14:26","slug":"nacida-de-la-verguenza-las-hermanas-concannon-iii","status":"publish","type":"product","link":"https:\/\/ajupe.com.uy\/web\/biblioteca\/nacida-de-la-verguenza-las-hermanas-concannon-iii\/","title":{"rendered":"Nacida de la verg\u00fcenza. Las Hermanas Concannon III"},"content":{"rendered":"<p>En muy poco tiempo, Shannon Bodine pierde a sus padres y recibe una  noticia que sacude los cimientos de su existencia y le hace dudar hasta  de su misma identidad. Decidida a aclarar las cosas, Shannon aparca  durante una temporada su brillante carrera como publicista y viaja de  Nueva York al condado de Clare, donde la esperan Maggie, Brie y todos  los que forman parte de su mundo: sus familias, sus amigos, sus vecinos\u2026  Gracias a ellos, Shannon descubre una nueva manera de vivir, llena de  naturaleza, m\u00fasica y tranquilidad. Y tambi\u00e9n de mitos, ilusiones \u2014la de  pintar, por ejemplo\u2014 y sue\u00f1os: unos sue\u00f1os que se repiten continuamente  desde su llegada y que le dicen que su destino est\u00e1, por incre\u00edble que  parezca, junto a un entregado caballero irland\u00e9s, fuerte, tierno y  osado. Por desgracia, Shannon no cree en el destino, aunque tal vez s\u00f3lo  necesite un poco de magia: la del amor.<\/p>\n","protected":false},"excerpt":{"rendered":"<p>En muy poco tiempo, Shannon Bodine pierde a sus padres y recibe una noticia que sacude los cimientos de su existencia y le hace dudar hasta de su misma identidad. Decidida a aclarar las cosas, Shannon aparca durante una temporada su brillante carrera como publicista y viaja de Nueva York al condado de Clare, donde [&hellip;]<\/p>\n","protected":false},"featured_media":2861,"template":"","meta":[],"product_brand":[267],"product_cat":[38,29],"product_tag":[],"class_list":{"0":"post-2860","1":"product","2":"type-product","3":"status-publish","4":"has-post-thumbnail","6":"product_brand-nora-roberts","7":"product_cat-amor","8":"product_cat-novela","10":"first","11":"instock","12":"purchasable","13":"product-type-simple"},"featured_image_urls_v2":{"full":["https:\/\/ajupe.com.uy\/web\/wp-content\/uploads\/2016\/04\/p-2860-Nacida_de_la_ver_4e418b145a806.jpg",240,365,false],"thumbnail":["https:\/\/ajupe.com.uy\/web\/wp-content\/uploads\/2016\/04\/p-2860-Nacida_de_la_ver_4e418b145a806.jpg",150,150,true],"medium":["https:\/\/ajupe.com.uy\/web\/wp-content\/uploads\/2016\/04\/p-2860-Nacida_de_la_ver_4e418b145a806.jpg",300,214,true],"medium_large":["https:\/\/ajupe.com.uy\/web\/wp-content\/uploads\/2016\/04\/p-2860-Nacida_de_la_ver_4e418b145a806.jpg",240,365,false],"large":["https:\/\/ajupe.com.uy\/web\/wp-content\/uploads\/2016\/04\/p-2860-Nacida_de_la_ver_4e418b145a806.jpg",240,365,false],"1536x1536":["https:\/\/ajupe.com.uy\/web\/wp-content\/uploads\/2016\/04\/p-2860-Nacida_de_la_ver_4e418b145a806.jpg",240,365,false],"2048x2048":["https:\/\/ajupe.com.uy\/web\/wp-content\/uploads\/2016\/04\/p-2860-Nacida_de_la_ver_4e418b145a806.jpg",240,365,false],"woocommerce_archive_thumbnail":["https:\/\/ajupe.com.uy\/web\/wp-content\/uploads\/2016\/04\/p-2860-Nacida_de_la_ver_4e418b145a806-240x300.jpg",240,300,true],"woocommerce_thumbnail":["https:\/\/ajupe.com.uy\/web\/wp-content\/uploads\/2016\/04\/p-2860-Nacida_de_la_ver_4e418b145a806-240x300.jpg",240,300,true],"woocommerce_single":["https:\/\/ajupe.com.uy\/web\/wp-content\/uploads\/2016\/04\/p-2860-Nacida_de_la_ver_4e418b145a806.jpg",240,365,false],"woocommerce_gallery_thumbnail":["https:\/\/ajupe.com.uy\/web\/wp-content\/uploads\/2016\/04\/p-2860-Nacida_de_la_ver_4e418b145a806-100x100.jpg",100,100,true]},"post_excerpt_stackable_v2":"<p>En muy poco tiempo, Shannon Bodine pierde a sus padres y recibe una noticia que sacude los cimientos de su existencia y le hace dudar hasta de su misma identidad. Decidida a aclarar las cosas, Shannon aparca durante una temporada su brillante carrera como publicista y viaja de Nueva York al condado de Clare, donde la esperan Maggie, Brie y todos los que forman parte de su mundo: sus familias, sus amigos, sus vecinos\u2026 Gracias a ellos, Shannon descubre una nueva manera de vivir, llena de naturaleza, m\u00fasica y tranquilidad. Y tambi\u00e9n de mitos, ilusiones \u2014la de pintar, por ejemplo\u2014&hellip;<\/p>\n","category_list_v2":"","author_info_v2":{"name":"","url":""},"comments_num_v2":"0 comentarios","_links":{"self":[{"href":"https:\/\/ajupe.com.uy\/web\/wp-json\/wp\/v2\/product\/2860","targetHints":{"allow":["GET"]}}],"collection":[{"href":"https:\/\/ajupe.com.uy\/web\/wp-json\/wp\/v2\/product"}],"about":[{"href":"https:\/\/ajupe.com.uy\/web\/wp-json\/wp\/v2\/types\/product"}],"wp:featuredmedia":[{"embeddable":true,"href":"https:\/\/ajupe.com.uy\/web\/wp-json\/wp\/v2\/media\/2861"}],"wp:attachment":[{"href":"https:\/\/ajupe.com.uy\/web\/wp-json\/wp\/v2\/media?parent=2860"}],"wp:term":[{"taxonomy":"product_brand","embeddable":true,"href":"https:\/\/ajupe.com.uy\/web\/wp-json\/wp\/v2\/product_brand?post=2860"},{"taxonomy":"product_cat","embeddable":true,"href":"https:\/\/ajupe.com.uy\/web\/wp-json\/wp\/v2\/product_cat?post=2860"},{"taxonomy":"product_tag","embeddable":true,"href":"https:\/\/ajupe.com.uy\/web\/wp-json\/wp\/v2\/product_tag?post=2860"}],"curies":[{"name":"wp","href":"https:\/\/api.w.org\/{rel}","templated":true}]}}