{"id":2866,"date":"2011-08-09T19:49:26","date_gmt":"2011-08-09T22:49:26","guid":{"rendered":"http:\/\/ajupe.com.uy\/web\/?post_type=product&#038;p=2866"},"modified":"2011-09-16T17:15:22","modified_gmt":"2011-09-16T20:15:22","slug":"la-mirada-del-culpable","status":"publish","type":"product","link":"https:\/\/ajupe.com.uy\/web\/biblioteca\/la-mirada-del-culpable\/","title":{"rendered":"La mirada del culpable"},"content":{"rendered":"<p>En la narrativa de <strong>Ellis<\/strong> nada es lo que parece, y <em>La mirada del culpable <\/em>es una buena muestra de ello: una palpitante novela llena de secretos oscuros. <\/p>\n<p>El  c\u00e9lebre abogado Paul Riley ha construido su prestigiosa y lucrativa  carrera a partir del caso Terry Burgos: un asesino en serie que sigui\u00f3  las letras de una violenta canci\u00f3n para matar a seis chicas cuyos  cad\u00e1veres fueron encontrados en el auditorio de la universidad. Riley,  por aquel entonces fiscal del distrito, consigui\u00f3 que lo condenaran a  muerte. Ahora, quince a\u00f1os m\u00e1s tarde, la polic\u00eda se enfrenta a una nueva  serie de asesinatos y mutilaciones. Riley es el primero en darse cuenta  de que los dos casos est\u00e1n conectados, y el asesino parece estar  haciendo todo lo posible para involucrarlo.<\/p>\n","protected":false},"excerpt":{"rendered":"<p>En la narrativa de Ellis nada es lo que parece, y La mirada del culpable es una buena muestra de ello: una palpitante novela llena de secretos oscuros. El c\u00e9lebre abogado Paul Riley ha construido su prestigiosa y lucrativa carrera a partir del caso Terry Burgos: un asesino en serie que sigui\u00f3 las letras de [&hellip;]<\/p>\n","protected":false},"featured_media":2867,"template":"","meta":[],"product_brand":[478],"product_cat":[30],"product_tag":[],"class_list":{"0":"post-2866","1":"product","2":"type-product","3":"status-publish","4":"has-post-thumbnail","6":"product_brand-david-ellis","7":"product_cat-suspenso","9":"first","10":"instock","11":"purchasable","12":"product-type-simple"},"featured_image_urls_v2":{"full":["https:\/\/ajupe.com.uy\/web\/wp-content\/uploads\/2016\/04\/p-2866-La_mirada_del_cu_4e418f460b352.jpg",300,300,false],"thumbnail":["https:\/\/ajupe.com.uy\/web\/wp-content\/uploads\/2016\/04\/p-2866-La_mirada_del_cu_4e418f460b352.jpg",150,150,true],"medium":["https:\/\/ajupe.com.uy\/web\/wp-content\/uploads\/2016\/04\/p-2866-La_mirada_del_cu_4e418f460b352.jpg",300,214,true],"medium_large":["https:\/\/ajupe.com.uy\/web\/wp-content\/uploads\/2016\/04\/p-2866-La_mirada_del_cu_4e418f460b352.jpg",300,300,false],"large":["https:\/\/ajupe.com.uy\/web\/wp-content\/uploads\/2016\/04\/p-2866-La_mirada_del_cu_4e418f460b352.jpg",300,300,false],"1536x1536":["https:\/\/ajupe.com.uy\/web\/wp-content\/uploads\/2016\/04\/p-2866-La_mirada_del_cu_4e418f460b352.jpg",300,300,false],"2048x2048":["https:\/\/ajupe.com.uy\/web\/wp-content\/uploads\/2016\/04\/p-2866-La_mirada_del_cu_4e418f460b352.jpg",300,300,false],"woocommerce_archive_thumbnail":["https:\/\/ajupe.com.uy\/web\/wp-content\/uploads\/2016\/04\/p-2866-La_mirada_del_cu_4e418f460b352.jpg",300,300,false],"woocommerce_thumbnail":["https:\/\/ajupe.com.uy\/web\/wp-content\/uploads\/2016\/04\/p-2866-La_mirada_del_cu_4e418f460b352.jpg",300,300,false],"woocommerce_single":["https:\/\/ajupe.com.uy\/web\/wp-content\/uploads\/2016\/04\/p-2866-La_mirada_del_cu_4e418f460b352.jpg",300,300,false],"woocommerce_gallery_thumbnail":["https:\/\/ajupe.com.uy\/web\/wp-content\/uploads\/2016\/04\/p-2866-La_mirada_del_cu_4e418f460b352-100x100.jpg",100,100,true]},"post_excerpt_stackable_v2":"<p>En la narrativa de Ellis nada es lo que parece, y La mirada del culpable es una buena muestra de ello: una palpitante novela llena de secretos oscuros. El c\u00e9lebre abogado Paul Riley ha construido su prestigiosa y lucrativa carrera a partir del caso Terry Burgos: un asesino en serie que sigui\u00f3 las letras de una violenta canci\u00f3n para matar a seis chicas cuyos cad\u00e1veres fueron encontrados en el auditorio de la universidad. Riley, por aquel entonces fiscal del distrito, consigui\u00f3 que lo condenaran a muerte. Ahora, quince a\u00f1os m\u00e1s tarde, la polic\u00eda se enfrenta a una nueva serie de&hellip;<\/p>\n","category_list_v2":"","author_info_v2":{"name":"","url":""},"comments_num_v2":"0 comentarios","_links":{"self":[{"href":"https:\/\/ajupe.com.uy\/web\/wp-json\/wp\/v2\/product\/2866","targetHints":{"allow":["GET"]}}],"collection":[{"href":"https:\/\/ajupe.com.uy\/web\/wp-json\/wp\/v2\/product"}],"about":[{"href":"https:\/\/ajupe.com.uy\/web\/wp-json\/wp\/v2\/types\/product"}],"wp:featuredmedia":[{"embeddable":true,"href":"https:\/\/ajupe.com.uy\/web\/wp-json\/wp\/v2\/media\/2867"}],"wp:attachment":[{"href":"https:\/\/ajupe.com.uy\/web\/wp-json\/wp\/v2\/media?parent=2866"}],"wp:term":[{"taxonomy":"product_brand","embeddable":true,"href":"https:\/\/ajupe.com.uy\/web\/wp-json\/wp\/v2\/product_brand?post=2866"},{"taxonomy":"product_cat","embeddable":true,"href":"https:\/\/ajupe.com.uy\/web\/wp-json\/wp\/v2\/product_cat?post=2866"},{"taxonomy":"product_tag","embeddable":true,"href":"https:\/\/ajupe.com.uy\/web\/wp-json\/wp\/v2\/product_tag?post=2866"}],"curies":[{"name":"wp","href":"https:\/\/api.w.org\/{rel}","templated":true}]}}