{"id":2872,"date":"2011-08-09T20:12:00","date_gmt":"2011-08-09T23:12:00","guid":{"rendered":"http:\/\/ajupe.com.uy\/web\/?post_type=product&#038;p=2872"},"modified":"2011-08-09T20:12:00","modified_gmt":"2011-08-09T23:12:00","slug":"adan","status":"publish","type":"product","link":"https:\/\/ajupe.com.uy\/web\/biblioteca\/adan\/","title":{"rendered":"Ad\u00e1n"},"content":{"rendered":"<p>Un asesino serial cuyas v\u00edctimas mueren por causas que no se pueden  determinar y un psic\u00f3logo obsesionado con el caso protagonizan este  thriller de acci\u00f3n trepidante y narrativamente apasionante. <strong>Dekker<\/strong>,  autor de Tres y coautor de el \u00e9xito de terror La Casa, entrega en Ad\u00e1n  uno de sus m\u00e1s logrados trabajos en el g\u00e9nero de suspenso, un encuentro  de dos mentes obsesivas, en una batalla por la vida, la cordura y por la  salvaci\u00f3n del alma.<\/p>\n","protected":false},"excerpt":{"rendered":"<p>Un asesino serial cuyas v\u00edctimas mueren por causas que no se pueden determinar y un psic\u00f3logo obsesionado con el caso protagonizan este thriller de acci\u00f3n trepidante y narrativamente apasionante. Dekker, autor de Tres y coautor de el \u00e9xito de terror La Casa, entrega en Ad\u00e1n uno de sus m\u00e1s logrados trabajos en el g\u00e9nero de [&hellip;]<\/p>\n","protected":false},"featured_media":2873,"template":"","meta":[],"product_brand":[995],"product_cat":[30],"product_tag":[],"class_list":{"0":"post-2872","1":"product","2":"type-product","3":"status-publish","4":"has-post-thumbnail","6":"product_brand-ted-dekker","7":"product_cat-suspenso","9":"first","10":"instock","11":"purchasable","12":"product-type-simple"},"featured_image_urls_v2":{"full":["https:\/\/ajupe.com.uy\/web\/wp-content\/uploads\/2016\/04\/p-2872-Ad__n_4e419490937d8.jpg",275,400,false],"thumbnail":["https:\/\/ajupe.com.uy\/web\/wp-content\/uploads\/2016\/04\/p-2872-Ad__n_4e419490937d8.jpg",150,150,true],"medium":["https:\/\/ajupe.com.uy\/web\/wp-content\/uploads\/2016\/04\/p-2872-Ad__n_4e419490937d8.jpg",300,214,true],"medium_large":["https:\/\/ajupe.com.uy\/web\/wp-content\/uploads\/2016\/04\/p-2872-Ad__n_4e419490937d8.jpg",275,400,false],"large":["https:\/\/ajupe.com.uy\/web\/wp-content\/uploads\/2016\/04\/p-2872-Ad__n_4e419490937d8.jpg",275,400,false],"1536x1536":["https:\/\/ajupe.com.uy\/web\/wp-content\/uploads\/2016\/04\/p-2872-Ad__n_4e419490937d8.jpg",275,400,false],"2048x2048":["https:\/\/ajupe.com.uy\/web\/wp-content\/uploads\/2016\/04\/p-2872-Ad__n_4e419490937d8.jpg",275,400,false],"woocommerce_archive_thumbnail":["https:\/\/ajupe.com.uy\/web\/wp-content\/uploads\/2016\/04\/p-2872-Ad__n_4e419490937d8-275x300.jpg",275,300,true],"woocommerce_thumbnail":["https:\/\/ajupe.com.uy\/web\/wp-content\/uploads\/2016\/04\/p-2872-Ad__n_4e419490937d8-275x300.jpg",275,300,true],"woocommerce_single":["https:\/\/ajupe.com.uy\/web\/wp-content\/uploads\/2016\/04\/p-2872-Ad__n_4e419490937d8.jpg",275,400,false],"woocommerce_gallery_thumbnail":["https:\/\/ajupe.com.uy\/web\/wp-content\/uploads\/2016\/04\/p-2872-Ad__n_4e419490937d8-100x100.jpg",100,100,true]},"post_excerpt_stackable_v2":"<p>Un asesino serial cuyas v\u00edctimas mueren por causas que no se pueden determinar y un psic\u00f3logo obsesionado con el caso protagonizan este thriller de acci\u00f3n trepidante y narrativamente apasionante. Dekker, autor de Tres y coautor de el \u00e9xito de terror La Casa, entrega en Ad\u00e1n uno de sus m\u00e1s logrados trabajos en el g\u00e9nero de suspenso, un encuentro de dos mentes obsesivas, en una batalla por la vida, la cordura y por la salvaci\u00f3n del alma.<\/p>\n","category_list_v2":"","author_info_v2":{"name":"","url":""},"comments_num_v2":"0 comentarios","_links":{"self":[{"href":"https:\/\/ajupe.com.uy\/web\/wp-json\/wp\/v2\/product\/2872","targetHints":{"allow":["GET"]}}],"collection":[{"href":"https:\/\/ajupe.com.uy\/web\/wp-json\/wp\/v2\/product"}],"about":[{"href":"https:\/\/ajupe.com.uy\/web\/wp-json\/wp\/v2\/types\/product"}],"wp:featuredmedia":[{"embeddable":true,"href":"https:\/\/ajupe.com.uy\/web\/wp-json\/wp\/v2\/media\/2873"}],"wp:attachment":[{"href":"https:\/\/ajupe.com.uy\/web\/wp-json\/wp\/v2\/media?parent=2872"}],"wp:term":[{"taxonomy":"product_brand","embeddable":true,"href":"https:\/\/ajupe.com.uy\/web\/wp-json\/wp\/v2\/product_brand?post=2872"},{"taxonomy":"product_cat","embeddable":true,"href":"https:\/\/ajupe.com.uy\/web\/wp-json\/wp\/v2\/product_cat?post=2872"},{"taxonomy":"product_tag","embeddable":true,"href":"https:\/\/ajupe.com.uy\/web\/wp-json\/wp\/v2\/product_tag?post=2872"}],"curies":[{"name":"wp","href":"https:\/\/api.w.org\/{rel}","templated":true}]}}