{"id":2878,"date":"2011-08-09T20:35:08","date_gmt":"2011-08-09T23:35:08","guid":{"rendered":"http:\/\/ajupe.com.uy\/web\/?post_type=product&#038;p=2878"},"modified":"2011-09-16T17:18:11","modified_gmt":"2011-09-16T20:18:11","slug":"diarios","status":"publish","type":"product","link":"https:\/\/ajupe.com.uy\/web\/biblioteca\/diarios\/","title":{"rendered":"Diarios"},"content":{"rendered":"<p>El \u00faltimo tomo de los diarios de S\u00e1ndor M\u00e1rai arranca en el muy  literario 1984 (la primera entrada, fechada el 7 de enero, dice as\u00ed:  \u201cEmpieza el a\u00f1o que da t\u00edtulo al \u00e9xito de ventas de Orwell. Si bien su  vaticinio no se ha cumplido, a cambio se ha impuesto la realidad diaria:  el terror nuclear\u201d) y se cierra el 15 de enero de 1989 con dos  sobrecogedoras l\u00edneas de despedida (dejaremos que el lector las  descubra). Entre un extremo y otro, consigna sus recuerdos, sus  lecturas, las noticias que le llegan desde la Hungr\u00eda que lo despreci\u00f3,  su propio deterioro f\u00edsico y su intenci\u00f3n de morir a su manera.<span id=\"more-78\"><\/span><\/p>\n<p>\u201cTodo el mundo tiene algo que solo se revela tras la muerte\u201d, escribe  M\u00e1rai un a\u00f1o y medio antes de dispararse un tiro en la cabeza ante el  pavor que le produce acabar vegetando en un hospital. Y lo hace en  referencia a los diarios legados por L., su esposa durante 62 a\u00f1os, una  mujer a la que reiteradamente califica con los mismos adjetivos que  caracterizaron su propia prosa: \u201celegante\u201d y \u201cnoble\u201d. Su lectura, junto  con los mensajes cifrados que la misma L. le env\u00eda en sue\u00f1os desde  ultratumba \u2013frases sueltas que el autor, en una muestra de su inc\u00f3lume  sentido del humor incluso en las horas m\u00e1s oscuras, asegura que le  llegan por el m\u00e9todo del \u201ctel\u00e9fono rojo\u201d- permiten a M\u00e1rai reconstruir  su historia personal, hacer balance de cuanto se amontona en una vida,  al tiempo que lo enfrentan a sus fantasmas y le ofrecen un consuelo que  ni la escritura, ni los m\u00e9dicos ni Dios pueden brindarle. Pr\u00f3ximos a  cumplirse veinte a\u00f1os de la desaparici\u00f3n del autor de El \u00faltimo  encuentro, y salvando las distancias de la inaccesible comuni\u00f3n entre  c\u00f3nyuges, la lectura de sus \u00faltimos diarios operan sobre nosotros de una  manera similar. Y ello por su capacidad para ilustrarnos sobre unas  realidades hist\u00f3ricas determinadas (el impacto del sistema comunista en  la Hungr\u00eda natal del escritor, los sinsabores de una vida en el  exilio\u2026), invitarnos a reflexionar sobre aspectos muy \u00edntimos del ser  humano y, dentro de lo calamitoso que supone encarar la soledad y la  extinci\u00f3n, mostrarnos alg\u00fan tipo de serenidad o apaciguamiento final al  hacernos due\u00f1os del derecho a dimitir de nuestra vida.<\/p>\n","protected":false},"excerpt":{"rendered":"<p>El \u00faltimo tomo de los diarios de S\u00e1ndor M\u00e1rai arranca en el muy literario 1984 (la primera entrada, fechada el 7 de enero, dice as\u00ed: \u201cEmpieza el a\u00f1o que da t\u00edtulo al \u00e9xito de ventas de Orwell. Si bien su vaticinio no se ha cumplido, a cambio se ha impuesto la realidad diaria: el terror [&hellip;]<\/p>\n","protected":false},"featured_media":2879,"template":"","meta":[],"product_brand":[793],"product_cat":[29],"product_tag":[],"class_list":{"0":"post-2878","1":"product","2":"type-product","3":"status-publish","4":"has-post-thumbnail","6":"product_brand-marai-sandor","7":"product_cat-novela","9":"first","10":"instock","11":"purchasable","12":"product-type-simple"},"featured_image_urls_v2":{"full":["https:\/\/ajupe.com.uy\/web\/wp-content\/uploads\/2016\/04\/p-2878-Diarios_4e4199fce0bc2.jpg",180,299,false],"thumbnail":["https:\/\/ajupe.com.uy\/web\/wp-content\/uploads\/2016\/04\/p-2878-Diarios_4e4199fce0bc2.jpg",150,150,true],"medium":["https:\/\/ajupe.com.uy\/web\/wp-content\/uploads\/2016\/04\/p-2878-Diarios_4e4199fce0bc2.jpg",300,214,true],"medium_large":["https:\/\/ajupe.com.uy\/web\/wp-content\/uploads\/2016\/04\/p-2878-Diarios_4e4199fce0bc2.jpg",180,299,false],"large":["https:\/\/ajupe.com.uy\/web\/wp-content\/uploads\/2016\/04\/p-2878-Diarios_4e4199fce0bc2.jpg",180,299,false],"1536x1536":["https:\/\/ajupe.com.uy\/web\/wp-content\/uploads\/2016\/04\/p-2878-Diarios_4e4199fce0bc2.jpg",180,299,false],"2048x2048":["https:\/\/ajupe.com.uy\/web\/wp-content\/uploads\/2016\/04\/p-2878-Diarios_4e4199fce0bc2.jpg",180,299,false],"woocommerce_archive_thumbnail":["https:\/\/ajupe.com.uy\/web\/wp-content\/uploads\/2016\/04\/p-2878-Diarios_4e4199fce0bc2.jpg",180,299,false],"woocommerce_thumbnail":["https:\/\/ajupe.com.uy\/web\/wp-content\/uploads\/2016\/04\/p-2878-Diarios_4e4199fce0bc2.jpg",180,299,false],"woocommerce_single":["https:\/\/ajupe.com.uy\/web\/wp-content\/uploads\/2016\/04\/p-2878-Diarios_4e4199fce0bc2.jpg",180,299,false],"woocommerce_gallery_thumbnail":["https:\/\/ajupe.com.uy\/web\/wp-content\/uploads\/2016\/04\/p-2878-Diarios_4e4199fce0bc2-100x100.jpg",100,100,true]},"post_excerpt_stackable_v2":"<p>El \u00faltimo tomo de los diarios de S\u00e1ndor M\u00e1rai arranca en el muy literario 1984 (la primera entrada, fechada el 7 de enero, dice as\u00ed: \u201cEmpieza el a\u00f1o que da t\u00edtulo al \u00e9xito de ventas de Orwell. Si bien su vaticinio no se ha cumplido, a cambio se ha impuesto la realidad diaria: el terror nuclear\u201d) y se cierra el 15 de enero de 1989 con dos sobrecogedoras l\u00edneas de despedida (dejaremos que el lector las descubra). Entre un extremo y otro, consigna sus recuerdos, sus lecturas, las noticias que le llegan desde la Hungr\u00eda que lo despreci\u00f3, su propio&hellip;<\/p>\n","category_list_v2":"","author_info_v2":{"name":"","url":""},"comments_num_v2":"0 comentarios","_links":{"self":[{"href":"https:\/\/ajupe.com.uy\/web\/wp-json\/wp\/v2\/product\/2878","targetHints":{"allow":["GET"]}}],"collection":[{"href":"https:\/\/ajupe.com.uy\/web\/wp-json\/wp\/v2\/product"}],"about":[{"href":"https:\/\/ajupe.com.uy\/web\/wp-json\/wp\/v2\/types\/product"}],"wp:featuredmedia":[{"embeddable":true,"href":"https:\/\/ajupe.com.uy\/web\/wp-json\/wp\/v2\/media\/2879"}],"wp:attachment":[{"href":"https:\/\/ajupe.com.uy\/web\/wp-json\/wp\/v2\/media?parent=2878"}],"wp:term":[{"taxonomy":"product_brand","embeddable":true,"href":"https:\/\/ajupe.com.uy\/web\/wp-json\/wp\/v2\/product_brand?post=2878"},{"taxonomy":"product_cat","embeddable":true,"href":"https:\/\/ajupe.com.uy\/web\/wp-json\/wp\/v2\/product_cat?post=2878"},{"taxonomy":"product_tag","embeddable":true,"href":"https:\/\/ajupe.com.uy\/web\/wp-json\/wp\/v2\/product_tag?post=2878"}],"curies":[{"name":"wp","href":"https:\/\/api.w.org\/{rel}","templated":true}]}}