{"id":2884,"date":"2011-08-10T20:00:52","date_gmt":"2011-08-10T23:00:52","guid":{"rendered":"http:\/\/ajupe.com.uy\/web\/?post_type=product&#038;p=2884"},"modified":"2011-08-10T20:00:52","modified_gmt":"2011-08-10T23:00:52","slug":"david-golder","status":"publish","type":"product","link":"https:\/\/ajupe.com.uy\/web\/biblioteca\/david-golder\/","title":{"rendered":"David Golder"},"content":{"rendered":"<p>Tomando como modelo la figura de sus padres, arquetipos del millonario  hecho a s\u00ed mismo y la esposa egoc\u00e9ntrica y despilfarradora, N\u00e8mirovsky  despliega su aguda percepci\u00f3n psicol\u00f3gica en la descripci\u00f3n del mundo de  los grandes negocios, territorio de personajes sin escr\u00fapulos en el que  la voracidad de los hombres es tan grande como la precariedad de sus  fortunas. David Golder es un banquero ca\u00eddo en desgracia tras una grave  crisis card\u00edaca sufrida en un casino de la Costa Azul. Cuando las malas  noticias de la salud del financiero se extienden, las acciones de sus  empresas se desploman.<br \/> As\u00ed, de la noche a la ma\u00f1ana, Golder se encuentra en bancarrota;  arruinado, enfermo y abandonado por su mujer y su \u00fanica hija, se recluye  en un piso vac\u00edo de Par\u00eds. Si bien ha perdido todo, a\u00fan conserva el  esp\u00edritu luchador y el amor por el riesgo que le permitieron abandonar  el m\u00edsero gueto ucraniano donde naci\u00f3.<\/p>\n","protected":false},"excerpt":{"rendered":"<p>Tomando como modelo la figura de sus padres, arquetipos del millonario hecho a s\u00ed mismo y la esposa egoc\u00e9ntrica y despilfarradora, N\u00e8mirovsky despliega su aguda percepci\u00f3n psicol\u00f3gica en la descripci\u00f3n del mundo de los grandes negocios, territorio de personajes sin escr\u00fapulos en el que la voracidad de los hombres es tan grande como la precariedad [&hellip;]<\/p>\n","protected":false},"featured_media":2885,"template":"","meta":[],"product_brand":[530],"product_cat":[29],"product_tag":[],"class_list":{"0":"post-2884","1":"product","2":"type-product","3":"status-publish","4":"has-post-thumbnail","6":"product_brand-irene-nemirovsky","7":"product_cat-novela","9":"first","10":"instock","11":"purchasable","12":"product-type-simple"},"featured_image_urls_v2":{"full":["https:\/\/ajupe.com.uy\/web\/wp-content\/uploads\/2016\/04\/p-2884-David_Golder_4e42e374ea583.jpg",173,277,false],"thumbnail":["https:\/\/ajupe.com.uy\/web\/wp-content\/uploads\/2016\/04\/p-2884-David_Golder_4e42e374ea583.jpg",150,150,true],"medium":["https:\/\/ajupe.com.uy\/web\/wp-content\/uploads\/2016\/04\/p-2884-David_Golder_4e42e374ea583.jpg",300,214,true],"medium_large":["https:\/\/ajupe.com.uy\/web\/wp-content\/uploads\/2016\/04\/p-2884-David_Golder_4e42e374ea583.jpg",173,277,false],"large":["https:\/\/ajupe.com.uy\/web\/wp-content\/uploads\/2016\/04\/p-2884-David_Golder_4e42e374ea583.jpg",173,277,false],"1536x1536":["https:\/\/ajupe.com.uy\/web\/wp-content\/uploads\/2016\/04\/p-2884-David_Golder_4e42e374ea583.jpg",173,277,false],"2048x2048":["https:\/\/ajupe.com.uy\/web\/wp-content\/uploads\/2016\/04\/p-2884-David_Golder_4e42e374ea583.jpg",173,277,false],"woocommerce_archive_thumbnail":["https:\/\/ajupe.com.uy\/web\/wp-content\/uploads\/2016\/04\/p-2884-David_Golder_4e42e374ea583.jpg",173,277,false],"woocommerce_thumbnail":["https:\/\/ajupe.com.uy\/web\/wp-content\/uploads\/2016\/04\/p-2884-David_Golder_4e42e374ea583.jpg",173,277,false],"woocommerce_single":["https:\/\/ajupe.com.uy\/web\/wp-content\/uploads\/2016\/04\/p-2884-David_Golder_4e42e374ea583.jpg",173,277,false],"woocommerce_gallery_thumbnail":["https:\/\/ajupe.com.uy\/web\/wp-content\/uploads\/2016\/04\/p-2884-David_Golder_4e42e374ea583-100x100.jpg",100,100,true]},"post_excerpt_stackable_v2":"<p>Tomando como modelo la figura de sus padres, arquetipos del millonario hecho a s\u00ed mismo y la esposa egoc\u00e9ntrica y despilfarradora, N\u00e8mirovsky despliega su aguda percepci\u00f3n psicol\u00f3gica en la descripci\u00f3n del mundo de los grandes negocios, territorio de personajes sin escr\u00fapulos en el que la voracidad de los hombres es tan grande como la precariedad de sus fortunas. David Golder es un banquero ca\u00eddo en desgracia tras una grave crisis card\u00edaca sufrida en un casino de la Costa Azul. Cuando las malas noticias de la salud del financiero se extienden, las acciones de sus empresas se desploman. As\u00ed, de la&hellip;<\/p>\n","category_list_v2":"","author_info_v2":{"name":"","url":""},"comments_num_v2":"0 comentarios","_links":{"self":[{"href":"https:\/\/ajupe.com.uy\/web\/wp-json\/wp\/v2\/product\/2884","targetHints":{"allow":["GET"]}}],"collection":[{"href":"https:\/\/ajupe.com.uy\/web\/wp-json\/wp\/v2\/product"}],"about":[{"href":"https:\/\/ajupe.com.uy\/web\/wp-json\/wp\/v2\/types\/product"}],"wp:featuredmedia":[{"embeddable":true,"href":"https:\/\/ajupe.com.uy\/web\/wp-json\/wp\/v2\/media\/2885"}],"wp:attachment":[{"href":"https:\/\/ajupe.com.uy\/web\/wp-json\/wp\/v2\/media?parent=2884"}],"wp:term":[{"taxonomy":"product_brand","embeddable":true,"href":"https:\/\/ajupe.com.uy\/web\/wp-json\/wp\/v2\/product_brand?post=2884"},{"taxonomy":"product_cat","embeddable":true,"href":"https:\/\/ajupe.com.uy\/web\/wp-json\/wp\/v2\/product_cat?post=2884"},{"taxonomy":"product_tag","embeddable":true,"href":"https:\/\/ajupe.com.uy\/web\/wp-json\/wp\/v2\/product_tag?post=2884"}],"curies":[{"name":"wp","href":"https:\/\/api.w.org\/{rel}","templated":true}]}}