{"id":2887,"date":"2011-08-10T20:04:45","date_gmt":"2011-08-10T23:04:45","guid":{"rendered":"http:\/\/ajupe.com.uy\/web\/?post_type=product&#038;p=2887"},"modified":"2011-08-10T20:04:45","modified_gmt":"2011-08-10T23:04:45","slug":"las-hermanas-cannon-i","status":"publish","type":"product","link":"https:\/\/ajupe.com.uy\/web\/biblioteca\/las-hermanas-cannon-i\/","title":{"rendered":"Las hermanas Cannon I"},"content":{"rendered":"<p>N\u00ba 1 en la lista de ventas del New York Times  Si algo tiene claro la  joven Maggie Concannon es que no est\u00e1 dispuesta a depender de ning\u00fan  hombre: \u00abYo nunca me casar\u00e9. No ser\u00e9 la mujer de nadie\u00bb. Su car\u00e1cter  -independiente, obstinado y temperamental- es fruto de una convivencia  familiar marcada por la indiferencia y el desprecio de una madre  resentida, pero tambi\u00e9n un reflejo del paisaje de su tierra natal: la  rural y salvaje Irlanda.  No obstante, Maggie es capaz de dar forma al  arte m\u00e1s refinado a trav\u00e9s del vidrio, y, tras la muerte de su padre, el  taller se va a convertir en su \u00fanico refugio. El alma de Maggie -sus  deseos, sus inquietudes, sus anhelos&#8230;- cobra vida en cada una de sus  delicadas piezas, y sorprendentemente, Rogan Sweeney, due\u00f1o de una  galer\u00eda de arte de Dubl\u00edn, puede leer en ellas como en un libro abierto.  Pero \u00bfacaso tienen algo en com\u00fan la chica de campo y el guapo, culto y  elegante hombre de negocios?  Esta novela es la primera de una trilog\u00eda  que se ir\u00e1 publicando en SUMA a lo largo de 2007 y 2008. Se desarrolla  en Irlanda y cada libro est\u00e1 protagonizado por una de las hermanas  Concannon, tres mujeres muy distintas a las que une un pasado com\u00fan  hecho de misterios e intrigas que poco a poco se ir\u00e1n descubriendo.<\/p>\n","protected":false},"excerpt":{"rendered":"<p>N\u00ba 1 en la lista de ventas del New York Times Si algo tiene claro la joven Maggie Concannon es que no est\u00e1 dispuesta a depender de ning\u00fan hombre: \u00abYo nunca me casar\u00e9. No ser\u00e9 la mujer de nadie\u00bb. Su car\u00e1cter -independiente, obstinado y temperamental- es fruto de una convivencia familiar marcada por la indiferencia [&hellip;]<\/p>\n","protected":false},"featured_media":2888,"template":"","meta":[],"product_brand":[267],"product_cat":[29],"product_tag":[],"class_list":{"0":"post-2887","1":"product","2":"type-product","3":"status-publish","4":"has-post-thumbnail","6":"product_brand-nora-roberts","7":"product_cat-novela","9":"first","10":"instock","11":"purchasable","12":"product-type-simple"},"featured_image_urls_v2":{"full":["https:\/\/ajupe.com.uy\/web\/wp-content\/uploads\/2016\/04\/p-2887-Las_hermanas_Can_4e42e45d7bf3a.jpg",200,300,false],"thumbnail":["https:\/\/ajupe.com.uy\/web\/wp-content\/uploads\/2016\/04\/p-2887-Las_hermanas_Can_4e42e45d7bf3a.jpg",150,150,true],"medium":["https:\/\/ajupe.com.uy\/web\/wp-content\/uploads\/2016\/04\/p-2887-Las_hermanas_Can_4e42e45d7bf3a.jpg",300,214,true],"medium_large":["https:\/\/ajupe.com.uy\/web\/wp-content\/uploads\/2016\/04\/p-2887-Las_hermanas_Can_4e42e45d7bf3a.jpg",200,300,false],"large":["https:\/\/ajupe.com.uy\/web\/wp-content\/uploads\/2016\/04\/p-2887-Las_hermanas_Can_4e42e45d7bf3a.jpg",200,300,false],"1536x1536":["https:\/\/ajupe.com.uy\/web\/wp-content\/uploads\/2016\/04\/p-2887-Las_hermanas_Can_4e42e45d7bf3a.jpg",200,300,false],"2048x2048":["https:\/\/ajupe.com.uy\/web\/wp-content\/uploads\/2016\/04\/p-2887-Las_hermanas_Can_4e42e45d7bf3a.jpg",200,300,false],"woocommerce_archive_thumbnail":["https:\/\/ajupe.com.uy\/web\/wp-content\/uploads\/2016\/04\/p-2887-Las_hermanas_Can_4e42e45d7bf3a.jpg",200,300,false],"woocommerce_thumbnail":["https:\/\/ajupe.com.uy\/web\/wp-content\/uploads\/2016\/04\/p-2887-Las_hermanas_Can_4e42e45d7bf3a.jpg",200,300,false],"woocommerce_single":["https:\/\/ajupe.com.uy\/web\/wp-content\/uploads\/2016\/04\/p-2887-Las_hermanas_Can_4e42e45d7bf3a.jpg",200,300,false],"woocommerce_gallery_thumbnail":["https:\/\/ajupe.com.uy\/web\/wp-content\/uploads\/2016\/04\/p-2887-Las_hermanas_Can_4e42e45d7bf3a-100x100.jpg",100,100,true]},"post_excerpt_stackable_v2":"<p>N\u00ba 1 en la lista de ventas del New York Times Si algo tiene claro la joven Maggie Concannon es que no est\u00e1 dispuesta a depender de ning\u00fan hombre: \u00abYo nunca me casar\u00e9. No ser\u00e9 la mujer de nadie\u00bb. Su car\u00e1cter -independiente, obstinado y temperamental- es fruto de una convivencia familiar marcada por la indiferencia y el desprecio de una madre resentida, pero tambi\u00e9n un reflejo del paisaje de su tierra natal: la rural y salvaje Irlanda. No obstante, Maggie es capaz de dar forma al arte m\u00e1s refinado a trav\u00e9s del vidrio, y, tras la muerte de su padre,&hellip;<\/p>\n","category_list_v2":"","author_info_v2":{"name":"","url":""},"comments_num_v2":"0 comentarios","_links":{"self":[{"href":"https:\/\/ajupe.com.uy\/web\/wp-json\/wp\/v2\/product\/2887","targetHints":{"allow":["GET"]}}],"collection":[{"href":"https:\/\/ajupe.com.uy\/web\/wp-json\/wp\/v2\/product"}],"about":[{"href":"https:\/\/ajupe.com.uy\/web\/wp-json\/wp\/v2\/types\/product"}],"wp:featuredmedia":[{"embeddable":true,"href":"https:\/\/ajupe.com.uy\/web\/wp-json\/wp\/v2\/media\/2888"}],"wp:attachment":[{"href":"https:\/\/ajupe.com.uy\/web\/wp-json\/wp\/v2\/media?parent=2887"}],"wp:term":[{"taxonomy":"product_brand","embeddable":true,"href":"https:\/\/ajupe.com.uy\/web\/wp-json\/wp\/v2\/product_brand?post=2887"},{"taxonomy":"product_cat","embeddable":true,"href":"https:\/\/ajupe.com.uy\/web\/wp-json\/wp\/v2\/product_cat?post=2887"},{"taxonomy":"product_tag","embeddable":true,"href":"https:\/\/ajupe.com.uy\/web\/wp-json\/wp\/v2\/product_tag?post=2887"}],"curies":[{"name":"wp","href":"https:\/\/api.w.org\/{rel}","templated":true}]}}