{"id":2896,"date":"2011-08-10T20:32:36","date_gmt":"2011-08-10T23:32:36","guid":{"rendered":"http:\/\/ajupe.com.uy\/web\/?post_type=product&#038;p=2896"},"modified":"2011-09-16T17:21:06","modified_gmt":"2011-09-16T20:21:06","slug":"la-agonia-de-una-democracia","status":"publish","type":"product","link":"https:\/\/ajupe.com.uy\/web\/biblioteca\/la-agonia-de-una-democracia\/","title":{"rendered":"La agon\u00eda de una democracia"},"content":{"rendered":"<p><span>El 8 de febrero de 1973 irrumpe el Ej\u00e9rcito en el  escenario pol\u00edtico nacional. Desacata al presidente y emite dos  comunicados con su programa. Pese al apoyo de la Armada comandada por el  contralmirante Zorrilla, el presidente Bordaberry capitula en la base  de Boiso Lanza. Este proceso de decaimiento institucional culminar\u00e1 en  la madrugada del 27 de junio del mismo a\u00f1o, cuando el Ej\u00e9rcito cierre el  Parlamento y lo ocupe por la fuerza. Se clausura as\u00ed una d\u00e9cada de  enfrentamientos, iniciada en 1963, cuando se registr\u00f3 la primera acci\u00f3n  de una violencia pol\u00edtica dirigida a sustituir el r\u00e9gimen democr\u00e1tico  por un gobierno revolucionario, inspirado en Cuba. En el escenario  mundial de la guerra fr\u00eda, el pueblo uruguayo se deslizar\u00e1 hacia un  enfrentamiento al que nadie ser\u00e1 ajeno. La irrupci\u00f3n militar es el  \u00faltimo acto de esta tragedia, que abrir\u00e1 el amplio espacio hist\u00f3rico de  otra, una dictadura que ocupar\u00e1 otra d\u00e9cada; ella no se explica, sin  embargo, sin la aparici\u00f3n anterior de la guerrilla. En esa dial\u00e9ctica de  la fuerza se perder\u00e1 primero la tolerancia y luego la libertad.<\/span><\/p>\n","protected":false},"excerpt":{"rendered":"<p>El 8 de febrero de 1973 irrumpe el Ej\u00e9rcito en el escenario pol\u00edtico nacional. Desacata al presidente y emite dos comunicados con su programa. Pese al apoyo de la Armada comandada por el contralmirante Zorrilla, el presidente Bordaberry capitula en la base de Boiso Lanza. Este proceso de decaimiento institucional culminar\u00e1 en la madrugada del [&hellip;]<\/p>\n","protected":false},"featured_media":2897,"template":"","meta":[],"product_brand":[762],"product_cat":[47,45],"product_tag":[],"class_list":{"0":"post-2896","1":"product","2":"type-product","3":"status-publish","4":"has-post-thumbnail","6":"product_brand-julio-maria-sanguinetti","7":"product_cat-ensayo","8":"product_cat-uruguayo","10":"first","11":"instock","12":"purchasable","13":"product-type-simple"},"featured_image_urls_v2":{"full":["https:\/\/ajupe.com.uy\/web\/wp-content\/uploads\/2016\/04\/p-2896-La_agon__a_de_un_4e42eae4e20d1.jpg",300,300,false],"thumbnail":["https:\/\/ajupe.com.uy\/web\/wp-content\/uploads\/2016\/04\/p-2896-La_agon__a_de_un_4e42eae4e20d1.jpg",150,150,true],"medium":["https:\/\/ajupe.com.uy\/web\/wp-content\/uploads\/2016\/04\/p-2896-La_agon__a_de_un_4e42eae4e20d1.jpg",300,214,true],"medium_large":["https:\/\/ajupe.com.uy\/web\/wp-content\/uploads\/2016\/04\/p-2896-La_agon__a_de_un_4e42eae4e20d1.jpg",300,300,false],"large":["https:\/\/ajupe.com.uy\/web\/wp-content\/uploads\/2016\/04\/p-2896-La_agon__a_de_un_4e42eae4e20d1.jpg",300,300,false],"1536x1536":["https:\/\/ajupe.com.uy\/web\/wp-content\/uploads\/2016\/04\/p-2896-La_agon__a_de_un_4e42eae4e20d1.jpg",300,300,false],"2048x2048":["https:\/\/ajupe.com.uy\/web\/wp-content\/uploads\/2016\/04\/p-2896-La_agon__a_de_un_4e42eae4e20d1.jpg",300,300,false],"woocommerce_archive_thumbnail":["https:\/\/ajupe.com.uy\/web\/wp-content\/uploads\/2016\/04\/p-2896-La_agon__a_de_un_4e42eae4e20d1.jpg",300,300,false],"woocommerce_thumbnail":["https:\/\/ajupe.com.uy\/web\/wp-content\/uploads\/2016\/04\/p-2896-La_agon__a_de_un_4e42eae4e20d1.jpg",300,300,false],"woocommerce_single":["https:\/\/ajupe.com.uy\/web\/wp-content\/uploads\/2016\/04\/p-2896-La_agon__a_de_un_4e42eae4e20d1.jpg",300,300,false],"woocommerce_gallery_thumbnail":["https:\/\/ajupe.com.uy\/web\/wp-content\/uploads\/2016\/04\/p-2896-La_agon__a_de_un_4e42eae4e20d1-100x100.jpg",100,100,true]},"post_excerpt_stackable_v2":"<p>El 8 de febrero de 1973 irrumpe el Ej\u00e9rcito en el escenario pol\u00edtico nacional. Desacata al presidente y emite dos comunicados con su programa. Pese al apoyo de la Armada comandada por el contralmirante Zorrilla, el presidente Bordaberry capitula en la base de Boiso Lanza. Este proceso de decaimiento institucional culminar\u00e1 en la madrugada del 27 de junio del mismo a\u00f1o, cuando el Ej\u00e9rcito cierre el Parlamento y lo ocupe por la fuerza. Se clausura as\u00ed una d\u00e9cada de enfrentamientos, iniciada en 1963, cuando se registr\u00f3 la primera acci\u00f3n de una violencia pol\u00edtica dirigida a sustituir el r\u00e9gimen democr\u00e1tico por&hellip;<\/p>\n","category_list_v2":"","author_info_v2":{"name":"","url":""},"comments_num_v2":"0 comentarios","_links":{"self":[{"href":"https:\/\/ajupe.com.uy\/web\/wp-json\/wp\/v2\/product\/2896","targetHints":{"allow":["GET"]}}],"collection":[{"href":"https:\/\/ajupe.com.uy\/web\/wp-json\/wp\/v2\/product"}],"about":[{"href":"https:\/\/ajupe.com.uy\/web\/wp-json\/wp\/v2\/types\/product"}],"wp:featuredmedia":[{"embeddable":true,"href":"https:\/\/ajupe.com.uy\/web\/wp-json\/wp\/v2\/media\/2897"}],"wp:attachment":[{"href":"https:\/\/ajupe.com.uy\/web\/wp-json\/wp\/v2\/media?parent=2896"}],"wp:term":[{"taxonomy":"product_brand","embeddable":true,"href":"https:\/\/ajupe.com.uy\/web\/wp-json\/wp\/v2\/product_brand?post=2896"},{"taxonomy":"product_cat","embeddable":true,"href":"https:\/\/ajupe.com.uy\/web\/wp-json\/wp\/v2\/product_cat?post=2896"},{"taxonomy":"product_tag","embeddable":true,"href":"https:\/\/ajupe.com.uy\/web\/wp-json\/wp\/v2\/product_tag?post=2896"}],"curies":[{"name":"wp","href":"https:\/\/api.w.org\/{rel}","templated":true}]}}