{"id":2902,"date":"2011-08-19T21:11:55","date_gmt":"2011-08-20T00:11:55","guid":{"rendered":"http:\/\/ajupe.com.uy\/web\/?post_type=product&#038;p=2902"},"modified":"2011-08-19T21:20:47","modified_gmt":"2011-08-20T00:20:47","slug":"la-reina-del-sur","status":"publish","type":"product","link":"https:\/\/ajupe.com.uy\/web\/biblioteca\/la-reina-del-sur\/","title":{"rendered":"La Reina del Sur"},"content":{"rendered":"<p><span style=\"color: #000000;\">La historia comienza en Culiac\u00e1n, M\u00e9xico, donde Teresa recibe una  llamada en la cual se entera que el \u00abGuero\u00bb, famoso traficante, fue  asesinado. Tras eso, corre a la capilla del Santo Malverde, donde queda  en citarse con Don Epifanio Vargas, ella le entrega la agenda del  \u00abGuero\u00bb a cambio de su vida, y \u00e9ste la env\u00eda a <a href=\"http:\/\/es.wikipedia.org\/wiki\/Melilla\" title=\"Melilla\">Melilla<\/a> con un hombre -que lo ve en un caf\u00e9- que le da escoger entre el sur de Espa\u00f1a o Galicia, ella decide <a href=\"http:\/\/es.wikipedia.org\/wiki\/Melilla\" title=\"Melilla\">Melilla<\/a> (sur de Espa\u00f1a). All\u00e1 incia una vida en un bar, que es de Dris, se hace  camarera para luego cambiar a cajera cobradora, y conoce a Santiago  Fisterra L\u00f3pez, de quien se enamora y ayuda a traficar. Pero, tras un  choque escapando de la polic\u00eda, \u00e9l muere y Teresa es enviada a prisi\u00f3n.<\/span><\/p>\n<p><span style=\"color: #000000;\"> <\/span><\/p>\n<p><span style=\"color: #000000;\">En prisi\u00f3n, conoce a Pati, con quien inicia una relaci\u00f3n dentro del reclusorio del <a href=\"http:\/\/es.wikipedia.org\/wiki\/Puerto_de_Santa_Mar%C3%ADa\" title=\"Puerto de Santa Mar\u00eda\">puerto de Santa Mar\u00eda<\/a>. Cuando salen, inician un negocio de drogas que se convierte el m\u00e1s poderoso <span style=\"color: #000000;\">de <a href=\"http:\/\/es.wikipedia.org\/wiki\/Europa\" title=\"Europa\">Europa<\/a>, ju<\/span>nto con el ruso Oleg Yasikow. Luego, Teresa inicia una relaci\u00f3n con Teo Aljarafe, del que nunca se enamora.<\/span><\/p>\n<p><span style=\"color: #000000;\"> <\/span><\/p>\n<p><span style=\"color: #000000;\">Tras enterarse por Willy Rangel que el \u00abGuero\u00bb era un polic\u00eda de la <a href=\"http:\/\/es.wikipedia.org\/wiki\/Drug_Enforcement_Administration\" title=\"Drug Enforcement Administration\">DEA<\/a> y que lo mand\u00f3 a matar Epifanio Vargas, Teresa regresa a M\u00e9xico tras un <a href=\"http:\/\/es.wikipedia.org\/wiki\/Golpe_de_Estado\" title=\"Golpe de Estado\">Golpe de Estado<\/a>, escogiendo una nueva identidad y desapareciendo.<\/span><\/p>\n","protected":false},"excerpt":{"rendered":"<p>Para escribir esta novela Per\u00e9z-Reverte se document\u00f3, entre otras maneras, viviendo en primera persona la persecuci\u00f3n de las lanchas de contrabandistas en el estrecho, lo que \u00e9l llama \u00abnoches de caza\u00bb, por parte de los agentes del Servicio de Vigilancia A<\/p>\n","protected":false},"featured_media":2903,"template":"","meta":[],"product_brand":[262],"product_cat":[29],"product_tag":[],"class_list":{"0":"post-2902","1":"product","2":"type-product","3":"status-publish","4":"has-post-thumbnail","6":"product_brand-arturo-perez-reverte","7":"product_cat-novela","9":"first","10":"instock","11":"purchasable","12":"product-type-simple"},"featured_image_urls_v2":{"full":["https:\/\/ajupe.com.uy\/web\/wp-content\/uploads\/2016\/04\/p-2902-La_Reina_del_Sur_4e4ed19b56a6b.jpg",199,336,false],"thumbnail":["https:\/\/ajupe.com.uy\/web\/wp-content\/uploads\/2016\/04\/p-2902-La_Reina_del_Sur_4e4ed19b56a6b.jpg",150,150,true],"medium":["https:\/\/ajupe.com.uy\/web\/wp-content\/uploads\/2016\/04\/p-2902-La_Reina_del_Sur_4e4ed19b56a6b.jpg",300,214,true],"medium_large":["https:\/\/ajupe.com.uy\/web\/wp-content\/uploads\/2016\/04\/p-2902-La_Reina_del_Sur_4e4ed19b56a6b.jpg",199,336,false],"large":["https:\/\/ajupe.com.uy\/web\/wp-content\/uploads\/2016\/04\/p-2902-La_Reina_del_Sur_4e4ed19b56a6b.jpg",199,336,false],"1536x1536":["https:\/\/ajupe.com.uy\/web\/wp-content\/uploads\/2016\/04\/p-2902-La_Reina_del_Sur_4e4ed19b56a6b.jpg",199,336,false],"2048x2048":["https:\/\/ajupe.com.uy\/web\/wp-content\/uploads\/2016\/04\/p-2902-La_Reina_del_Sur_4e4ed19b56a6b.jpg",199,336,false],"woocommerce_archive_thumbnail":["https:\/\/ajupe.com.uy\/web\/wp-content\/uploads\/2016\/04\/p-2902-La_Reina_del_Sur_4e4ed19b56a6b.jpg",199,336,false],"woocommerce_thumbnail":["https:\/\/ajupe.com.uy\/web\/wp-content\/uploads\/2016\/04\/p-2902-La_Reina_del_Sur_4e4ed19b56a6b-199x300.jpg",199,300,true],"woocommerce_single":["https:\/\/ajupe.com.uy\/web\/wp-content\/uploads\/2016\/04\/p-2902-La_Reina_del_Sur_4e4ed19b56a6b.jpg",199,336,false],"woocommerce_gallery_thumbnail":["https:\/\/ajupe.com.uy\/web\/wp-content\/uploads\/2016\/04\/p-2902-La_Reina_del_Sur_4e4ed19b56a6b-100x100.jpg",100,100,true]},"post_excerpt_stackable_v2":"<p>Para escribir esta novela Per\u00e9z-Reverte se document\u00f3, entre otras maneras, viviendo en primera persona la persecuci\u00f3n de las lanchas de contrabandistas en el estrecho, lo que \u00e9l llama \u00abnoches de caza\u00bb, por parte de los agentes del Servicio de Vigilancia A<\/p>\n","category_list_v2":"","author_info_v2":{"name":"","url":""},"comments_num_v2":"0 comentarios","_links":{"self":[{"href":"https:\/\/ajupe.com.uy\/web\/wp-json\/wp\/v2\/product\/2902","targetHints":{"allow":["GET"]}}],"collection":[{"href":"https:\/\/ajupe.com.uy\/web\/wp-json\/wp\/v2\/product"}],"about":[{"href":"https:\/\/ajupe.com.uy\/web\/wp-json\/wp\/v2\/types\/product"}],"wp:featuredmedia":[{"embeddable":true,"href":"https:\/\/ajupe.com.uy\/web\/wp-json\/wp\/v2\/media\/2903"}],"wp:attachment":[{"href":"https:\/\/ajupe.com.uy\/web\/wp-json\/wp\/v2\/media?parent=2902"}],"wp:term":[{"taxonomy":"product_brand","embeddable":true,"href":"https:\/\/ajupe.com.uy\/web\/wp-json\/wp\/v2\/product_brand?post=2902"},{"taxonomy":"product_cat","embeddable":true,"href":"https:\/\/ajupe.com.uy\/web\/wp-json\/wp\/v2\/product_cat?post=2902"},{"taxonomy":"product_tag","embeddable":true,"href":"https:\/\/ajupe.com.uy\/web\/wp-json\/wp\/v2\/product_tag?post=2902"}],"curies":[{"name":"wp","href":"https:\/\/api.w.org\/{rel}","templated":true}]}}