{"id":2905,"date":"2011-08-19T21:23:54","date_gmt":"2011-08-20T00:23:54","guid":{"rendered":"http:\/\/ajupe.com.uy\/web\/?post_type=product&#038;p=2905"},"modified":"2011-08-19T21:27:47","modified_gmt":"2011-08-20T00:27:47","slug":"la-ira-del-fuego","status":"publish","type":"product","link":"https:\/\/ajupe.com.uy\/web\/biblioteca\/la-ira-del-fuego\/","title":{"rendered":"La ira del fuego"},"content":{"rendered":"<p>La ira del fuego est\u00e1 basada en la verdadera historia de Sofia, una ni\u00f1a  tenaz que se hace mayor en Mozambique, un pa\u00eds devastado por la guerra,  la corrupci\u00f3n, la pobreza y la enfermedad. Con un lenguaje exento de  conmiseraci\u00f3n, <strong>Henning Mankell<\/strong> explica c\u00f3mo Sofia lucha  contra la brutalidad y el horror que destrozaron su infancia, hasta  lograr construirse un nuevo futuro a partir de las ruinas de su vida. De  no haber sido por la fuerza que extrae del fuego, por los secretos que  observa en sus llamas, Sofia no habr\u00eda encontrado el coraje necesario  para vivir. <\/p>\n<p><\/p>\n","protected":false},"excerpt":{"rendered":"<p>Este volumen se compone de los tres libros: El secreto del fuego, Jugar con fuego y La ira del fuego, que Henning Mankell ha dedicado a Sofia durante doce a\u00f1os, desde que la conoci\u00f3 siendo una ni\u00f1a. En ellos Mankell transforma en fuerza creadora su ira ha<\/p>\n","protected":false},"featured_media":2906,"template":"","meta":[],"product_brand":[996],"product_cat":[30],"product_tag":[],"class_list":{"0":"post-2905","1":"product","2":"type-product","3":"status-publish","4":"has-post-thumbnail","6":"product_brand-henning-mankell","7":"product_cat-suspenso","9":"first","10":"instock","11":"purchasable","12":"product-type-simple"},"featured_image_urls_v2":{"full":["https:\/\/ajupe.com.uy\/web\/wp-content\/uploads\/2016\/04\/p-2905-La_ira_del_fuego_4e4ed46a1e142.jpg",244,366,false],"thumbnail":["https:\/\/ajupe.com.uy\/web\/wp-content\/uploads\/2016\/04\/p-2905-La_ira_del_fuego_4e4ed46a1e142.jpg",150,150,true],"medium":["https:\/\/ajupe.com.uy\/web\/wp-content\/uploads\/2016\/04\/p-2905-La_ira_del_fuego_4e4ed46a1e142.jpg",300,214,true],"medium_large":["https:\/\/ajupe.com.uy\/web\/wp-content\/uploads\/2016\/04\/p-2905-La_ira_del_fuego_4e4ed46a1e142.jpg",244,366,false],"large":["https:\/\/ajupe.com.uy\/web\/wp-content\/uploads\/2016\/04\/p-2905-La_ira_del_fuego_4e4ed46a1e142.jpg",244,366,false],"1536x1536":["https:\/\/ajupe.com.uy\/web\/wp-content\/uploads\/2016\/04\/p-2905-La_ira_del_fuego_4e4ed46a1e142.jpg",244,366,false],"2048x2048":["https:\/\/ajupe.com.uy\/web\/wp-content\/uploads\/2016\/04\/p-2905-La_ira_del_fuego_4e4ed46a1e142.jpg",244,366,false],"woocommerce_archive_thumbnail":["https:\/\/ajupe.com.uy\/web\/wp-content\/uploads\/2016\/04\/p-2905-La_ira_del_fuego_4e4ed46a1e142-244x300.jpg",244,300,true],"woocommerce_thumbnail":["https:\/\/ajupe.com.uy\/web\/wp-content\/uploads\/2016\/04\/p-2905-La_ira_del_fuego_4e4ed46a1e142-244x300.jpg",244,300,true],"woocommerce_single":["https:\/\/ajupe.com.uy\/web\/wp-content\/uploads\/2016\/04\/p-2905-La_ira_del_fuego_4e4ed46a1e142.jpg",244,366,false],"woocommerce_gallery_thumbnail":["https:\/\/ajupe.com.uy\/web\/wp-content\/uploads\/2016\/04\/p-2905-La_ira_del_fuego_4e4ed46a1e142-100x100.jpg",100,100,true]},"post_excerpt_stackable_v2":"<p>Este volumen se compone de los tres libros: El secreto del fuego, Jugar con fuego y La ira del fuego, que Henning Mankell ha dedicado a Sofia durante doce a\u00f1os, desde que la conoci\u00f3 siendo una ni\u00f1a. En ellos Mankell transforma en fuerza creadora su ira ha<\/p>\n","category_list_v2":"","author_info_v2":{"name":"","url":""},"comments_num_v2":"0 comentarios","_links":{"self":[{"href":"https:\/\/ajupe.com.uy\/web\/wp-json\/wp\/v2\/product\/2905","targetHints":{"allow":["GET"]}}],"collection":[{"href":"https:\/\/ajupe.com.uy\/web\/wp-json\/wp\/v2\/product"}],"about":[{"href":"https:\/\/ajupe.com.uy\/web\/wp-json\/wp\/v2\/types\/product"}],"wp:featuredmedia":[{"embeddable":true,"href":"https:\/\/ajupe.com.uy\/web\/wp-json\/wp\/v2\/media\/2906"}],"wp:attachment":[{"href":"https:\/\/ajupe.com.uy\/web\/wp-json\/wp\/v2\/media?parent=2905"}],"wp:term":[{"taxonomy":"product_brand","embeddable":true,"href":"https:\/\/ajupe.com.uy\/web\/wp-json\/wp\/v2\/product_brand?post=2905"},{"taxonomy":"product_cat","embeddable":true,"href":"https:\/\/ajupe.com.uy\/web\/wp-json\/wp\/v2\/product_cat?post=2905"},{"taxonomy":"product_tag","embeddable":true,"href":"https:\/\/ajupe.com.uy\/web\/wp-json\/wp\/v2\/product_tag?post=2905"}],"curies":[{"name":"wp","href":"https:\/\/api.w.org\/{rel}","templated":true}]}}