{"id":2908,"date":"2011-08-19T21:32:20","date_gmt":"2011-08-20T00:32:20","guid":{"rendered":"http:\/\/ajupe.com.uy\/web\/?post_type=product&#038;p=2908"},"modified":"2011-08-19T21:32:20","modified_gmt":"2011-08-20T00:32:20","slug":"la-vejez","status":"publish","type":"product","link":"https:\/\/ajupe.com.uy\/web\/biblioteca\/la-vejez\/","title":{"rendered":"La Vejez"},"content":{"rendered":"<p>Con su lucidez y su valent\u00eda proverbiales, Simone de Beauvoir encara uno  de los problemas cada vez m\u00e1s acuciantes en la sociedad contempor\u00e1nea:  la vejez. \u00bfLos viejos son seres humanos? El mundo actual parece negarlo,  rehus\u00e1ndose a admitir que tienen las mismas necesidades, los mismos  derechos que los dem\u00e1s. La vejez: v\u00edctima de una cruel marginaci\u00f3n,  amenazada por la soledad y la miseria. Muchas veces se pretende ignorar  esta situaci\u00f3n. Y no es infrecuente asociar la vejez a la enfermedad, a  algo que ni siquiera puede nombrarse. Este libro intenta descubrir la  verdadera condici\u00f3n de los viejos, trata de o\u00edr una voz que debe  reconocerse como humana. La desdicha de los ancianos es un signo de  fracaso de la civilizaci\u00f3n contempor\u00e1nea.<\/p>\n","protected":false},"excerpt":{"rendered":"<p>Un libro \u00fanico de Simone de Beauvoir, en el que reclama un lugar digno y merecido para nuestros ancianos.<\/p>\n","protected":false},"featured_media":2909,"template":"","meta":[],"product_brand":[1069],"product_cat":[47,35],"product_tag":[],"class_list":{"0":"post-2908","1":"product","2":"type-product","3":"status-publish","4":"has-post-thumbnail","6":"product_brand-simone-de-beauvoir","7":"product_cat-ensayo","8":"product_cat-filosofico","10":"first","11":"instock","12":"purchasable","13":"product-type-simple"},"featured_image_urls_v2":{"full":["https:\/\/ajupe.com.uy\/web\/wp-content\/uploads\/2016\/04\/p-2908-La_Vejez_4e4ed66488f53.jpg",221,336,false],"thumbnail":["https:\/\/ajupe.com.uy\/web\/wp-content\/uploads\/2016\/04\/p-2908-La_Vejez_4e4ed66488f53.jpg",150,150,true],"medium":["https:\/\/ajupe.com.uy\/web\/wp-content\/uploads\/2016\/04\/p-2908-La_Vejez_4e4ed66488f53.jpg",300,214,true],"medium_large":["https:\/\/ajupe.com.uy\/web\/wp-content\/uploads\/2016\/04\/p-2908-La_Vejez_4e4ed66488f53.jpg",221,336,false],"large":["https:\/\/ajupe.com.uy\/web\/wp-content\/uploads\/2016\/04\/p-2908-La_Vejez_4e4ed66488f53.jpg",221,336,false],"1536x1536":["https:\/\/ajupe.com.uy\/web\/wp-content\/uploads\/2016\/04\/p-2908-La_Vejez_4e4ed66488f53.jpg",221,336,false],"2048x2048":["https:\/\/ajupe.com.uy\/web\/wp-content\/uploads\/2016\/04\/p-2908-La_Vejez_4e4ed66488f53.jpg",221,336,false],"woocommerce_archive_thumbnail":["https:\/\/ajupe.com.uy\/web\/wp-content\/uploads\/2016\/04\/p-2908-La_Vejez_4e4ed66488f53-221x300.jpg",221,300,true],"woocommerce_thumbnail":["https:\/\/ajupe.com.uy\/web\/wp-content\/uploads\/2016\/04\/p-2908-La_Vejez_4e4ed66488f53-221x300.jpg",221,300,true],"woocommerce_single":["https:\/\/ajupe.com.uy\/web\/wp-content\/uploads\/2016\/04\/p-2908-La_Vejez_4e4ed66488f53.jpg",221,336,false],"woocommerce_gallery_thumbnail":["https:\/\/ajupe.com.uy\/web\/wp-content\/uploads\/2016\/04\/p-2908-La_Vejez_4e4ed66488f53-100x100.jpg",100,100,true]},"post_excerpt_stackable_v2":"<p>Un libro \u00fanico de Simone de Beauvoir, en el que reclama un lugar digno y merecido para nuestros ancianos.<\/p>\n","category_list_v2":"","author_info_v2":{"name":"","url":""},"comments_num_v2":"0 comentarios","_links":{"self":[{"href":"https:\/\/ajupe.com.uy\/web\/wp-json\/wp\/v2\/product\/2908","targetHints":{"allow":["GET"]}}],"collection":[{"href":"https:\/\/ajupe.com.uy\/web\/wp-json\/wp\/v2\/product"}],"about":[{"href":"https:\/\/ajupe.com.uy\/web\/wp-json\/wp\/v2\/types\/product"}],"wp:featuredmedia":[{"embeddable":true,"href":"https:\/\/ajupe.com.uy\/web\/wp-json\/wp\/v2\/media\/2909"}],"wp:attachment":[{"href":"https:\/\/ajupe.com.uy\/web\/wp-json\/wp\/v2\/media?parent=2908"}],"wp:term":[{"taxonomy":"product_brand","embeddable":true,"href":"https:\/\/ajupe.com.uy\/web\/wp-json\/wp\/v2\/product_brand?post=2908"},{"taxonomy":"product_cat","embeddable":true,"href":"https:\/\/ajupe.com.uy\/web\/wp-json\/wp\/v2\/product_cat?post=2908"},{"taxonomy":"product_tag","embeddable":true,"href":"https:\/\/ajupe.com.uy\/web\/wp-json\/wp\/v2\/product_tag?post=2908"}],"curies":[{"name":"wp","href":"https:\/\/api.w.org\/{rel}","templated":true}]}}