{"id":2917,"date":"2011-08-22T18:10:20","date_gmt":"2011-08-22T21:10:20","guid":{"rendered":"http:\/\/ajupe.com.uy\/web\/?post_type=product&#038;p=2917"},"modified":"2011-08-22T18:10:32","modified_gmt":"2011-08-22T21:10:32","slug":"la-embajada-indoblegable","status":"publish","type":"product","link":"https:\/\/ajupe.com.uy\/web\/biblioteca\/la-embajada-indoblegable\/","title":{"rendered":"La embajada indoblegable"},"content":{"rendered":"<p>El libro aparecen en toda su                       magnitud dos figuras contrapuestas: por un lado, Juan                       Carlos Blanco, ministro de Relaciones Exteriores durante                       los primeros a\u00f1os de la dictadura uruguaya, a quien Conde                       tild\u00f3 de \u201cel canciller de la verg\u00fcenza\u201d; y por otro a                       Vicente Mu\u00f1iz Arroyo, representante de M\u00e9xico en Uruguay                       por aquellos a\u00f1os, \u201cel embajador de la dignidad y de la                       honra\u201d.<\/p>\n<p align=\"justify\">Mu\u00f1iz salv\u00f3 vidas, Blanco contribuy\u00f3 a                       segar otras, dijo.<\/p>\n<p align=\"justify\">El ex canciller uruguayo fue condenado                       el a\u00f1o pasado a veinte a\u00f1os de prisi\u00f3n por el \u201chomicidio                       muy especialmente agravado\u201d de la maestra Elena Quinteros,                       ocurrido en 1976.<\/p>\n<p align=\"justify\">Quinteros fue secuestrada por militares                       uruguayos cuando intentaba asilarse en la embajada                       venezolana en Montevideo. El episodio llev\u00f3 a que Caracas                       rompiera relaciones con Uruguay.<\/p>\n<p align=\"justify\">Blanco fue uno de los jerarcas de la                       dictadura que decidi\u00f3 no reconocer la detenci\u00f3n de la                       maestra y hacerla \u201cdesaparecer\u201d. El cuerpo de Quinteros                       nunca fue encontrado.<\/p>\n<p align=\"justify\">Por la misma \u00e9poca, Mu\u00f1iz Arroyo                       prestaba asistencia a todo aquel perseguido que se la                       reclamara. Fue as\u00ed aloj\u00f3, no s\u00f3lo en la sede de la                       representaci\u00f3n diplom\u00e1tica mexicana sino tambi\u00e9n en su                       residencia a unas 200 personas -incluidos cerca de 60                       ni\u00f1os- a las cuales se les prestaron servicios educativos,                       de salud, de seguridad y traslados.<\/p>\n<p align=\"justify\">Gerardo Caetano, ex director del                       Instituto de Ciencia Pol\u00edtica, se\u00f1al\u00f3 que \u201cLa embajada                       indoblegable\u201d muestra c\u00f3mo una representaci\u00f3n diplom\u00e1tica                       puede convertirse \u201cen refugio para miles de personas\u201d                       acosadas por reg\u00edmenes que practican el terrorismo de                       Estado y lo que un hombre (Mu\u00f1iz Arroyo en este caso)                       \u201cpuede hacer en medio del horror de una dictadura\u201d.<\/p>\n","protected":false},"excerpt":{"rendered":"<p>Durante la dictadura uruguaya, la embajada de M\u00e9xico en Montevideo asil\u00f3 a unos 400 perseguidos pol\u00edticos, para muchos de los cuales se convirti\u00f3 en un verdadero centro asistencial. Un libro, \u201cLa embajada indoblegable\u201d, de Silvia Dutr\u00e9nit Bielous, uruguay<\/p>\n","protected":false},"featured_media":2918,"template":"","meta":[],"product_brand":[1071],"product_cat":[45],"product_tag":[],"class_list":{"0":"post-2917","1":"product","2":"type-product","3":"status-publish","4":"has-post-thumbnail","6":"product_brand-silvia-dutrenit-bielous","7":"product_cat-uruguayo","9":"first","10":"instock","11":"purchasable","12":"product-type-simple"},"featured_image_urls_v2":{"full":["https:\/\/ajupe.com.uy\/web\/wp-content\/uploads\/2016\/04\/p-2917-La_embajada_indo_4e529b8c72239.jpg",269,277,false],"thumbnail":["https:\/\/ajupe.com.uy\/web\/wp-content\/uploads\/2016\/04\/p-2917-La_embajada_indo_4e529b8c72239.jpg",150,150,true],"medium":["https:\/\/ajupe.com.uy\/web\/wp-content\/uploads\/2016\/04\/p-2917-La_embajada_indo_4e529b8c72239.jpg",300,214,true],"medium_large":["https:\/\/ajupe.com.uy\/web\/wp-content\/uploads\/2016\/04\/p-2917-La_embajada_indo_4e529b8c72239.jpg",269,277,false],"large":["https:\/\/ajupe.com.uy\/web\/wp-content\/uploads\/2016\/04\/p-2917-La_embajada_indo_4e529b8c72239.jpg",269,277,false],"1536x1536":["https:\/\/ajupe.com.uy\/web\/wp-content\/uploads\/2016\/04\/p-2917-La_embajada_indo_4e529b8c72239.jpg",269,277,false],"2048x2048":["https:\/\/ajupe.com.uy\/web\/wp-content\/uploads\/2016\/04\/p-2917-La_embajada_indo_4e529b8c72239.jpg",269,277,false],"woocommerce_archive_thumbnail":["https:\/\/ajupe.com.uy\/web\/wp-content\/uploads\/2016\/04\/p-2917-La_embajada_indo_4e529b8c72239.jpg",269,277,false],"woocommerce_thumbnail":["https:\/\/ajupe.com.uy\/web\/wp-content\/uploads\/2016\/04\/p-2917-La_embajada_indo_4e529b8c72239.jpg",269,277,false],"woocommerce_single":["https:\/\/ajupe.com.uy\/web\/wp-content\/uploads\/2016\/04\/p-2917-La_embajada_indo_4e529b8c72239.jpg",269,277,false],"woocommerce_gallery_thumbnail":["https:\/\/ajupe.com.uy\/web\/wp-content\/uploads\/2016\/04\/p-2917-La_embajada_indo_4e529b8c72239-100x100.jpg",100,100,true]},"post_excerpt_stackable_v2":"<p>Durante la dictadura uruguaya, la embajada de M\u00e9xico en Montevideo asil\u00f3 a unos 400 perseguidos pol\u00edticos, para muchos de los cuales se convirti\u00f3 en un verdadero centro asistencial. Un libro, \u201cLa embajada indoblegable\u201d, de Silvia Dutr\u00e9nit Bielous, uruguay<\/p>\n","category_list_v2":"","author_info_v2":{"name":"","url":""},"comments_num_v2":"0 comentarios","_links":{"self":[{"href":"https:\/\/ajupe.com.uy\/web\/wp-json\/wp\/v2\/product\/2917","targetHints":{"allow":["GET"]}}],"collection":[{"href":"https:\/\/ajupe.com.uy\/web\/wp-json\/wp\/v2\/product"}],"about":[{"href":"https:\/\/ajupe.com.uy\/web\/wp-json\/wp\/v2\/types\/product"}],"wp:featuredmedia":[{"embeddable":true,"href":"https:\/\/ajupe.com.uy\/web\/wp-json\/wp\/v2\/media\/2918"}],"wp:attachment":[{"href":"https:\/\/ajupe.com.uy\/web\/wp-json\/wp\/v2\/media?parent=2917"}],"wp:term":[{"taxonomy":"product_brand","embeddable":true,"href":"https:\/\/ajupe.com.uy\/web\/wp-json\/wp\/v2\/product_brand?post=2917"},{"taxonomy":"product_cat","embeddable":true,"href":"https:\/\/ajupe.com.uy\/web\/wp-json\/wp\/v2\/product_cat?post=2917"},{"taxonomy":"product_tag","embeddable":true,"href":"https:\/\/ajupe.com.uy\/web\/wp-json\/wp\/v2\/product_tag?post=2917"}],"curies":[{"name":"wp","href":"https:\/\/api.w.org\/{rel}","templated":true}]}}