{"id":2920,"date":"2011-08-22T18:15:33","date_gmt":"2011-08-22T21:15:33","guid":{"rendered":"http:\/\/ajupe.com.uy\/web\/?post_type=product&#038;p=2920"},"modified":"2011-08-22T18:35:58","modified_gmt":"2011-08-22T21:35:58","slug":"tres-destinos","status":"publish","type":"product","link":"https:\/\/ajupe.com.uy\/web\/biblioteca\/tres-destinos\/","title":{"rendered":"Tres Destinos"},"content":{"rendered":"<p>Tres estatuillas de gran valor unir\u00e1n los destinos  de seis j\u00f3venes,  enlazando su pasado, su presente&#8230; y su futuro. Todo comienza  en 1915,  a bordo del Lusitania, cuando el anticuario norteamericano Henry Wyley   se dirige a Londres para obtener uno de los dos restantes Destinos,  unas  valiosas tallas que representan a las parcas, en posesi\u00f3n de otro  anticuario  brit\u00e1nico. Pero durante el viaje suceden dos accidentes  imprevistos: un ladr\u00f3n  de poca monta roba la estatuilla de Wyley, y  poco despu\u00e9s el barco es  torpedeado. Ochenta y siete a\u00f1os m\u00e1s tarde,  tres hermanos deciden recuperar su  herencia m\u00e1s querida, una estatuilla  que acaban de perder gracias a las malas  artes de una mujer sin  escr\u00fapulos, y reunir la colecci\u00f3n completa. Tal prop\u00f3sito  los conducir\u00e1  desde su Irlanda natal hasta Helsinki, Praga y Nueva York, en una   trepidante aventura salpicada de suspense y  romanticismo.<\/p>\n","protected":false},"excerpt":{"rendered":"<p>Malachi Sullivan y sus hermanos, Gideon y Rebecca, siempre hab\u00edan cre\u00eddo que aquella estatuilla de plata no era m\u00e1s que una herencia familiar hasta que les fue robada. Entonces descubrieron la historia de la obra Tres destinos, un grupo de tres peque\u00f1as e<\/p>\n","protected":false},"featured_media":2921,"template":"","meta":[],"product_brand":[267],"product_cat":[29],"product_tag":[],"class_list":{"0":"post-2920","1":"product","2":"type-product","3":"status-publish","4":"has-post-thumbnail","6":"product_brand-nora-roberts","7":"product_cat-novela","9":"first","10":"instock","11":"purchasable","12":"product-type-simple"},"featured_image_urls_v2":{"full":["https:\/\/ajupe.com.uy\/web\/wp-content\/uploads\/2016\/04\/p-2920-Tres_Destinos_4e529cc55741c.jpg",195,297,false],"thumbnail":["https:\/\/ajupe.com.uy\/web\/wp-content\/uploads\/2016\/04\/p-2920-Tres_Destinos_4e529cc55741c.jpg",150,150,true],"medium":["https:\/\/ajupe.com.uy\/web\/wp-content\/uploads\/2016\/04\/p-2920-Tres_Destinos_4e529cc55741c.jpg",300,214,true],"medium_large":["https:\/\/ajupe.com.uy\/web\/wp-content\/uploads\/2016\/04\/p-2920-Tres_Destinos_4e529cc55741c.jpg",195,297,false],"large":["https:\/\/ajupe.com.uy\/web\/wp-content\/uploads\/2016\/04\/p-2920-Tres_Destinos_4e529cc55741c.jpg",195,297,false],"1536x1536":["https:\/\/ajupe.com.uy\/web\/wp-content\/uploads\/2016\/04\/p-2920-Tres_Destinos_4e529cc55741c.jpg",195,297,false],"2048x2048":["https:\/\/ajupe.com.uy\/web\/wp-content\/uploads\/2016\/04\/p-2920-Tres_Destinos_4e529cc55741c.jpg",195,297,false],"woocommerce_archive_thumbnail":["https:\/\/ajupe.com.uy\/web\/wp-content\/uploads\/2016\/04\/p-2920-Tres_Destinos_4e529cc55741c.jpg",195,297,false],"woocommerce_thumbnail":["https:\/\/ajupe.com.uy\/web\/wp-content\/uploads\/2016\/04\/p-2920-Tres_Destinos_4e529cc55741c.jpg",195,297,false],"woocommerce_single":["https:\/\/ajupe.com.uy\/web\/wp-content\/uploads\/2016\/04\/p-2920-Tres_Destinos_4e529cc55741c.jpg",195,297,false],"woocommerce_gallery_thumbnail":["https:\/\/ajupe.com.uy\/web\/wp-content\/uploads\/2016\/04\/p-2920-Tres_Destinos_4e529cc55741c-100x100.jpg",100,100,true]},"post_excerpt_stackable_v2":"<p>Malachi Sullivan y sus hermanos, Gideon y Rebecca, siempre hab\u00edan cre\u00eddo que aquella estatuilla de plata no era m\u00e1s que una herencia familiar hasta que les fue robada. Entonces descubrieron la historia de la obra Tres destinos, un grupo de tres peque\u00f1as e<\/p>\n","category_list_v2":"","author_info_v2":{"name":"","url":""},"comments_num_v2":"0 comentarios","_links":{"self":[{"href":"https:\/\/ajupe.com.uy\/web\/wp-json\/wp\/v2\/product\/2920","targetHints":{"allow":["GET"]}}],"collection":[{"href":"https:\/\/ajupe.com.uy\/web\/wp-json\/wp\/v2\/product"}],"about":[{"href":"https:\/\/ajupe.com.uy\/web\/wp-json\/wp\/v2\/types\/product"}],"wp:featuredmedia":[{"embeddable":true,"href":"https:\/\/ajupe.com.uy\/web\/wp-json\/wp\/v2\/media\/2921"}],"wp:attachment":[{"href":"https:\/\/ajupe.com.uy\/web\/wp-json\/wp\/v2\/media?parent=2920"}],"wp:term":[{"taxonomy":"product_brand","embeddable":true,"href":"https:\/\/ajupe.com.uy\/web\/wp-json\/wp\/v2\/product_brand?post=2920"},{"taxonomy":"product_cat","embeddable":true,"href":"https:\/\/ajupe.com.uy\/web\/wp-json\/wp\/v2\/product_cat?post=2920"},{"taxonomy":"product_tag","embeddable":true,"href":"https:\/\/ajupe.com.uy\/web\/wp-json\/wp\/v2\/product_tag?post=2920"}],"curies":[{"name":"wp","href":"https:\/\/api.w.org\/{rel}","templated":true}]}}