{"id":2926,"date":"2011-08-22T19:21:41","date_gmt":"2011-08-22T22:21:41","guid":{"rendered":"http:\/\/ajupe.com.uy\/web\/?post_type=product&#038;p=2926"},"modified":"2011-08-22T19:21:54","modified_gmt":"2011-08-22T22:21:54","slug":"colinas-negras","status":"publish","type":"product","link":"https:\/\/ajupe.com.uy\/web\/biblioteca\/colinas-negras\/","title":{"rendered":"Colinas Negras"},"content":{"rendered":"<p><em><strong>La aclamada autora Nora Roberts nos lleva a las rocosas  Black Hills en Dakota del Sur, donde se esconden sombr\u00edos secretos, los  cazadores acechan a sus v\u00edctimas y una bonita amistad de la infancia  puede transformarse en una adulta pasi\u00f3n.<\/strong><\/em><\/p>\n<p>Pasar un verano en el rancho de sus abuelos en Dakota del Sur no es  lo que a Cooper Sullivan, de once a\u00f1os, le parec\u00eda el mejor plan. Pero  las cosas cambiaron y se tornaron m\u00e1s llevaderas cuando conoci\u00f3 a su  vecina, Lil Chance, y su jaula de bateo casera, e incluso un paseo a  cabello no le pareci\u00f3 tan desagradable como Coop pensaba. Y as\u00ed, cada  a\u00f1o que pasaba, con cada visita veraniega de Coop, la amistad entre  ambos se fue transformando, y de los inocentes juegos pasaron a los  besos robados&#8230; hasta el momento en que tuvieron que compartir una  terrible experiencia que los persigui\u00f3 para siempre: el descubrimiento  del cad\u00e1ver de un excursionista.<\/p>\n<p>Ahora, han pasado doce a\u00f1os. A\u00f1os en los que Lil ha luchado por  cumplir sus sue\u00f1os de convertirse en bi\u00f3loga y proteger su tierra,  mientras que Coop ha lidiado con las demandas de su padre de ir a la  Facultad de Derecho y unirse al despacho familiar.\u00a0 Y el destino ha  vuelto a unirlos y traerlos a las Black Hills donde la gente y cosas que  les son m\u00e1s cercanos, m\u00e1s los necesitan en estos momentos.<\/p>\n<p>Como detective de Nueva York, Coop ha dejado recientemente su  estresante vida para cuidar de sus ancianos abuelos y el rancho al que  lleg\u00f3 a llamar hogar. Por su parte, Lil, con el recuerdo de las caricias  de su antiguo amigo a\u00fan en mente, no ha cejado en su empe\u00f1o de abrir un  refugio de fauna salvaje, pero alguien&#8230; o algo&#8230; ha estado  observ\u00e1ndola muy de cerca. Y cuando peque\u00f1os travesuras pasan a actos  vand\u00e1licos y terminan con la muerte del amado puma de Lil, los recuerdos  de un asesinato sin resolver hacen que Coop empiece a tomar cartas en  el asunto para mantener a salvo a Lil.<\/p>\n<p>Tanto Lil como Coop conocen perfectamente los peligros que encierran  las monta\u00f1as de Black Hills, pero ahora deber\u00e1n trabajar codo con codo  para desenmascarar a un asesino con retorcidos instintos que los ha  marcado como su siguiente presa.<\/p>\n","protected":false},"excerpt":{"rendered":"<p>Una trepidante e intensa historia de amor y misterio en las salvajes Colinas Negras de Dakota del Sur.<br \/>\nCooper y Lil se conocen siendo ni\u00f1os en el rancho de los abuelos del chico. El ind\u00f3mito y m\u00e1gico escenario de las Colinas Negras, con sus secretos, sus<\/p>\n","protected":false},"featured_media":2927,"template":"","meta":[],"product_brand":[267],"product_cat":[29],"product_tag":[],"class_list":{"0":"post-2926","1":"product","2":"type-product","3":"status-publish","4":"has-post-thumbnail","6":"product_brand-nora-roberts","7":"product_cat-novela","9":"first","10":"instock","11":"purchasable","12":"product-type-simple"},"featured_image_urls_v2":{"full":["https:\/\/ajupe.com.uy\/web\/wp-content\/uploads\/2016\/04\/p-2926-Colinas_Negras_4e52ac45ae299.jpg",294,433,false],"thumbnail":["https:\/\/ajupe.com.uy\/web\/wp-content\/uploads\/2016\/04\/p-2926-Colinas_Negras_4e52ac45ae299.jpg",150,150,true],"medium":["https:\/\/ajupe.com.uy\/web\/wp-content\/uploads\/2016\/04\/p-2926-Colinas_Negras_4e52ac45ae299.jpg",300,214,true],"medium_large":["https:\/\/ajupe.com.uy\/web\/wp-content\/uploads\/2016\/04\/p-2926-Colinas_Negras_4e52ac45ae299.jpg",294,433,false],"large":["https:\/\/ajupe.com.uy\/web\/wp-content\/uploads\/2016\/04\/p-2926-Colinas_Negras_4e52ac45ae299.jpg",294,433,false],"1536x1536":["https:\/\/ajupe.com.uy\/web\/wp-content\/uploads\/2016\/04\/p-2926-Colinas_Negras_4e52ac45ae299.jpg",294,433,false],"2048x2048":["https:\/\/ajupe.com.uy\/web\/wp-content\/uploads\/2016\/04\/p-2926-Colinas_Negras_4e52ac45ae299.jpg",294,433,false],"woocommerce_archive_thumbnail":["https:\/\/ajupe.com.uy\/web\/wp-content\/uploads\/2016\/04\/p-2926-Colinas_Negras_4e52ac45ae299-294x400.jpg",294,400,true],"woocommerce_thumbnail":["https:\/\/ajupe.com.uy\/web\/wp-content\/uploads\/2016\/04\/p-2926-Colinas_Negras_4e52ac45ae299-294x300.jpg",294,300,true],"woocommerce_single":["https:\/\/ajupe.com.uy\/web\/wp-content\/uploads\/2016\/04\/p-2926-Colinas_Negras_4e52ac45ae299.jpg",294,433,false],"woocommerce_gallery_thumbnail":["https:\/\/ajupe.com.uy\/web\/wp-content\/uploads\/2016\/04\/p-2926-Colinas_Negras_4e52ac45ae299-100x100.jpg",100,100,true]},"post_excerpt_stackable_v2":"<p>Una trepidante e intensa historia de amor y misterio en las salvajes Colinas Negras de Dakota del Sur.<br \/>\nCooper y Lil se conocen siendo ni\u00f1os en el rancho de los abuelos del chico. El ind\u00f3mito y m\u00e1gico escenario de las Colinas Negras, con sus secretos, sus<\/p>\n","category_list_v2":"","author_info_v2":{"name":"","url":""},"comments_num_v2":"0 comentarios","_links":{"self":[{"href":"https:\/\/ajupe.com.uy\/web\/wp-json\/wp\/v2\/product\/2926","targetHints":{"allow":["GET"]}}],"collection":[{"href":"https:\/\/ajupe.com.uy\/web\/wp-json\/wp\/v2\/product"}],"about":[{"href":"https:\/\/ajupe.com.uy\/web\/wp-json\/wp\/v2\/types\/product"}],"wp:featuredmedia":[{"embeddable":true,"href":"https:\/\/ajupe.com.uy\/web\/wp-json\/wp\/v2\/media\/2927"}],"wp:attachment":[{"href":"https:\/\/ajupe.com.uy\/web\/wp-json\/wp\/v2\/media?parent=2926"}],"wp:term":[{"taxonomy":"product_brand","embeddable":true,"href":"https:\/\/ajupe.com.uy\/web\/wp-json\/wp\/v2\/product_brand?post=2926"},{"taxonomy":"product_cat","embeddable":true,"href":"https:\/\/ajupe.com.uy\/web\/wp-json\/wp\/v2\/product_cat?post=2926"},{"taxonomy":"product_tag","embeddable":true,"href":"https:\/\/ajupe.com.uy\/web\/wp-json\/wp\/v2\/product_tag?post=2926"}],"curies":[{"name":"wp","href":"https:\/\/api.w.org\/{rel}","templated":true}]}}