{"id":2929,"date":"2011-08-22T19:40:05","date_gmt":"2011-08-22T22:40:05","guid":{"rendered":"http:\/\/ajupe.com.uy\/web\/?post_type=product&#038;p=2929"},"modified":"2011-08-22T19:40:12","modified_gmt":"2011-08-22T22:40:12","slug":"el-cuaderno-de-maya","status":"publish","type":"product","link":"https:\/\/ajupe.com.uy\/web\/biblioteca\/el-cuaderno-de-maya\/","title":{"rendered":"El cuaderno de Maya"},"content":{"rendered":"<p>\u00abSoy Maya Vidal, diecinueve a\u00f1os, sexo femenino, soltera, sin un enamorado, por falta de oportunidades y no por quisquillosa, nacida en Berkeley, California, pasaporte estadounidense, temporalmente refugiada en una isla al sur del mundo. Me pusieron Maya porque a mi Nini le atrae la India y a mis padres no se les ocurri\u00f3 otro nombre, aunque tuvieron nueve meses para pensarlo. En hindi, maya significa \u201chechizo, ilusi\u00f3n, sue\u00f1o\u201d, nada que ver con mi car\u00e1cter. Atila me calzar\u00eda mejor, porque donde pongo el pie no sale m\u00e1s pasto. Mi historia comienza en Chile con mi abuela, mi Nini, mucho antes de que yo naciera, porque si ella no hubiera emigrado, no se habr\u00eda enamorado de mi Popo ni se habr\u00eda instalado en California, mi padre no habr\u00eda conocido a mi madre y yo no ser\u00eda yo, sino una joven chilena muy diferente.\u00bb<\/p>\n","protected":false},"excerpt":{"rendered":"<p>La protagonista es Maya Vidal, una joven estadounidense de 19 a\u00f1os y ra\u00edces chilenas que por meterse en algunos problemas termina fugitiva y refugiada en una isla en el archipi\u00e9lago de Chilo\u00e9, al sur de Chile. La historia se desarrolla en la actualidad.<\/p>\n","protected":false},"featured_media":2930,"template":"","meta":[],"product_brand":[50],"product_cat":[29],"product_tag":[],"class_list":{"0":"post-2929","1":"product","2":"type-product","3":"status-publish","4":"has-post-thumbnail","6":"product_brand-isabel-allende","7":"product_cat-novela","9":"first","10":"instock","11":"purchasable","12":"product-type-simple"},"featured_image_urls_v2":{"full":["https:\/\/ajupe.com.uy\/web\/wp-content\/uploads\/2016\/04\/p-2929-El_cuaderno_de_M_4e52b0958faf0.jpg",223,341,false],"thumbnail":["https:\/\/ajupe.com.uy\/web\/wp-content\/uploads\/2016\/04\/p-2929-El_cuaderno_de_M_4e52b0958faf0.jpg",150,150,true],"medium":["https:\/\/ajupe.com.uy\/web\/wp-content\/uploads\/2016\/04\/p-2929-El_cuaderno_de_M_4e52b0958faf0.jpg",300,214,true],"medium_large":["https:\/\/ajupe.com.uy\/web\/wp-content\/uploads\/2016\/04\/p-2929-El_cuaderno_de_M_4e52b0958faf0.jpg",223,341,false],"large":["https:\/\/ajupe.com.uy\/web\/wp-content\/uploads\/2016\/04\/p-2929-El_cuaderno_de_M_4e52b0958faf0.jpg",223,341,false],"1536x1536":["https:\/\/ajupe.com.uy\/web\/wp-content\/uploads\/2016\/04\/p-2929-El_cuaderno_de_M_4e52b0958faf0.jpg",223,341,false],"2048x2048":["https:\/\/ajupe.com.uy\/web\/wp-content\/uploads\/2016\/04\/p-2929-El_cuaderno_de_M_4e52b0958faf0.jpg",223,341,false],"woocommerce_archive_thumbnail":["https:\/\/ajupe.com.uy\/web\/wp-content\/uploads\/2016\/04\/p-2929-El_cuaderno_de_M_4e52b0958faf0-223x300.jpg",223,300,true],"woocommerce_thumbnail":["https:\/\/ajupe.com.uy\/web\/wp-content\/uploads\/2016\/04\/p-2929-El_cuaderno_de_M_4e52b0958faf0-223x300.jpg",223,300,true],"woocommerce_single":["https:\/\/ajupe.com.uy\/web\/wp-content\/uploads\/2016\/04\/p-2929-El_cuaderno_de_M_4e52b0958faf0.jpg",223,341,false],"woocommerce_gallery_thumbnail":["https:\/\/ajupe.com.uy\/web\/wp-content\/uploads\/2016\/04\/p-2929-El_cuaderno_de_M_4e52b0958faf0-100x100.jpg",100,100,true]},"post_excerpt_stackable_v2":"<p>La protagonista es Maya Vidal, una joven estadounidense de 19 a\u00f1os y ra\u00edces chilenas que por meterse en algunos problemas termina fugitiva y refugiada en una isla en el archipi\u00e9lago de Chilo\u00e9, al sur de Chile. La historia se desarrolla en la actualidad.<\/p>\n","category_list_v2":"","author_info_v2":{"name":"","url":""},"comments_num_v2":"0 comentarios","_links":{"self":[{"href":"https:\/\/ajupe.com.uy\/web\/wp-json\/wp\/v2\/product\/2929","targetHints":{"allow":["GET"]}}],"collection":[{"href":"https:\/\/ajupe.com.uy\/web\/wp-json\/wp\/v2\/product"}],"about":[{"href":"https:\/\/ajupe.com.uy\/web\/wp-json\/wp\/v2\/types\/product"}],"wp:featuredmedia":[{"embeddable":true,"href":"https:\/\/ajupe.com.uy\/web\/wp-json\/wp\/v2\/media\/2930"}],"wp:attachment":[{"href":"https:\/\/ajupe.com.uy\/web\/wp-json\/wp\/v2\/media?parent=2929"}],"wp:term":[{"taxonomy":"product_brand","embeddable":true,"href":"https:\/\/ajupe.com.uy\/web\/wp-json\/wp\/v2\/product_brand?post=2929"},{"taxonomy":"product_cat","embeddable":true,"href":"https:\/\/ajupe.com.uy\/web\/wp-json\/wp\/v2\/product_cat?post=2929"},{"taxonomy":"product_tag","embeddable":true,"href":"https:\/\/ajupe.com.uy\/web\/wp-json\/wp\/v2\/product_tag?post=2929"}],"curies":[{"name":"wp","href":"https:\/\/api.w.org\/{rel}","templated":true}]}}