{"id":2938,"date":"2011-08-22T20:05:17","date_gmt":"2011-08-22T23:05:17","guid":{"rendered":"http:\/\/ajupe.com.uy\/web\/?post_type=product&#038;p=2938"},"modified":"2011-08-22T20:05:27","modified_gmt":"2011-08-22T23:05:27","slug":"sabor-a-ti","status":"publish","type":"product","link":"https:\/\/ajupe.com.uy\/web\/biblioteca\/sabor-a-ti\/","title":{"rendered":"Sabor a ti"},"content":{"rendered":"<div style=\"text-align: justify;\"><strong>Este libro est\u00e1 protagonizado por una de mis protagonistas  prefericas Laurel McBane. Laurel es la experta en la reposter\u00eda de las  bodas. En un evento as\u00ed todos los detalles deben ser espectaculares  desde la fotograf\u00eda de Mac a las flores de Emma y Laurel no le va a la  zaga. Sus creaciones son magn\u00edficas, originales y sobre todo acorte con  cada pareja de novios. Laurel es una mujer independiente, se ha hecho a  s\u00ed misma, ha tenido una educaci\u00f3n dura con una familia desestructura  debido a que sus padres tuvieron problemas con hacienda. Se ha esforzado  por conseguir lo que quiere a pesar de los desprecios, las cr\u00edticas y  dem\u00e1s obst\u00e1culos. Por eso choca bastante con el ambiente en el que se  mueve actualmente donde predominan las grandes familias ricas y  poderosas de la sociedad de Greenwich. <\/strong><\/div>\n<p><strong><br \/> <\/strong><\/p>\n","protected":false},"excerpt":{"rendered":"<p>Tercer libro de la serie \u201cCuatro Bodas\u201d, es un libro que esperaba con gran expectaci\u00f3n. Normalmente no soy muy fan de la series de Nora Roberts, me parecen bastante repetitivas y normalmente suelo tan solo sus libros independientes. Sin embargo, no he pod<\/p>\n","protected":false},"featured_media":2939,"template":"","meta":[],"product_brand":[267],"product_cat":[29],"product_tag":[],"class_list":{"0":"post-2938","1":"product","2":"type-product","3":"status-publish","4":"has-post-thumbnail","6":"product_brand-nora-roberts","7":"product_cat-novela","9":"first","10":"instock","11":"purchasable","12":"product-type-simple"},"featured_image_urls_v2":{"full":["https:\/\/ajupe.com.uy\/web\/wp-content\/uploads\/2016\/04\/p-2938-Sabor_a_ti_4e52b67d99983.jpg",228,338,false],"thumbnail":["https:\/\/ajupe.com.uy\/web\/wp-content\/uploads\/2016\/04\/p-2938-Sabor_a_ti_4e52b67d99983.jpg",150,150,true],"medium":["https:\/\/ajupe.com.uy\/web\/wp-content\/uploads\/2016\/04\/p-2938-Sabor_a_ti_4e52b67d99983.jpg",300,214,true],"medium_large":["https:\/\/ajupe.com.uy\/web\/wp-content\/uploads\/2016\/04\/p-2938-Sabor_a_ti_4e52b67d99983.jpg",228,338,false],"large":["https:\/\/ajupe.com.uy\/web\/wp-content\/uploads\/2016\/04\/p-2938-Sabor_a_ti_4e52b67d99983.jpg",228,338,false],"1536x1536":["https:\/\/ajupe.com.uy\/web\/wp-content\/uploads\/2016\/04\/p-2938-Sabor_a_ti_4e52b67d99983.jpg",228,338,false],"2048x2048":["https:\/\/ajupe.com.uy\/web\/wp-content\/uploads\/2016\/04\/p-2938-Sabor_a_ti_4e52b67d99983.jpg",228,338,false],"woocommerce_archive_thumbnail":["https:\/\/ajupe.com.uy\/web\/wp-content\/uploads\/2016\/04\/p-2938-Sabor_a_ti_4e52b67d99983-228x300.jpg",228,300,true],"woocommerce_thumbnail":["https:\/\/ajupe.com.uy\/web\/wp-content\/uploads\/2016\/04\/p-2938-Sabor_a_ti_4e52b67d99983-228x300.jpg",228,300,true],"woocommerce_single":["https:\/\/ajupe.com.uy\/web\/wp-content\/uploads\/2016\/04\/p-2938-Sabor_a_ti_4e52b67d99983.jpg",228,338,false],"woocommerce_gallery_thumbnail":["https:\/\/ajupe.com.uy\/web\/wp-content\/uploads\/2016\/04\/p-2938-Sabor_a_ti_4e52b67d99983-100x100.jpg",100,100,true]},"post_excerpt_stackable_v2":"<p>Tercer libro de la serie \u201cCuatro Bodas\u201d, es un libro que esperaba con gran expectaci\u00f3n. Normalmente no soy muy fan de la series de Nora Roberts, me parecen bastante repetitivas y normalmente suelo tan solo sus libros independientes. Sin embargo, no he pod<\/p>\n","category_list_v2":"","author_info_v2":{"name":"","url":""},"comments_num_v2":"0 comentarios","_links":{"self":[{"href":"https:\/\/ajupe.com.uy\/web\/wp-json\/wp\/v2\/product\/2938","targetHints":{"allow":["GET"]}}],"collection":[{"href":"https:\/\/ajupe.com.uy\/web\/wp-json\/wp\/v2\/product"}],"about":[{"href":"https:\/\/ajupe.com.uy\/web\/wp-json\/wp\/v2\/types\/product"}],"wp:featuredmedia":[{"embeddable":true,"href":"https:\/\/ajupe.com.uy\/web\/wp-json\/wp\/v2\/media\/2939"}],"wp:attachment":[{"href":"https:\/\/ajupe.com.uy\/web\/wp-json\/wp\/v2\/media?parent=2938"}],"wp:term":[{"taxonomy":"product_brand","embeddable":true,"href":"https:\/\/ajupe.com.uy\/web\/wp-json\/wp\/v2\/product_brand?post=2938"},{"taxonomy":"product_cat","embeddable":true,"href":"https:\/\/ajupe.com.uy\/web\/wp-json\/wp\/v2\/product_cat?post=2938"},{"taxonomy":"product_tag","embeddable":true,"href":"https:\/\/ajupe.com.uy\/web\/wp-json\/wp\/v2\/product_tag?post=2938"}],"curies":[{"name":"wp","href":"https:\/\/api.w.org\/{rel}","templated":true}]}}