{"id":2947,"date":"2011-08-22T20:42:41","date_gmt":"2011-08-22T23:42:41","guid":{"rendered":"http:\/\/ajupe.com.uy\/web\/?post_type=product&#038;p=2947"},"modified":"2011-08-22T20:43:10","modified_gmt":"2011-08-22T23:43:10","slug":"aleph","status":"publish","type":"product","link":"https:\/\/ajupe.com.uy\/web\/biblioteca\/aleph\/","title":{"rendered":"Aleph"},"content":{"rendered":"<p><span style=\"color: #686362; font-family: Geneva,'Trebuchet MS',Lucida,Arial,sans-serif; font-size: 12px; font-style: normal; font-variant: normal; font-weight: normal; letter-spacing: normal; line-height: 15px; orphans: 2; text-indent: 0px; text-transform: none; white-space: normal; widows: 2; word-spacing: 0px; background-color: #74a6bd;\"><\/p>\n<p style=\"margin: 0px; padding: 0px 0px 10px;\">\u201cSiempre un libro\u201d, as\u00ed como \u201cun cuadro\u201d es un \u201cespejo de ti mismo\u201d, asegura el autor de<span> <\/span><strong><em>Diario de un mago<\/em><\/strong>, editado en Espa\u00f1a como<span> <\/span><strong><em>El peregrino de Compostela<\/em><\/strong>. Precisamente Coelho materializa este pensamiento en su nueva propuesta literaria,<span> <\/span><strong><em>El Aleph<\/em><\/strong>, que sali\u00f3 a la venta el fin de semana pasado en portugu\u00e9s y que narra sus experiencias autobiogr\u00e1ficas durante un viaje de varios meses en el Transiberiano.<\/p>\n<p style=\"margin: 0px; padding: 0px 0px 10px;\">En ese famoso tren conoci\u00f3 a una joven, de 21 a\u00f1os, que le indujo a una vuelta al pasado y a un encuentro consigo mismo, es decir, descubre el<span> <\/span><em>aleph<\/em>, un punto de encuentro donde todo confluye, explica el escritor.<\/p>\n<p style=\"margin: 0px; padding: 0px 0px 10px;\">A diferencia de otras obras, su nuevo libro sale a la luz 5 a\u00f1os despu\u00e9s de su viaje, pues es una vez transcurrido ese tiempo cuando comprende \u201ctotalmente\u201d lo vivido durante el periplo y se ve capaz de transmitirlo a sus lectores.<\/p>\n<p style=\"margin: 0px; padding: 0px 0px 10px;\">Coelho puntualiza que \u00a0 esos a\u00f1os fueron para comprender sus experiencias m\u00edsticas y bromea con que necesit\u00f3 \u201cun mes\u201d m\u00e1s para redactar la edici\u00f3n final de la obra, pues revela que la primera versi\u00f3n del libro es \u201csiempre muy compleja\u201d y contiene el \u201ctriple\u201d de hojas que la final.<\/p>\n<p style=\"margin: 0px; padding: 0px 0px 10px;\">Confiesa que de sus viajes ha aprendido a no cargar con \u201cmuchas cosas\u201d, a seguir su propio ritmo, a guiarse por las se\u00f1ales y a desprender de los dem\u00e1s, porque considera que la dependencia no es un s\u00edntoma de fragilidad, sino una \u201cmanera de agradecer a la vida y saber que el mundo no es tan amenazador como muchos piensan\u201d.<\/p>\n<p style=\"margin: 0px; padding: 0px 0px 10px;\">Cree en el destino, en su caso el de ser escritor, si bien sostiene que uno puede desviarse de lo marcado. \u201cEs tu libre albedr\u00edo\u201d, dice, \u201cnegar el destino y no vivirlo, o vivirlo\u201d. Para el autor de<span> <\/span><strong><em>El Alquimista<\/em><\/strong>, las redes sociales y su<span> <\/span><em>blog<\/em><span> <\/span>son una \u201cmanera de compartir\u201d, y asegura que disfruta \u201cmuch\u00edsimo\u201d de la red, porque tiene as\u00ed un mayor acceso a los lectores.<\/p>\n<p><\/span><\/p>\n","protected":false},"excerpt":{"rendered":"<p>El protagonista de la historia tiene que enfrentarse a una grave crisis de fe y en su b\u00fasqueda de renovaci\u00f3n y crecimiento espiritual decide comenzar de nuevo.<br \/>\nCon esta historia, el autor invita a considerar el significado de la vida y provoca que el lec<\/p>\n","protected":false},"featured_media":2948,"template":"","meta":[],"product_brand":[110],"product_cat":[32],"product_tag":[],"class_list":{"0":"post-2947","1":"product","2":"type-product","3":"status-publish","4":"has-post-thumbnail","6":"product_brand-paulo-coelho","7":"product_cat-autoayuda","9":"first","10":"instock","11":"purchasable","12":"product-type-simple"},"featured_image_urls_v2":{"full":["https:\/\/ajupe.com.uy\/web\/wp-content\/uploads\/2016\/04\/p-2947-Aleph_4e52bf410e96d.jpg",219,336,false],"thumbnail":["https:\/\/ajupe.com.uy\/web\/wp-content\/uploads\/2016\/04\/p-2947-Aleph_4e52bf410e96d.jpg",150,150,true],"medium":["https:\/\/ajupe.com.uy\/web\/wp-content\/uploads\/2016\/04\/p-2947-Aleph_4e52bf410e96d.jpg",300,214,true],"medium_large":["https:\/\/ajupe.com.uy\/web\/wp-content\/uploads\/2016\/04\/p-2947-Aleph_4e52bf410e96d.jpg",219,336,false],"large":["https:\/\/ajupe.com.uy\/web\/wp-content\/uploads\/2016\/04\/p-2947-Aleph_4e52bf410e96d.jpg",219,336,false],"1536x1536":["https:\/\/ajupe.com.uy\/web\/wp-content\/uploads\/2016\/04\/p-2947-Aleph_4e52bf410e96d.jpg",219,336,false],"2048x2048":["https:\/\/ajupe.com.uy\/web\/wp-content\/uploads\/2016\/04\/p-2947-Aleph_4e52bf410e96d.jpg",219,336,false],"woocommerce_archive_thumbnail":["https:\/\/ajupe.com.uy\/web\/wp-content\/uploads\/2016\/04\/p-2947-Aleph_4e52bf410e96d-219x300.jpg",219,300,true],"woocommerce_thumbnail":["https:\/\/ajupe.com.uy\/web\/wp-content\/uploads\/2016\/04\/p-2947-Aleph_4e52bf410e96d-219x300.jpg",219,300,true],"woocommerce_single":["https:\/\/ajupe.com.uy\/web\/wp-content\/uploads\/2016\/04\/p-2947-Aleph_4e52bf410e96d.jpg",219,336,false],"woocommerce_gallery_thumbnail":["https:\/\/ajupe.com.uy\/web\/wp-content\/uploads\/2016\/04\/p-2947-Aleph_4e52bf410e96d-100x100.jpg",100,100,true]},"post_excerpt_stackable_v2":"<p>El protagonista de la historia tiene que enfrentarse a una grave crisis de fe y en su b\u00fasqueda de renovaci\u00f3n y crecimiento espiritual decide comenzar de nuevo.<br \/>\nCon esta historia, el autor invita a considerar el significado de la vida y provoca que el lec<\/p>\n","category_list_v2":"","author_info_v2":{"name":"","url":""},"comments_num_v2":"0 comentarios","_links":{"self":[{"href":"https:\/\/ajupe.com.uy\/web\/wp-json\/wp\/v2\/product\/2947","targetHints":{"allow":["GET"]}}],"collection":[{"href":"https:\/\/ajupe.com.uy\/web\/wp-json\/wp\/v2\/product"}],"about":[{"href":"https:\/\/ajupe.com.uy\/web\/wp-json\/wp\/v2\/types\/product"}],"wp:featuredmedia":[{"embeddable":true,"href":"https:\/\/ajupe.com.uy\/web\/wp-json\/wp\/v2\/media\/2948"}],"wp:attachment":[{"href":"https:\/\/ajupe.com.uy\/web\/wp-json\/wp\/v2\/media?parent=2947"}],"wp:term":[{"taxonomy":"product_brand","embeddable":true,"href":"https:\/\/ajupe.com.uy\/web\/wp-json\/wp\/v2\/product_brand?post=2947"},{"taxonomy":"product_cat","embeddable":true,"href":"https:\/\/ajupe.com.uy\/web\/wp-json\/wp\/v2\/product_cat?post=2947"},{"taxonomy":"product_tag","embeddable":true,"href":"https:\/\/ajupe.com.uy\/web\/wp-json\/wp\/v2\/product_tag?post=2947"}],"curies":[{"name":"wp","href":"https:\/\/api.w.org\/{rel}","templated":true}]}}