{"id":2953,"date":"2011-08-22T20:50:22","date_gmt":"2011-08-22T23:50:22","guid":{"rendered":"http:\/\/ajupe.com.uy\/web\/?post_type=product&#038;p=2953"},"modified":"2011-08-22T20:50:58","modified_gmt":"2011-08-22T23:50:58","slug":"oscar-magurno-el-padrino","status":"publish","type":"product","link":"https:\/\/ajupe.com.uy\/web\/biblioteca\/oscar-magurno-el-padrino\/","title":{"rendered":"Oscar Magurno &#8211; El Padrino"},"content":{"rendered":"<p><span style=\"color: #686362; font-family: Geneva,'Trebuchet MS',Lucida,Arial,sans-serif; font-size: 12px; font-style: normal; font-variant: normal; font-weight: normal; letter-spacing: normal; line-height: 15px; orphans: 2; text-indent: 0px; text-transform: none; white-space: normal; widows: 2; word-spacing: 0px; background-color: #74a6bd;\"><\/p>\n<p style=\"margin: 0px; padding: 0px 0px 10px;\">El trabajo fue realizado en base a entrevistas con el ex presidente Julio Mar\u00eda Sanguinetti, el gerente comercial de La Espa\u00f1ola Guillermo Facello, el comunicador Omar Guti\u00e9rrez y H\u00e9ctor Su\u00e1rez, integrante de la barra brava de Cerro, entre otros, adem\u00e1s de repaso por la prensa local.<\/p>\n<p style=\"margin: 0px; padding: 0px 0px 10px;\">\u201cMagurno es un hombre que en los \u00faltimos 30 a\u00f1os se las ingeni\u00f3 siempre para salir en la foto y estar cerca del poder de turno. Se basa en una forma de ser que es el \u00edcono nacional del profesionalismo del padrinazgo, en el sentido de apadrinar a gente y hacer la \u2018gauchada\u2019\u201d, concluy\u00f3<\/p>\n<p><\/span><\/p>\n","protected":false},"excerpt":{"rendered":"<p>No es una biograf\u00eda, es una investigaci\u00f3n sobre el v\u00ednculo de Magurno con los c\u00edrculos de poder, su ascenso en la dictadura, La Espa\u00f1ola, su amistad personal con Gregorio \u00c1lvarez, su trato fluido con la Polic\u00eda y el manejo de su cuota de poder en democrac<\/p>\n","protected":false},"featured_media":2954,"template":"","meta":[],"product_brand":[650],"product_cat":[45],"product_tag":[],"class_list":{"0":"post-2953","1":"product","2":"type-product","3":"status-publish","4":"has-post-thumbnail","6":"product_brand-fernando-amado","7":"product_cat-uruguayo","9":"first","10":"instock","11":"purchasable","12":"product-type-simple"},"featured_image_urls_v2":{"full":["https:\/\/ajupe.com.uy\/web\/wp-content\/uploads\/2016\/04\/p-2953-Oscar_Magurno____4e52c10eb4ed6.jpg",225,303,false],"thumbnail":["https:\/\/ajupe.com.uy\/web\/wp-content\/uploads\/2016\/04\/p-2953-Oscar_Magurno____4e52c10eb4ed6.jpg",150,150,true],"medium":["https:\/\/ajupe.com.uy\/web\/wp-content\/uploads\/2016\/04\/p-2953-Oscar_Magurno____4e52c10eb4ed6.jpg",300,214,true],"medium_large":["https:\/\/ajupe.com.uy\/web\/wp-content\/uploads\/2016\/04\/p-2953-Oscar_Magurno____4e52c10eb4ed6.jpg",225,303,false],"large":["https:\/\/ajupe.com.uy\/web\/wp-content\/uploads\/2016\/04\/p-2953-Oscar_Magurno____4e52c10eb4ed6.jpg",225,303,false],"1536x1536":["https:\/\/ajupe.com.uy\/web\/wp-content\/uploads\/2016\/04\/p-2953-Oscar_Magurno____4e52c10eb4ed6.jpg",225,303,false],"2048x2048":["https:\/\/ajupe.com.uy\/web\/wp-content\/uploads\/2016\/04\/p-2953-Oscar_Magurno____4e52c10eb4ed6.jpg",225,303,false],"woocommerce_archive_thumbnail":["https:\/\/ajupe.com.uy\/web\/wp-content\/uploads\/2016\/04\/p-2953-Oscar_Magurno____4e52c10eb4ed6-225x300.jpg",225,300,true],"woocommerce_thumbnail":["https:\/\/ajupe.com.uy\/web\/wp-content\/uploads\/2016\/04\/p-2953-Oscar_Magurno____4e52c10eb4ed6-225x300.jpg",225,300,true],"woocommerce_single":["https:\/\/ajupe.com.uy\/web\/wp-content\/uploads\/2016\/04\/p-2953-Oscar_Magurno____4e52c10eb4ed6.jpg",225,303,false],"woocommerce_gallery_thumbnail":["https:\/\/ajupe.com.uy\/web\/wp-content\/uploads\/2016\/04\/p-2953-Oscar_Magurno____4e52c10eb4ed6-100x100.jpg",100,100,true]},"post_excerpt_stackable_v2":"<p>No es una biograf\u00eda, es una investigaci\u00f3n sobre el v\u00ednculo de Magurno con los c\u00edrculos de poder, su ascenso en la dictadura, La Espa\u00f1ola, su amistad personal con Gregorio \u00c1lvarez, su trato fluido con la Polic\u00eda y el manejo de su cuota de poder en democrac<\/p>\n","category_list_v2":"","author_info_v2":{"name":"","url":""},"comments_num_v2":"0 comentarios","_links":{"self":[{"href":"https:\/\/ajupe.com.uy\/web\/wp-json\/wp\/v2\/product\/2953","targetHints":{"allow":["GET"]}}],"collection":[{"href":"https:\/\/ajupe.com.uy\/web\/wp-json\/wp\/v2\/product"}],"about":[{"href":"https:\/\/ajupe.com.uy\/web\/wp-json\/wp\/v2\/types\/product"}],"wp:featuredmedia":[{"embeddable":true,"href":"https:\/\/ajupe.com.uy\/web\/wp-json\/wp\/v2\/media\/2954"}],"wp:attachment":[{"href":"https:\/\/ajupe.com.uy\/web\/wp-json\/wp\/v2\/media?parent=2953"}],"wp:term":[{"taxonomy":"product_brand","embeddable":true,"href":"https:\/\/ajupe.com.uy\/web\/wp-json\/wp\/v2\/product_brand?post=2953"},{"taxonomy":"product_cat","embeddable":true,"href":"https:\/\/ajupe.com.uy\/web\/wp-json\/wp\/v2\/product_cat?post=2953"},{"taxonomy":"product_tag","embeddable":true,"href":"https:\/\/ajupe.com.uy\/web\/wp-json\/wp\/v2\/product_tag?post=2953"}],"curies":[{"name":"wp","href":"https:\/\/api.w.org\/{rel}","templated":true}]}}