{"id":2959,"date":"2011-08-22T20:54:42","date_gmt":"2011-08-22T23:54:42","guid":{"rendered":"http:\/\/ajupe.com.uy\/web\/?post_type=product&#038;p=2959"},"modified":"2011-08-22T20:57:50","modified_gmt":"2011-08-22T23:57:50","slug":"toto-da-silveira-50-anos-de-periodismo-deportivo","status":"publish","type":"product","link":"https:\/\/ajupe.com.uy\/web\/biblioteca\/toto-da-silveira-50-anos-de-periodismo-deportivo\/","title":{"rendered":"Toto da Silveira &#8211; 50 a\u00f1os de periodismo deportivo"},"content":{"rendered":"<p>Era menor de edad cuando entr\u00f3 como comentarista de reserva en Radio Sarand\u00ed, donde relataba el inolvidable Carlos Sol\u00e9. En estos 50 a\u00f1os descubri\u00f3 a j\u00f3venes periodistas y relatores, encabez\u00f3 junto a Amadeo Ottati el Clan 10 de Radio Ariel, fue jefe de Deportes de El Pa\u00eds, trabaj\u00f3 en los cuatro canales de aire y en seis radios. Al decir de Alberto Kesman, \u201ces el estandarte de los periodistas deportivos de este pa\u00eds,por experiencia y por trayectoria\u201d. <\/p>\n","protected":false},"excerpt":{"rendered":"<p>Con la carrera de Jorge da Silveira como eje, este libro repasa la historia del periodismo deportivo en el Uruguay del \u00faltimo medio siglo.<\/p>\n","protected":false},"featured_media":2960,"template":"","meta":[],"product_brand":[1066],"product_cat":[45],"product_tag":[],"class_list":{"0":"post-2959","1":"product","2":"type-product","3":"status-publish","4":"has-post-thumbnail","6":"product_brand-pablo-fabregat","7":"product_cat-uruguayo","9":"first","10":"instock","11":"purchasable","12":"product-type-simple"},"featured_image_urls_v2":{"full":["https:\/\/ajupe.com.uy\/web\/wp-content\/uploads\/2016\/04\/p-2959-Toto_da_Silveira_4e52c26646460.jpg",225,336,false],"thumbnail":["https:\/\/ajupe.com.uy\/web\/wp-content\/uploads\/2016\/04\/p-2959-Toto_da_Silveira_4e52c26646460.jpg",150,150,true],"medium":["https:\/\/ajupe.com.uy\/web\/wp-content\/uploads\/2016\/04\/p-2959-Toto_da_Silveira_4e52c26646460.jpg",300,214,true],"medium_large":["https:\/\/ajupe.com.uy\/web\/wp-content\/uploads\/2016\/04\/p-2959-Toto_da_Silveira_4e52c26646460.jpg",225,336,false],"large":["https:\/\/ajupe.com.uy\/web\/wp-content\/uploads\/2016\/04\/p-2959-Toto_da_Silveira_4e52c26646460.jpg",225,336,false],"1536x1536":["https:\/\/ajupe.com.uy\/web\/wp-content\/uploads\/2016\/04\/p-2959-Toto_da_Silveira_4e52c26646460.jpg",225,336,false],"2048x2048":["https:\/\/ajupe.com.uy\/web\/wp-content\/uploads\/2016\/04\/p-2959-Toto_da_Silveira_4e52c26646460.jpg",225,336,false],"woocommerce_archive_thumbnail":["https:\/\/ajupe.com.uy\/web\/wp-content\/uploads\/2016\/04\/p-2959-Toto_da_Silveira_4e52c26646460-225x300.jpg",225,300,true],"woocommerce_thumbnail":["https:\/\/ajupe.com.uy\/web\/wp-content\/uploads\/2016\/04\/p-2959-Toto_da_Silveira_4e52c26646460-225x300.jpg",225,300,true],"woocommerce_single":["https:\/\/ajupe.com.uy\/web\/wp-content\/uploads\/2016\/04\/p-2959-Toto_da_Silveira_4e52c26646460.jpg",225,336,false],"woocommerce_gallery_thumbnail":["https:\/\/ajupe.com.uy\/web\/wp-content\/uploads\/2016\/04\/p-2959-Toto_da_Silveira_4e52c26646460-100x100.jpg",100,100,true]},"post_excerpt_stackable_v2":"<p>Con la carrera de Jorge da Silveira como eje, este libro repasa la historia del periodismo deportivo en el Uruguay del \u00faltimo medio siglo.<\/p>\n","category_list_v2":"","author_info_v2":{"name":"","url":""},"comments_num_v2":"0 comentarios","_links":{"self":[{"href":"https:\/\/ajupe.com.uy\/web\/wp-json\/wp\/v2\/product\/2959","targetHints":{"allow":["GET"]}}],"collection":[{"href":"https:\/\/ajupe.com.uy\/web\/wp-json\/wp\/v2\/product"}],"about":[{"href":"https:\/\/ajupe.com.uy\/web\/wp-json\/wp\/v2\/types\/product"}],"wp:featuredmedia":[{"embeddable":true,"href":"https:\/\/ajupe.com.uy\/web\/wp-json\/wp\/v2\/media\/2960"}],"wp:attachment":[{"href":"https:\/\/ajupe.com.uy\/web\/wp-json\/wp\/v2\/media?parent=2959"}],"wp:term":[{"taxonomy":"product_brand","embeddable":true,"href":"https:\/\/ajupe.com.uy\/web\/wp-json\/wp\/v2\/product_brand?post=2959"},{"taxonomy":"product_cat","embeddable":true,"href":"https:\/\/ajupe.com.uy\/web\/wp-json\/wp\/v2\/product_cat?post=2959"},{"taxonomy":"product_tag","embeddable":true,"href":"https:\/\/ajupe.com.uy\/web\/wp-json\/wp\/v2\/product_tag?post=2959"}],"curies":[{"name":"wp","href":"https:\/\/api.w.org\/{rel}","templated":true}]}}