{"id":3007,"date":"2011-08-23T20:53:41","date_gmt":"2011-08-23T23:53:41","guid":{"rendered":"http:\/\/ajupe.com.uy\/web\/?post_type=product&#038;p=3007"},"modified":"2011-09-16T18:14:03","modified_gmt":"2011-09-16T21:14:03","slug":"la-apelacion","status":"publish","type":"product","link":"https:\/\/ajupe.com.uy\/web\/biblioteca\/la-apelacion\/","title":{"rendered":"La Apelaci\u00f3n"},"content":{"rendered":"<p>La pol\u00edtica siempre ha sido un juego sucio. Ahora la justicia tambi\u00e9n lo  es. Corrupci\u00f3n pol\u00edtica, desastre ecol\u00f3gico, demandas judiciales  millonarias y una poderosa empresa qu\u00edmica, condenada por contaminar el  agua de la ciudad y provocar un aumento de casos de c\u00e1ncer, que no est\u00e1  dispuesta a cerrar sus instalaciones bajo ning\u00fan concepto. <strong>Grisham<\/strong>,  el gran mago del suspense, urde una intriga poderosa e hipn\u00f3tica, en la  que se reflejan algunas de las principales lacras que azotan a la  sociedad actual: la justicia puede ser m\u00e1s sucia que los cr\u00edmenes que  pretende castigar.<\/p>\n","protected":false},"excerpt":{"rendered":"<p>La pol\u00edtica siempre ha sido un juego sucio. Ahora la justicia tambi\u00e9n lo es. Corrupci\u00f3n pol\u00edtica, desastre ecol\u00f3gico, demandas judiciales millonarias y una poderosa empresa qu\u00edmica, condenada por contaminar el agua de la ciudad y provocar un aumento de casos de c\u00e1ncer, que no est\u00e1 dispuesta a cerrar sus instalaciones bajo ning\u00fan concepto. Grisham, el [&hellip;]<\/p>\n","protected":false},"featured_media":0,"template":"","meta":[],"product_brand":[77],"product_cat":[30],"product_tag":[],"class_list":{"0":"post-3007","1":"product","2":"type-product","3":"status-publish","5":"product_brand-john-grisham","6":"product_cat-suspenso","8":"first","9":"instock","10":"purchasable","11":"product-type-simple"},"featured_image_urls_v2":{"full":"","thumbnail":"","medium":"","medium_large":"","large":"","1536x1536":"","2048x2048":"","woocommerce_archive_thumbnail":"","woocommerce_thumbnail":"","woocommerce_single":"","woocommerce_gallery_thumbnail":""},"post_excerpt_stackable_v2":"<p>La pol\u00edtica siempre ha sido un juego sucio. Ahora la justicia tambi\u00e9n lo es. Corrupci\u00f3n pol\u00edtica, desastre ecol\u00f3gico, demandas judiciales millonarias y una poderosa empresa qu\u00edmica, condenada por contaminar el agua de la ciudad y provocar un aumento de casos de c\u00e1ncer, que no est\u00e1 dispuesta a cerrar sus instalaciones bajo ning\u00fan concepto. Grisham, el gran mago del suspense, urde una intriga poderosa e hipn\u00f3tica, en la que se reflejan algunas de las principales lacras que azotan a la sociedad actual: la justicia puede ser m\u00e1s sucia que los cr\u00edmenes que pretende castigar.<\/p>\n","category_list_v2":"","author_info_v2":{"name":"","url":""},"comments_num_v2":"0 comentarios","_links":{"self":[{"href":"https:\/\/ajupe.com.uy\/web\/wp-json\/wp\/v2\/product\/3007","targetHints":{"allow":["GET"]}}],"collection":[{"href":"https:\/\/ajupe.com.uy\/web\/wp-json\/wp\/v2\/product"}],"about":[{"href":"https:\/\/ajupe.com.uy\/web\/wp-json\/wp\/v2\/types\/product"}],"wp:attachment":[{"href":"https:\/\/ajupe.com.uy\/web\/wp-json\/wp\/v2\/media?parent=3007"}],"wp:term":[{"taxonomy":"product_brand","embeddable":true,"href":"https:\/\/ajupe.com.uy\/web\/wp-json\/wp\/v2\/product_brand?post=3007"},{"taxonomy":"product_cat","embeddable":true,"href":"https:\/\/ajupe.com.uy\/web\/wp-json\/wp\/v2\/product_cat?post=3007"},{"taxonomy":"product_tag","embeddable":true,"href":"https:\/\/ajupe.com.uy\/web\/wp-json\/wp\/v2\/product_tag?post=3007"}],"curies":[{"name":"wp","href":"https:\/\/api.w.org\/{rel}","templated":true}]}}