{"id":3020,"date":"2011-08-23T21:26:42","date_gmt":"2011-08-24T00:26:42","guid":{"rendered":"http:\/\/ajupe.com.uy\/web\/?post_type=product&#038;p=3020"},"modified":"2011-08-23T21:26:50","modified_gmt":"2011-08-24T00:26:50","slug":"hielo-negro","status":"publish","type":"product","link":"https:\/\/ajupe.com.uy\/web\/biblioteca\/hielo-negro\/","title":{"rendered":"Hielo Negro"},"content":{"rendered":"<div style=\"text-align: justify;\">Cal Moore, del departamento de narc\u00f3ticos, fue encontrado en un motel  con un tiro en la cabeza cuando estaba investigando sobre una nueva  droga de dise\u00f1o llamada &#8216;hielo negro&#8217;. Para el detective Harry Bosch, lo  importante no son los hechos aislados, sino el hilo conductor que los  mantiene unidos. Y sus averiguaciones sobre el sospechoso suicidio de  Moore parecen trazar una l\u00ednea recta entre los traficantes que merodean  por Hollywood Boulevard y los callejones m\u00e1s turbios de la frontera de  M\u00e9xico.<\/div>\n","protected":false},"excerpt":{"rendered":"<p>Cal Moore, del departamento de narc\u00f3ticos, fue encontrado en un motel con un tiro en la cabeza cuando estaba investigando sobre una nueva droga de dise\u00f1o llamada &#8216;hielo negro&#8217;.<\/p>\n","protected":false},"featured_media":3021,"template":"","meta":[],"product_brand":[384],"product_cat":[40],"product_tag":[],"class_list":{"0":"post-3020","1":"product","2":"type-product","3":"status-publish","4":"has-post-thumbnail","6":"product_brand-michael-connelly","7":"product_cat-policial","9":"first","10":"instock","11":"purchasable","12":"product-type-simple"},"featured_image_urls_v2":{"full":["https:\/\/ajupe.com.uy\/web\/wp-content\/uploads\/2016\/04\/p-3020-Hielo_Negro_4e541b1259231.jpg",115,162,false],"thumbnail":["https:\/\/ajupe.com.uy\/web\/wp-content\/uploads\/2016\/04\/p-3020-Hielo_Negro_4e541b1259231.jpg",150,150,true],"medium":["https:\/\/ajupe.com.uy\/web\/wp-content\/uploads\/2016\/04\/p-3020-Hielo_Negro_4e541b1259231.jpg",300,214,true],"medium_large":["https:\/\/ajupe.com.uy\/web\/wp-content\/uploads\/2016\/04\/p-3020-Hielo_Negro_4e541b1259231.jpg",115,162,false],"large":["https:\/\/ajupe.com.uy\/web\/wp-content\/uploads\/2016\/04\/p-3020-Hielo_Negro_4e541b1259231.jpg",115,162,false],"1536x1536":["https:\/\/ajupe.com.uy\/web\/wp-content\/uploads\/2016\/04\/p-3020-Hielo_Negro_4e541b1259231.jpg",115,162,false],"2048x2048":["https:\/\/ajupe.com.uy\/web\/wp-content\/uploads\/2016\/04\/p-3020-Hielo_Negro_4e541b1259231.jpg",115,162,false],"woocommerce_archive_thumbnail":["https:\/\/ajupe.com.uy\/web\/wp-content\/uploads\/2016\/04\/p-3020-Hielo_Negro_4e541b1259231.jpg",115,162,false],"woocommerce_thumbnail":["https:\/\/ajupe.com.uy\/web\/wp-content\/uploads\/2016\/04\/p-3020-Hielo_Negro_4e541b1259231.jpg",115,162,false],"woocommerce_single":["https:\/\/ajupe.com.uy\/web\/wp-content\/uploads\/2016\/04\/p-3020-Hielo_Negro_4e541b1259231.jpg",115,162,false],"woocommerce_gallery_thumbnail":["https:\/\/ajupe.com.uy\/web\/wp-content\/uploads\/2016\/04\/p-3020-Hielo_Negro_4e541b1259231-100x100.jpg",100,100,true]},"post_excerpt_stackable_v2":"<p>Cal Moore, del departamento de narc\u00f3ticos, fue encontrado en un motel con un tiro en la cabeza cuando estaba investigando sobre una nueva droga de dise\u00f1o llamada &#8216;hielo negro&#8217;.<\/p>\n","category_list_v2":"","author_info_v2":{"name":"","url":""},"comments_num_v2":"0 comentarios","_links":{"self":[{"href":"https:\/\/ajupe.com.uy\/web\/wp-json\/wp\/v2\/product\/3020","targetHints":{"allow":["GET"]}}],"collection":[{"href":"https:\/\/ajupe.com.uy\/web\/wp-json\/wp\/v2\/product"}],"about":[{"href":"https:\/\/ajupe.com.uy\/web\/wp-json\/wp\/v2\/types\/product"}],"wp:featuredmedia":[{"embeddable":true,"href":"https:\/\/ajupe.com.uy\/web\/wp-json\/wp\/v2\/media\/3021"}],"wp:attachment":[{"href":"https:\/\/ajupe.com.uy\/web\/wp-json\/wp\/v2\/media?parent=3020"}],"wp:term":[{"taxonomy":"product_brand","embeddable":true,"href":"https:\/\/ajupe.com.uy\/web\/wp-json\/wp\/v2\/product_brand?post=3020"},{"taxonomy":"product_cat","embeddable":true,"href":"https:\/\/ajupe.com.uy\/web\/wp-json\/wp\/v2\/product_cat?post=3020"},{"taxonomy":"product_tag","embeddable":true,"href":"https:\/\/ajupe.com.uy\/web\/wp-json\/wp\/v2\/product_tag?post=3020"}],"curies":[{"name":"wp","href":"https:\/\/api.w.org\/{rel}","templated":true}]}}