{"id":3053,"date":"2011-08-24T21:36:20","date_gmt":"2011-08-25T00:36:20","guid":{"rendered":"http:\/\/ajupe.com.uy\/web\/?post_type=product&#038;p=3053"},"modified":"2011-08-24T21:36:20","modified_gmt":"2011-08-25T00:36:20","slug":"el-hombre-de-otono","status":"publish","type":"product","link":"https:\/\/ajupe.com.uy\/web\/biblioteca\/el-hombre-de-otono\/","title":{"rendered":"El hombre de oto\u00f1o"},"content":{"rendered":"<p><em>El Hombre de Oto\u00f1o<\/em> es una carta de navegaci\u00f3n para el viaje  interno del ser, oculta en una novela psicol\u00f3gica. Mi intenci\u00f3n es  llevarte a ti, lector, por un camino que explora un mundo de  significativas coincidencias sin linealidad y otras experiencias  m\u00edsticas, donde el regocijo es la regla y la angustia la excepci\u00f3n. Las  im\u00e1genes que puede suscitar este libro transforman una existencia  mundana de lo conocido a portales de descubrimiento que afirman el amor,  la salud, y la longevidad como nuestros derechos inherentes, rescatados  de la dimensi\u00f3n del temor.<\/p>\n<p>Cuando se introduce una realidad paralela, debe ofrecer un lenguaje para establecer horizontes en el <em>campo bioinformacional<\/em> que \u00e9sta crea. Y esta realidad alternativa conocida como <em>la deriva<\/em>,  tiene portales de entrada y reglas de compromiso para accederla solo a  trav\u00e9s de una percepci\u00f3n comprimida en tiempo y espacio. Dentro los  archivos ca\u00f3ticos de <em>la deriva<\/em>, existe una sabidur\u00eda impl\u00edcita que puede ser recuperada para comprender el poder de la <em>compasi\u00f3n inclusiva<\/em>, los aspectos <em>bioculturales<\/em> de los conflictos <em>psicoespirituales<\/em> y el <em>convenio de seguridad<\/em> en un concepto de relaciones que llamo <em>centinelas del amor<\/em>.<\/p>\n<p>Aunque hay m\u00e1s que suficiente tristeza, violencia y desesperanza en  nuestro mundo moderno para durarnos una eternidad, como administradores  de nuestro libre albedrio somos due\u00f1os de la opci\u00f3n, m\u00e1s que v\u00edctimas  del azar. Los personajes arquet\u00edpicos que encontrar\u00e1n en esta novela  dentro de una novela, podr\u00edan parecer ut\u00f3picos para los ojos esc\u00e9pticos.  Pero solo son meros recordatorios de la potencial abundancia que vive  latente en nuestros dudosos corazones. Tener un sue\u00f1o, abarca la  posibilidad de vivirlo.<\/p>\n","protected":false},"excerpt":{"rendered":"<p>El Hombre de Oto\u00f1o es una carta de navegaci\u00f3n para el viaje interno del ser, oculta en una novela psicol\u00f3gica. Mi intenci\u00f3n es llevarte a ti, lector, por un camino que explora un mundo de significativas coincidencias sin linealidad y otras experiencias m\u00ed<\/p>\n","protected":false},"featured_media":3054,"template":"","meta":[],"product_brand":[1081],"product_cat":[29],"product_tag":[],"class_list":{"0":"post-3053","1":"product","2":"type-product","3":"status-publish","4":"has-post-thumbnail","6":"product_brand-mario-e-martinez","7":"product_cat-novela","9":"first","10":"instock","11":"purchasable","12":"product-type-simple"},"featured_image_urls_v2":{"full":["https:\/\/ajupe.com.uy\/web\/wp-content\/uploads\/2016\/04\/p-3053-El_hombre_de_oto_4e556ed440b8d.jpg",260,370,false],"thumbnail":["https:\/\/ajupe.com.uy\/web\/wp-content\/uploads\/2016\/04\/p-3053-El_hombre_de_oto_4e556ed440b8d.jpg",150,150,true],"medium":["https:\/\/ajupe.com.uy\/web\/wp-content\/uploads\/2016\/04\/p-3053-El_hombre_de_oto_4e556ed440b8d.jpg",300,214,true],"medium_large":["https:\/\/ajupe.com.uy\/web\/wp-content\/uploads\/2016\/04\/p-3053-El_hombre_de_oto_4e556ed440b8d.jpg",260,370,false],"large":["https:\/\/ajupe.com.uy\/web\/wp-content\/uploads\/2016\/04\/p-3053-El_hombre_de_oto_4e556ed440b8d.jpg",260,370,false],"1536x1536":["https:\/\/ajupe.com.uy\/web\/wp-content\/uploads\/2016\/04\/p-3053-El_hombre_de_oto_4e556ed440b8d.jpg",260,370,false],"2048x2048":["https:\/\/ajupe.com.uy\/web\/wp-content\/uploads\/2016\/04\/p-3053-El_hombre_de_oto_4e556ed440b8d.jpg",260,370,false],"woocommerce_archive_thumbnail":["https:\/\/ajupe.com.uy\/web\/wp-content\/uploads\/2016\/04\/p-3053-El_hombre_de_oto_4e556ed440b8d-260x300.jpg",260,300,true],"woocommerce_thumbnail":["https:\/\/ajupe.com.uy\/web\/wp-content\/uploads\/2016\/04\/p-3053-El_hombre_de_oto_4e556ed440b8d-260x300.jpg",260,300,true],"woocommerce_single":["https:\/\/ajupe.com.uy\/web\/wp-content\/uploads\/2016\/04\/p-3053-El_hombre_de_oto_4e556ed440b8d.jpg",260,370,false],"woocommerce_gallery_thumbnail":["https:\/\/ajupe.com.uy\/web\/wp-content\/uploads\/2016\/04\/p-3053-El_hombre_de_oto_4e556ed440b8d-100x100.jpg",100,100,true]},"post_excerpt_stackable_v2":"<p>El Hombre de Oto\u00f1o es una carta de navegaci\u00f3n para el viaje interno del ser, oculta en una novela psicol\u00f3gica. Mi intenci\u00f3n es llevarte a ti, lector, por un camino que explora un mundo de significativas coincidencias sin linealidad y otras experiencias m\u00ed<\/p>\n","category_list_v2":"","author_info_v2":{"name":"","url":""},"comments_num_v2":"0 comentarios","_links":{"self":[{"href":"https:\/\/ajupe.com.uy\/web\/wp-json\/wp\/v2\/product\/3053","targetHints":{"allow":["GET"]}}],"collection":[{"href":"https:\/\/ajupe.com.uy\/web\/wp-json\/wp\/v2\/product"}],"about":[{"href":"https:\/\/ajupe.com.uy\/web\/wp-json\/wp\/v2\/types\/product"}],"wp:featuredmedia":[{"embeddable":true,"href":"https:\/\/ajupe.com.uy\/web\/wp-json\/wp\/v2\/media\/3054"}],"wp:attachment":[{"href":"https:\/\/ajupe.com.uy\/web\/wp-json\/wp\/v2\/media?parent=3053"}],"wp:term":[{"taxonomy":"product_brand","embeddable":true,"href":"https:\/\/ajupe.com.uy\/web\/wp-json\/wp\/v2\/product_brand?post=3053"},{"taxonomy":"product_cat","embeddable":true,"href":"https:\/\/ajupe.com.uy\/web\/wp-json\/wp\/v2\/product_cat?post=3053"},{"taxonomy":"product_tag","embeddable":true,"href":"https:\/\/ajupe.com.uy\/web\/wp-json\/wp\/v2\/product_tag?post=3053"}],"curies":[{"name":"wp","href":"https:\/\/api.w.org\/{rel}","templated":true}]}}