{"id":3071,"date":"2011-08-30T21:49:04","date_gmt":"2011-08-31T00:49:04","guid":{"rendered":"http:\/\/ajupe.com.uy\/web\/?post_type=product&#038;p=3071"},"modified":"2011-09-16T23:13:02","modified_gmt":"2011-09-17T02:13:02","slug":"los-reyes-malditos-iv","status":"publish","type":"product","link":"https:\/\/ajupe.com.uy\/web\/biblioteca\/los-reyes-malditos-iv\/","title":{"rendered":"Los Reyes Malditos IV"},"content":{"rendered":"<div style=\"text-align: justify;\">La corona puede ir a parar a la cabeza de una ni\u00f1a de cinco a\u00f1os,  sospechosa de bastard\u00eda, hija del primer matrimonio de Luis X con  Margarita de Borgo\u00f1a. Tambi\u00e9n puede ser destinada al hijo que espera la  segunda esposa del rey fallecido, Clemencia de Hungr\u00eda. Este cuarto  volumen de la serie Los Reyes Malditos revive las luchas encarnizadas  que, para apoderarse de la regencia, librar\u00e1n tres parientes del rey  muerto: su hermano el duque de Poitiers, su t\u00edo el conde de Valois, y su  primo el duque de Borgo\u00f1a. \t\t\t\t<br \/>El conde de Poitiers recurrir\u00e1 a la \u00abley de los varones\u00bb para  justificar su derecho al trono, adapt\u00e1ndola con extraordinaria habilidad  a las circunstancias. \t\t\t\t<br \/>Maurice Druon ha sabido narrar como ning\u00fan otro las historias  secretas, las pasiones y las debilidades de ese per\u00edodo determinante de  la historia de Europa. \u00c9ste es el cuarto volumen de la serie Los Reyes  Malditos, despu\u00e9s de Los Venenos de la Corona.<\/div>\n","protected":false},"excerpt":{"rendered":"<p>Junio de 1316. Tras un corto y catastr\u00f3fico reinado, Luis X acaba de morir envenenado. Han pasado s\u00f3lo dieciocho meses de la muerte de su padre, Felipe el Hermoso. Por primera vez desde hace trescientos a\u00f1os un rey de Francia desaparece sin dejar un hered<\/p>\n","protected":false},"featured_media":3072,"template":"","meta":[],"product_brand":[1082],"product_cat":[31,29],"product_tag":[],"class_list":{"0":"post-3071","1":"product","2":"type-product","3":"status-publish","4":"has-post-thumbnail","6":"product_brand-maurice-druon","7":"product_cat-historico","8":"product_cat-novela","10":"first","11":"instock","12":"purchasable","13":"product-type-simple"},"featured_image_urls_v2":{"full":["https:\/\/ajupe.com.uy\/web\/wp-content\/uploads\/2016\/04\/p-3071-Los_Reyes_Maldit_4e5d5ad0e130f.jpg",184,290,false],"thumbnail":["https:\/\/ajupe.com.uy\/web\/wp-content\/uploads\/2016\/04\/p-3071-Los_Reyes_Maldit_4e5d5ad0e130f.jpg",150,150,true],"medium":["https:\/\/ajupe.com.uy\/web\/wp-content\/uploads\/2016\/04\/p-3071-Los_Reyes_Maldit_4e5d5ad0e130f.jpg",300,214,true],"medium_large":["https:\/\/ajupe.com.uy\/web\/wp-content\/uploads\/2016\/04\/p-3071-Los_Reyes_Maldit_4e5d5ad0e130f.jpg",184,290,false],"large":["https:\/\/ajupe.com.uy\/web\/wp-content\/uploads\/2016\/04\/p-3071-Los_Reyes_Maldit_4e5d5ad0e130f.jpg",184,290,false],"1536x1536":["https:\/\/ajupe.com.uy\/web\/wp-content\/uploads\/2016\/04\/p-3071-Los_Reyes_Maldit_4e5d5ad0e130f.jpg",184,290,false],"2048x2048":["https:\/\/ajupe.com.uy\/web\/wp-content\/uploads\/2016\/04\/p-3071-Los_Reyes_Maldit_4e5d5ad0e130f.jpg",184,290,false],"woocommerce_archive_thumbnail":["https:\/\/ajupe.com.uy\/web\/wp-content\/uploads\/2016\/04\/p-3071-Los_Reyes_Maldit_4e5d5ad0e130f.jpg",184,290,false],"woocommerce_thumbnail":["https:\/\/ajupe.com.uy\/web\/wp-content\/uploads\/2016\/04\/p-3071-Los_Reyes_Maldit_4e5d5ad0e130f.jpg",184,290,false],"woocommerce_single":["https:\/\/ajupe.com.uy\/web\/wp-content\/uploads\/2016\/04\/p-3071-Los_Reyes_Maldit_4e5d5ad0e130f.jpg",184,290,false],"woocommerce_gallery_thumbnail":["https:\/\/ajupe.com.uy\/web\/wp-content\/uploads\/2016\/04\/p-3071-Los_Reyes_Maldit_4e5d5ad0e130f-100x100.jpg",100,100,true]},"post_excerpt_stackable_v2":"<p>Junio de 1316. Tras un corto y catastr\u00f3fico reinado, Luis X acaba de morir envenenado. Han pasado s\u00f3lo dieciocho meses de la muerte de su padre, Felipe el Hermoso. Por primera vez desde hace trescientos a\u00f1os un rey de Francia desaparece sin dejar un hered<\/p>\n","category_list_v2":"","author_info_v2":{"name":"","url":""},"comments_num_v2":"0 comentarios","_links":{"self":[{"href":"https:\/\/ajupe.com.uy\/web\/wp-json\/wp\/v2\/product\/3071","targetHints":{"allow":["GET"]}}],"collection":[{"href":"https:\/\/ajupe.com.uy\/web\/wp-json\/wp\/v2\/product"}],"about":[{"href":"https:\/\/ajupe.com.uy\/web\/wp-json\/wp\/v2\/types\/product"}],"wp:featuredmedia":[{"embeddable":true,"href":"https:\/\/ajupe.com.uy\/web\/wp-json\/wp\/v2\/media\/3072"}],"wp:attachment":[{"href":"https:\/\/ajupe.com.uy\/web\/wp-json\/wp\/v2\/media?parent=3071"}],"wp:term":[{"taxonomy":"product_brand","embeddable":true,"href":"https:\/\/ajupe.com.uy\/web\/wp-json\/wp\/v2\/product_brand?post=3071"},{"taxonomy":"product_cat","embeddable":true,"href":"https:\/\/ajupe.com.uy\/web\/wp-json\/wp\/v2\/product_cat?post=3071"},{"taxonomy":"product_tag","embeddable":true,"href":"https:\/\/ajupe.com.uy\/web\/wp-json\/wp\/v2\/product_tag?post=3071"}],"curies":[{"name":"wp","href":"https:\/\/api.w.org\/{rel}","templated":true}]}}